{"id":1620,"date":"2018-11-14T13:57:24","date_gmt":"2018-11-14T12:57:24","guid":{"rendered":"https:\/\/phiessences.com\/Romania\/?post_type=product&#038;p=1620"},"modified":"2025-12-31T12:12:22","modified_gmt":"2025-12-31T10:12:22","slug":"dill-marar","status":"publish","type":"product","link":"https:\/\/esentevibrationale.com\/?product=dill-marar","title":{"rendered":"24.) Dill \/ M\u0103rar"},"content":{"rendered":"<p><strong>(Anethus graveolens)<\/strong><\/p>\n<p><em>M\u0103rarul este folosit \u00een buc\u0103t\u0103rie ca \u0219i condiment \u00eenc\u0103 din timpurile antice, fiind men\u021bionat \u0219i \u00een Biblie. Este originar din sudul Rusiei \u0219i din bazinul Mediteraneean. Ajunge p\u00e2n\u0103 la 1.20 m \u00een\u0103l\u021bime \u0219i are o tulpin\u0103 \u00eenalt\u0103 \u0219i alb\u0103struie. Florile sale umbelifere, galbene, \u00eenfloresc \u00eentre lunile iunie-iulie. Florile \u0219i fructele sunt folosite \u00een medicina naturist\u0103 pentru a trata problemele digestive \u0219i s\u0103 stimuleze lacta\u021bia dup\u0103 na\u0219tere la femei.<\/em><\/p>\n<p><strong><em>Efectul Esen\u021bei: <\/em><\/strong>Esen\u021ba M\u0103rarului este ideal\u0103 pentru copiii cople\u0219i\u021bi (dar \u0219i pentru adul\u021bi) \u0219i atunci c\u00e2nd c\u0103l\u0103torim. Ne ajut\u0103 s\u0103 accept\u0103m \u0219i s\u0103 proces\u0103m cantit\u0103\u021bi mari de impresii \u0219i experien\u021be diferite.<\/p>\n<p><strong><em>Efectul Esen\u021bei la Nivel Fizic: <\/em><\/strong>C\u00e2nd sim\u021bim amenin\u021barea c\u0103 ced\u0103m vitezei vie\u021bii, aceast\u0103 stare se poate manifesta \u00een diverse moduri: reac\u021bion\u0103m nervo\u0219i, cu furie \u0219i nervozitate \u0219i ne sim\u021bim pierdu\u021bi. C\u00e2nd cineva se teme de \u00eemb\u0103tr\u00e2nire, de moarte, de menopauz\u0103, de sarcin\u0103, etc. \u0219i aceste temeri se pot manifesta \u0219i \u00een planul fizic. Aici esen\u021ba ne sus\u021bine s\u0103 ne reg\u0103sim drumul \u00een armonie \u0219i s\u0103 ne pred\u0103m fluxului vie\u021bii f\u0103r\u0103 team\u0103. Capacitatea noastr\u0103 de a d\u0103rui &#8222;hran\u0103&#8221; psihologic\u0103, experien\u021ba, informa\u021biile \u0219i stimulii, care trebuie absorbi\u021bi \u0219i prelucra\u021bi evolueaz\u0103.<\/p>\n<p><strong><em>Efectul Esen\u021bei la Nivel Emo\u021bional: <\/em><\/strong>Esen\u021ba poate avea un efect de echilibrare c\u00e2nd ne sim\u021bim neajutora\u021bi sau confuzi de situa\u021biile \u00een care se cere mult de la noi. Ne permite s\u0103 ne lini\u0219tim \u0219i s\u0103 ne sim\u021bim for\u021ba interioar\u0103. O putem folosi pentru stresul temporar, de exemplu: preg\u0103tirea pentru un examen, c\u00e2nd c\u0103l\u0103torim, c\u00e2nd ne confrunt\u0103m cu provoc\u0103ri profesionale sau c\u00e2nd evenimentele negative din via\u021ba de familie nu vor s\u0103 se mai \u00eencheie.<\/p>\n<p><strong><em>Efectul Esen\u021bei la Nivel Mental: <\/em><\/strong>Elibereaz\u0103 mintea, promoveaz\u0103 claritatea mental\u0103, transmite vioiciune \u0219i o perspectiv\u0103 relaxat\u0103 asupra vie\u021bii. Cu esen\u021ba ne putem pune \u00een situa\u021bii care necesit\u0103 concentrare \u0219i senin\u0103tate \u00een mijlocul multor influen\u021be. Putem reduce temerile fa\u021b\u0103 de necunoscut, sentimentele de suprasaturare \u0219i autolimitare \u0219i putem lua diversitatea vie\u021bii cu mai mult\u0103 bucurie.<\/p>\n<p><strong><em>Efectul Esen\u021bei la Nivel Spiritual: <\/em><\/strong>Esen\u021ba ne va permite s\u0103 percepem diferitele fa\u021bete ale vie\u021bii pe plan spiritual \u0219i s\u0103 ne \u00eenve\u021be s\u0103 distingem \u0219i s\u0103 profit\u0103m de cuno\u0219tin\u021bele potrivite \u00een cadrul acestei diversit\u0103\u021bi. Vom experimenta un sentiment de plenitudine, de unire cu toate \u0219i, \u00een acela\u0219i timp, libertatea.<\/p>\n<p><strong><em>Afirma\u021bia: <\/em><\/strong>Sunt gata s\u0103 am experien\u021be noi \u0219i s\u0103 \u00eemi procesez impresiile.<\/p>\n","protected":false},"excerpt":{"rendered":"<p><strong>\u00a0<\/strong><\/p>\n<p>&nbsp;<\/p>\n","protected":false},"featured_media":13162,"template":"","meta":[],"product_brand":[],"product_cat":[45],"product_tag":[],"class_list":{"0":"post-1620","1":"product","2":"type-product","3":"status-publish","4":"has-post-thumbnail","6":"product_cat-esente-de-flori-salbatice","7":"pa_size-15ml","8":"pa_size-30ml","10":"first","11":"instock","12":"shipping-taxable","13":"purchasable","14":"product-type-variable","15":"has-default-attributes"},"_links":{"self":[{"href":"https:\/\/esentevibrationale.com\/index.php?rest_route=\/wp\/v2\/product\/1620","targetHints":{"allow":["GET"]}}],"collection":[{"href":"https:\/\/esentevibrationale.com\/index.php?rest_route=\/wp\/v2\/product"}],"about":[{"href":"https:\/\/esentevibrationale.com\/index.php?rest_route=\/wp\/v2\/types\/product"}],"wp:featuredmedia":[{"embeddable":true,"href":"https:\/\/esentevibrationale.com\/index.php?rest_route=\/wp\/v2\/media\/13162"}],"wp:attachment":[{"href":"https:\/\/esentevibrationale.com\/index.php?rest_route=%2Fwp%2Fv2%2Fmedia&parent=1620"}],"wp:term":[{"taxonomy":"product_brand","embeddable":true,"href":"https:\/\/esentevibrationale.com\/index.php?rest_route=%2Fwp%2Fv2%2Fproduct_brand&post=1620"},{"taxonomy":"product_cat","embeddable":true,"href":"https:\/\/esentevibrationale.com\/index.php?rest_route=%2Fwp%2Fv2%2Fproduct_cat&post=1620"},{"taxonomy":"product_tag","embeddable":true,"href":"https:\/\/esentevibrationale.com\/index.php?rest_route=%2Fwp%2Fv2%2Fproduct_tag&post=1620"}],"curies":[{"name":"wp","href":"https:\/\/api.w.org\/{rel}","templated":true}]}}