{"id":1624,"date":"2018-11-14T14:12:23","date_gmt":"2018-11-14T13:12:23","guid":{"rendered":"https:\/\/phiessences.com\/Romania\/?post_type=product&#038;p=1624"},"modified":"2025-12-31T12:14:15","modified_gmt":"2025-12-31T10:14:15","slug":"orange-lily-crinul-portocaliu","status":"publish","type":"product","link":"https:\/\/esentevibrationale.com\/?product=orange-lily-crinul-portocaliu","title":{"rendered":"25.) Orange Lily \/ Crinul Portocaliu"},"content":{"rendered":"<p><strong>(Lilium bulbiferum) <\/strong><\/p>\n<p><em>Cu<\/em> <em>cel<\/em> <em>pu\u021bin<\/em> <em>3000<\/em> <em>de<\/em> <em>ani<\/em> <em>\u00een urm\u0103, Crinul era o floare apreciat \u00een Egiptul antic, Grecia, Roma \u0219i Asia. \u00cen acele timpuri existau c\u00e2teva variet\u0103\u021bi de crini, \u00een zilele noastre exist\u0103 aproape 90 de tipuri, majoritatea fiind rezistente la vremea rece. Un Crin care este \u00een special atractiv \u0219i originar din bazinul Mediteraneean este Crinul Ro\u0219u sau Crinul de Foc. Cu florile sale de culoare portocaliu aprins \u0219i cu un parfumul s\u0103u tipic capteaz\u0103 admira\u021bia f\u0103r\u0103 niciun efort.<\/em><\/p>\n<p><strong><em>Efectul Esen\u021bei: <\/em><\/strong>Esen\u021ba Crinului Ro\u0219u \/ Portocaliu stimuleaz\u0103 for\u021ba creativ\u0103 \u0219i ne ajut\u0103 s\u0103 conducem companii mari. Conecteaz\u0103 Chakrele a-2-a \u0219i a-4-a \u0219i face ca energia s\u0103 curg\u0103 \u00een noi.<\/p>\n<p><strong><em>Efectul Esen\u021bei la Nivel Fizic: <\/em><\/strong>Aceast\u0103 esen\u021b\u0103 ajut\u0103 din punct de vedere energetic \u00een cazul tensiunilor \u0219i disconfortului organelor abdominale. Provoac\u0103 un flux mare \u0219i cald de energie, care curge prin \u00eentregul corp, \u00een m\u00e2ini \u0219i \u00een picioare \u0219i le pune \u00een centru aten\u021biei. Sentimentele de lips\u0103 de ac\u021biune se disip\u0103, lucru care aduce echilibru \u00eentregului organism. \u00cen timpul terapiei cu radia\u021bii \u0219i dup\u0103 aceasta, esen\u021ba ne protejeaz\u0103 \u0219i \u00eent\u0103re\u0219te ap\u0103rarea corpului la nivel energetic. \u00cei ajut\u0103 pe cei care lucreaz\u0103 \u00een domeniul terapeutic s\u0103 dea for\u021b\u0103 \u0219i iubire prin m\u00e2inile lor.<\/p>\n<p><strong><em>Efectul Esen\u021bei la Nivel Emo\u021bional: <\/em><\/strong>\u00cen special, energia esen\u021bei activeaz\u0103 Chakerele a-2-a \u0219i a-4-a \u0219i astfel, zona sexual\u0103 \u0219i cea a inimii. Sentimentele sexuale pot fi exprimate prin inim\u0103 partenerului, printr-o leg\u0103tur\u0103 intim\u0103. Ajut\u0103 adolescen\u021bii s\u0103 \u00ee\u0219i de- p\u0103\u0219easc\u0103 frica de prima experien\u021b\u0103 sexual\u0103.<\/p>\n<p>Esen\u021ba treze\u0219te o alt\u0103 form\u0103 de exprimare a creativit\u0103\u021bii \u0219i a for\u021bei noastre. Forma de calice a Crinului simbolizeaz\u0103 deja dorin\u021ba de deschidere, de a absorbi energia \u0219i de a o canaliza. Astfel, esen\u021ba este de mare ajutor dac\u0103 avem multe idei \u0219i dorin\u021ba de a ob\u021bine ceva special \u00een via\u021b\u0103, dar lipse\u0219te pruden\u021ba \u0219i direc\u021bia. Efectul intens al esen\u021bei este recomandat copiilor hiperactivi, li se echilibreaz\u0103 emo\u021biile \u0219i se pot ocupa bine de un singur lucru.<\/p>\n<p><strong><em>Efectul Esen\u021bei la Nivel Mental: <\/em><\/strong>Esen\u021ba ne ajut\u0103 s\u0103 ne folosim energia interioar\u0103 pentru creativitate \u0219i idei suprimate \u0219i \u00eent\u0103re\u0219te preg\u0103tirea mental\u0103 \u00een acest sens. Puterea creatoare promovat\u0103 creeaz\u0103 un echilibru \u00eentre preg\u0103tirea mental\u0103 \u0219i realizarea activ\u0103.<\/p>\n<p><strong><em>Efectul Esen\u021bei la Nivel Spiritual: <\/em><\/strong>Esen\u021ba ne face con\u0219tien\u021bi de energiile noastre mari \u0219i \u00eenv\u0103\u021b\u0103m s\u0103 le trat\u0103m \u00eentr-un mod creativ \u0219i constructiv. Ne sim\u021bim conecta\u021bi la plin\u0103tatea cosmic\u0103 \u0219i d\u0103m \u0219i lu\u0103m energie.<\/p>\n<p><strong><em>Afirma\u021bia: <\/em><\/strong>\u00cemi proiectez via\u021ba plin\u0103 de energie \u0219i entuziasm.<\/p>\n","protected":false},"excerpt":{"rendered":"<p><strong>\u00a0<\/strong><\/p>\n<p>&nbsp;<\/p>\n","protected":false},"featured_media":1625,"template":"","meta":[],"product_brand":[],"product_cat":[45],"product_tag":[],"class_list":{"0":"post-1624","1":"product","2":"type-product","3":"status-publish","4":"has-post-thumbnail","6":"product_cat-esente-de-flori-salbatice","7":"pa_size-15ml","8":"pa_size-30ml","10":"first","11":"instock","12":"shipping-taxable","13":"purchasable","14":"product-type-variable","15":"has-default-attributes"},"_links":{"self":[{"href":"https:\/\/esentevibrationale.com\/index.php?rest_route=\/wp\/v2\/product\/1624","targetHints":{"allow":["GET"]}}],"collection":[{"href":"https:\/\/esentevibrationale.com\/index.php?rest_route=\/wp\/v2\/product"}],"about":[{"href":"https:\/\/esentevibrationale.com\/index.php?rest_route=\/wp\/v2\/types\/product"}],"wp:featuredmedia":[{"embeddable":true,"href":"https:\/\/esentevibrationale.com\/index.php?rest_route=\/wp\/v2\/media\/1625"}],"wp:attachment":[{"href":"https:\/\/esentevibrationale.com\/index.php?rest_route=%2Fwp%2Fv2%2Fmedia&parent=1624"}],"wp:term":[{"taxonomy":"product_brand","embeddable":true,"href":"https:\/\/esentevibrationale.com\/index.php?rest_route=%2Fwp%2Fv2%2Fproduct_brand&post=1624"},{"taxonomy":"product_cat","embeddable":true,"href":"https:\/\/esentevibrationale.com\/index.php?rest_route=%2Fwp%2Fv2%2Fproduct_cat&post=1624"},{"taxonomy":"product_tag","embeddable":true,"href":"https:\/\/esentevibrationale.com\/index.php?rest_route=%2Fwp%2Fv2%2Fproduct_tag&post=1624"}],"curies":[{"name":"wp","href":"https:\/\/api.w.org\/{rel}","templated":true}]}}