{"id":1628,"date":"2018-11-14T14:24:03","date_gmt":"2018-11-14T13:24:03","guid":{"rendered":"https:\/\/phiessences.com\/Romania\/?post_type=product&#038;p=1628"},"modified":"2025-12-31T12:15:36","modified_gmt":"2025-12-31T10:15:36","slug":"daisy-margareta","status":"publish","type":"product","link":"https:\/\/esentevibrationale.com\/?product=daisy-margareta","title":{"rendered":"26.) Daisy \/ Margaret\u0103"},"content":{"rendered":"<p><strong>\u00a0(Bellis perennis) <\/strong><\/p>\n<p><em>Margareta este o plant\u0103 larg r\u0103sp\u00e2ndit\u0103 apar\u021bin\u00e2nd familiei Asteraceae fiind originar\u0103 din Europa \u0219i Asia. Locurile sale preferate sunt paji\u0219tile \u0219i parcelele de iarb\u0103 t\u0103iat\u0103. Din punctul central al frunzelor sale cre\u0219te tulpina \u00eencununat\u0103 cu o floare \u00een form\u0103 de stea cu petale albe \u0219i centru galben. Aceste flori \u00eenfloresc de prim\u0103vara p\u00e2n\u0103 toamna \u00een timpul zilei \u0219i se \u00eentorc pe calea soarelui p\u00e2n\u0103 se \u00eenchid din nou dup\u0103 &#8211; amiaza.<\/em><\/p>\n<p><strong><em>Efectul Esen\u021bei: <\/em><\/strong>Esen\u021ba Margaretei ne ajut\u0103 s\u0103 ne aducem mai multe tipuri de g\u00e2nduri &#8222;sub acela\u0219i acoperi\u0219&#8221;. Promoveaz\u0103 abilit\u0103\u021bile de sintez\u0103 \u0219i se recomand\u0103 copiilor \u0219i adul\u021bilor pentru a sintetiza \u00een timpul procesului de \u00eenv\u0103\u021bare, totodat\u0103, ajut\u0103 la g\u0103sirea locului potrivit.<\/p>\n<p><strong><em>Efectul Esen\u021bei la Nivel Fizic: <\/em><\/strong>Din punct de vedere energetic, esen\u021ba integreaz\u0103 toate acele afec\u021biuni corporale care rezult\u0103 din nelini\u0219tea interioar\u0103, nemul\u021bumiri, supra\u00eenc\u0103rc\u0103ri, care la r\u00e2ndul lor \u00ee\u0219i au originea \u00eentr-o avalan\u0219\u0103 de informa\u021bii. Oferind echilibru interior, vom putea s\u0103 integr\u0103m influen\u021bele diferite \u0219i s\u0103 elimin\u0103m stresul. Este recomandat\u0103 \u00een cazul ticurilor copil\u0103re\u0219ti, copiilor care urineaz\u0103 noaptea \u00een pat, care au probleme de concentrare \u0219i de \u00eenv\u0103\u021bare.<\/p>\n<p><strong><em>Efectul Esen\u021bei la Nivel Emo\u021bional: <\/em><\/strong>Esen\u021ba Margaretei ne ajut\u0103 s\u0103 \u00een\u021belegem sentimentele \u0219i interac\u021biunilor celorlal\u021bi. Ne va sprijini s\u0103 ne g\u0103sim locul printre semenii no\u0219tri cu \u00eencredere \u0219i curaj. Cu un sentiment bun, ne rec\u0103p\u0103tam propria identitate \u00een orice mediu, f\u0103c\u00e2nd parte din \u00eentreg. Acum putem analiza problemele cu con\u0219tientizare extins\u0103 \u0219i s\u0103 g\u0103sim solu\u021bii practice. Putem \u00eenv\u0103\u021ba din gre\u0219elile din trecut sau din rela\u021biile sau parteneriatele interumane pentru a evita repetarea. Esen\u021ba este util\u0103 copiilor care sunt expu\u0219i conflictelor familiale \u0219i nu se pot orienta \u00eentr-un mediu \u00een care exist\u0103 numeroase referin\u021be ale persoanelor din jurul lor.<\/p>\n<p><strong><em>Efectul Esen\u021bei la Nivel Mental: <\/em><\/strong>Esen\u021ba Margaretei poate fi recomandat\u0103 persoane- lor care au nevoie de ajutor pentru a se organiza \u00een plan mental. Ca urmare a efectului s\u0103u, care stimuleaz\u0103 concentrarea, ne ajut\u0103 mintea s\u0103 integreze informa\u021bia, astfel ajunge la noi to\u021bi \u0219i ne unific\u0103 \u00eentr-un \u00eentreg. Profesorii, studen\u021bii, \u0219colarii, scriitorii \u0219i cei care planific\u0103 un proiect sunt impulsiona\u021bi de esen\u021b\u0103.<\/p>\n<p><strong><em>Efectul Esen\u021bei la Nivel Spiritual: <\/em><\/strong>Cu esen\u021ba sporim at\u00e2t sim\u021bul detaliilor c\u00e2t \u0219i imaginea de ansamblul. Ne vom tr\u0103i via\u021ba din puterea personal\u0103 \u00een prezent \u0219i din contopirea cu ordinea superioar\u0103, f\u0103r\u0103 timp \u0219i spa\u021biu.<\/p>\n<p><strong><em>Afirma\u021bia: <\/em><\/strong>Sunt gata s\u0103 \u00eemi continui via\u021ba.<\/p>\n","protected":false},"excerpt":{"rendered":"<p>\u00a0(Bellis perennis) Margareta este o plant\u0103 larg r\u0103sp\u00e2ndit\u0103 apar\u021bin\u00e2nd familiei Asteraceae fiind originar\u0103 din Europa \u0219i Asia. Locurile sale preferate sunt paji\u0219tile \u0219i parcelele de iarb\u0103 t\u0103iat\u0103. Din punctul central al frunzelor sale cre\u0219te tulpina \u00eencununat\u0103 cu o floare \u00een form\u0103 de stea cu petale albe \u0219i centru galben. Aceste flori \u00eenfloresc de prim\u0103vara p\u00e2n\u0103 &hellip; <a href=\"https:\/\/esentevibrationale.com\/?product=daisy-margareta\" class=\"more-link\">Continu\u0103 lectura <span class=\"screen-reader-text\">26.) Daisy \/ Margaret\u0103<\/span> <span class=\"meta-nav\">&rarr;<\/span><\/a><\/p>\n","protected":false},"featured_media":1631,"template":"","meta":[],"product_brand":[],"product_cat":[45],"product_tag":[],"class_list":{"0":"post-1628","1":"product","2":"type-product","3":"status-publish","4":"has-post-thumbnail","6":"product_cat-esente-de-flori-salbatice","7":"pa_size-15ml","8":"pa_size-30ml","10":"first","11":"instock","12":"shipping-taxable","13":"purchasable","14":"product-type-variable","15":"has-default-attributes"},"_links":{"self":[{"href":"https:\/\/esentevibrationale.com\/index.php?rest_route=\/wp\/v2\/product\/1628","targetHints":{"allow":["GET"]}}],"collection":[{"href":"https:\/\/esentevibrationale.com\/index.php?rest_route=\/wp\/v2\/product"}],"about":[{"href":"https:\/\/esentevibrationale.com\/index.php?rest_route=\/wp\/v2\/types\/product"}],"wp:featuredmedia":[{"embeddable":true,"href":"https:\/\/esentevibrationale.com\/index.php?rest_route=\/wp\/v2\/media\/1631"}],"wp:attachment":[{"href":"https:\/\/esentevibrationale.com\/index.php?rest_route=%2Fwp%2Fv2%2Fmedia&parent=1628"}],"wp:term":[{"taxonomy":"product_brand","embeddable":true,"href":"https:\/\/esentevibrationale.com\/index.php?rest_route=%2Fwp%2Fv2%2Fproduct_brand&post=1628"},{"taxonomy":"product_cat","embeddable":true,"href":"https:\/\/esentevibrationale.com\/index.php?rest_route=%2Fwp%2Fv2%2Fproduct_cat&post=1628"},{"taxonomy":"product_tag","embeddable":true,"href":"https:\/\/esentevibrationale.com\/index.php?rest_route=%2Fwp%2Fv2%2Fproduct_tag&post=1628"}],"curies":[{"name":"wp","href":"https:\/\/api.w.org\/{rel}","templated":true}]}}