{"id":1632,"date":"2018-11-14T14:32:12","date_gmt":"2018-11-14T13:32:12","guid":{"rendered":"https:\/\/phiessences.com\/Romania\/?post_type=product&#038;p=1632"},"modified":"2025-12-31T12:17:07","modified_gmt":"2025-12-31T10:17:07","slug":"chamomile-musetel","status":"publish","type":"product","link":"https:\/\/esentevibrationale.com\/?product=chamomile-musetel","title":{"rendered":"27.) Chamomile \/ Mu\u015fe\u0163el"},"content":{"rendered":"<p><strong>(Matricaria chamomilla) <\/strong><\/p>\n<p><em>Aceast\u0103 plant\u0103 aromatic\u0103, anual\u0103 este foarte cunoscut\u0103 pentru propriet\u0103\u021bile sale medicinale versatile, fiind utilizat\u0103 la scar\u0103 larg\u0103. Este originar\u0103 din Europa \u0219i vestul Asiei. O g\u0103sim \u00een c\u00e2mpurile de cereale, pe marginea drumurilor \u0219i \u00een pustiet\u0103\u021bi. Florile sale cu petale albe \u0219i centru galben sunt \u00een form\u0103 de stea \u0219i \u00eenfloresc \u00eentre lunile iunie \u0219i octombrie oferind o mireasm\u0103 intens\u0103.<\/em><\/p>\n<p><strong><em>Efectul Esen\u021bei: <\/em><\/strong>Esen\u021ba Mu\u0219e\u021belului are un efect calmant asupra noastr\u0103 mai ales asupra persoanelor care se confrunt\u0103 rapid \u0219i au probleme \u00een a se calma. Reduce tensiunile \u0219i ne sprijin\u0103 s\u0103 ne reg\u0103sim \u00een noi \u00een\u0219ine pacea interioar\u0103 pentru a ne rec\u00e2\u0219tiga for\u021ba.<\/p>\n<p><strong><em>Efectul Esen\u021bei la Nivel Fizic: <\/em><\/strong>Peroanele agitate care sunt dominate de nervi, adesea sunt atrase de esen\u021ba Mu\u0219e\u021belului. Aceasta ajut\u0103 la compensarea tulbur\u0103rilor fizice \u0219i psihice care apar datorit\u0103 tensiunilor interioare. Este recomandat\u0103 combina\u021bia cu esen\u021ba M\u0103rarului P\u0103dure\u021b (Crab Apple) copiilor, care sunt expu\u0219i la stimuli excesivi, c\u0103l\u0103toresc sau trebuie s\u0103 fac\u0103 fa\u021b\u0103 unei situa\u021bii de via\u021b\u0103 noi.<\/p>\n<p><strong><em>Efectul Esen\u021bei la Nivel Emo\u021bional: <\/em><\/strong>Aceast\u0103 esen\u021b\u0103 treze\u0219te urm\u0103toarele calit\u0103\u021bi: obiectivitatea \u0219i calmul emo\u021bional. Hr\u0103ne\u0219te capacitatea de a renun\u021ba la tensiunile care atac\u0103 stomacul \u00een special. Este indicat\u0103 persoanelor predispuse la furie \u0219i le este foarte greu s\u0103 se calmeze \u0219i acelora care sufer\u0103 de insomnie. Totodat\u0103, esen\u021ba este foarte practic\u0103 \u00een cazul copiilor care sufer\u0103 de ADHD (hiperactivitate) \u0219i sensibilitate. Pentru ei devine o surs\u0103 de echilibru, care va preveni schimb\u0103rile bru\u0219te de dispozi\u021bie \u0219i reac\u021biile extreme la nivel emo\u021bional. \u00cei ajut\u0103 pe copiii nervo\u0219i s\u0103 doarm\u0103.<\/p>\n<p><strong><em>Efectul Esen\u021bei la Nivel Mental: <\/em><\/strong>Esen\u021b\u0103 ne ajut\u0103 s\u0103 ne g\u0103sim pacea interioar\u0103 \u00een vremuri furtunoase. Ne vom selecta g\u00e2ndurile cu serenitate \u0219i le vom folosi \u00een siguran\u021b\u0103. Ne putem ocupa mai bine de g\u00e2ndurile de furie \u0219i de conflict, \u00een timp ce vom observa tendin\u021ba noastr\u0103 de a avea ultimul cuv\u00e2nt \u0219i astfel, vom fi mai deschi\u0219i \u0219i la opiniilor celorlal\u021bi.<\/p>\n<p><strong><em>Efectul Esen\u021bei la Nivel Spiritual: <\/em><\/strong>Prin intermediul esen\u021bei vom descoperi partea noastr\u0103 calm\u0103, care ne va permite s\u0103 ne deta\u0219\u0103m de tot ceea ce se afl\u0103 \u00een exterior. Cufunda\u021bi \u00een aceast\u0103 senin\u0103tate, vom putea percepe intui\u021bia noastr\u0103 \u0219i vocea interioar\u0103 cu mai mult\u0103 claritate \u0219i ne vom l\u0103sa purta\u021bi de val. Asemenea aspecte pot fi intensificate \u00een medita\u021bie.<\/p>\n<p><strong><em>Afirma\u021bia: <\/em><\/strong>Sunt precaut\/\u0103 \u0219i reac\u021bionez cu serenitate.<\/p>\n","protected":false},"excerpt":{"rendered":"<p>(Matricaria chamomilla) Aceast\u0103 plant\u0103 aromatic\u0103, anual\u0103 este foarte cunoscut\u0103 pentru propriet\u0103\u021bile sale medicinale versatile, fiind utilizat\u0103 la scar\u0103 larg\u0103. Este originar\u0103 din Europa \u0219i vestul Asiei. O g\u0103sim \u00een c\u00e2mpurile de cereale, pe marginea drumurilor \u0219i \u00een pustiet\u0103\u021bi. Florile sale cu petale albe \u0219i centru galben sunt \u00een form\u0103 de stea \u0219i \u00eenfloresc \u00eentre lunile &hellip; <a href=\"https:\/\/esentevibrationale.com\/?product=chamomile-musetel\" class=\"more-link\">Continu\u0103 lectura <span class=\"screen-reader-text\">27.) Chamomile \/ Mu\u015fe\u0163el<\/span> <span class=\"meta-nav\">&rarr;<\/span><\/a><\/p>\n","protected":false},"featured_media":13163,"template":"","meta":[],"product_brand":[],"product_cat":[45],"product_tag":[],"class_list":{"0":"post-1632","1":"product","2":"type-product","3":"status-publish","4":"has-post-thumbnail","6":"product_cat-esente-de-flori-salbatice","7":"pa_size-15ml","8":"pa_size-30ml","10":"first","11":"instock","12":"shipping-taxable","13":"purchasable","14":"product-type-variable","15":"has-default-attributes"},"_links":{"self":[{"href":"https:\/\/esentevibrationale.com\/index.php?rest_route=\/wp\/v2\/product\/1632","targetHints":{"allow":["GET"]}}],"collection":[{"href":"https:\/\/esentevibrationale.com\/index.php?rest_route=\/wp\/v2\/product"}],"about":[{"href":"https:\/\/esentevibrationale.com\/index.php?rest_route=\/wp\/v2\/types\/product"}],"wp:featuredmedia":[{"embeddable":true,"href":"https:\/\/esentevibrationale.com\/index.php?rest_route=\/wp\/v2\/media\/13163"}],"wp:attachment":[{"href":"https:\/\/esentevibrationale.com\/index.php?rest_route=%2Fwp%2Fv2%2Fmedia&parent=1632"}],"wp:term":[{"taxonomy":"product_brand","embeddable":true,"href":"https:\/\/esentevibrationale.com\/index.php?rest_route=%2Fwp%2Fv2%2Fproduct_brand&post=1632"},{"taxonomy":"product_cat","embeddable":true,"href":"https:\/\/esentevibrationale.com\/index.php?rest_route=%2Fwp%2Fv2%2Fproduct_cat&post=1632"},{"taxonomy":"product_tag","embeddable":true,"href":"https:\/\/esentevibrationale.com\/index.php?rest_route=%2Fwp%2Fv2%2Fproduct_tag&post=1632"}],"curies":[{"name":"wp","href":"https:\/\/api.w.org\/{rel}","templated":true}]}}