{"id":1636,"date":"2018-11-14T14:37:30","date_gmt":"2018-11-14T13:37:30","guid":{"rendered":"https:\/\/phiessences.com\/Romania\/?post_type=product&#038;p=1636"},"modified":"2025-12-31T12:18:35","modified_gmt":"2025-12-31T10:18:35","slug":"bistort-raculet","status":"publish","type":"product","link":"https:\/\/esentevibrationale.com\/?product=bistort-raculet","title":{"rendered":"28.) Bistort \/ R\u0103cule\u0163"},"content":{"rendered":"<p><strong>(Polygonum bistorta) <\/strong><\/p>\n<p><em>Pornind de la un rizom subteran R\u0103cule\u021bul apare prim\u0103vara, \u00eenflore\u0219te \u00een timpul verii, florile sale sunt roz deschis, nu au petale, au form\u0103 unui v\u00e2rf \u0219i sunt situate la cap\u0103tul tulpinii. Aceast\u0103 plant\u0103 este originar\u0103 din Europa \u0219i poate fi g\u0103sit\u0103 pe solurile umede, paji\u0219ti \u00eenalte, l\u00e2ng\u0103 ap\u0103 sau \u00een p\u0103duri mixte. Cu ajutorul r\u0103d\u0103cinilor sale este elaborat un produs care ajut\u0103 \u00een caz de diaree, hemoroizilor \u0219i al s\u00e2nger\u0103rii interne.<\/em><\/p>\n<p><strong><em>Efectul Esen\u021bei: <\/em><\/strong>Esen\u021ba R\u0103cule\u021bului ajut\u0103 persoanele care au tendin\u021ba s\u0103 fie \u00een mai multe p\u0103r\u021bi cu g\u00e2ndirea lor, \u00een acela\u0219i timp. Astfel, ajut\u0103 oamenii s\u0103 fie prezen\u021bi \u0219i s\u0103 se centreze \u0219i sa se concentreze.<\/p>\n<p><strong><em>Efectul Esen\u021bei la Nivel Fizic: <\/em><\/strong>Subiectul problemei fizice se afl\u0103 adesea ad\u00e2nc \u00eenr\u0103d\u0103cinat \u00een suflet, de exemplu: o ran\u0103 care a mers at\u00e2t de ad\u00e2nc, \u00eenc\u00e2t am decis s\u0103 uit\u0103m s\u0103 mai avem grij\u0103 de noi. Adesea simptomele fizice apar ca tulbur\u0103ri digestive. Esen\u021ba R\u0103cule\u021bului ne ajut\u0103 la nivel energetic s\u0103 ne eliber\u0103m de otr\u0103vurile suflete\u0219ti vechi \u0219i s\u0103 compenseze indigestia sau alte probleme vechi de s\u0103n\u0103tate.<\/p>\n<p><strong><em>Efectul Esen\u021bei la Nivel Emo\u021bional: <\/em><\/strong>Priorit\u0103\u021bile esen\u021bei R\u0103cule\u021bului sunt s\u0103 dea energie \u0219i vitalitate. Atunci c\u00e2nd ne confrunt\u0103m cu senza\u021bii precum: ne sim\u021bim dezorienta\u021bi, ciuda\u021bi, confuzi sau exist\u0103 o lips\u0103 de energie, esen\u021ba ne aduce o energie nou\u0103 \u0219i ritm. Putem sim\u021bi for\u021ba care eman\u0103 din interiorul nostru \u0219i ne putem percepe cu mai mult\u0103 claritate.<\/p>\n<p><strong><em>Efectul Esen\u021bei la Nivel Mental: <\/em><\/strong>Esen\u021ba ne ofer\u0103 capacitatea de a fi prezen\u021bi mental. Putem s\u0103 renun\u021b\u0103m s\u0103 mai vis\u0103m cu ochii deschi\u0219i, ci s\u0103 colect\u0103m \u0219i s\u0103 exprim\u0103m g\u00e2ndurile aici \u0219i acum. Efectul merge m\u00e2n\u0103 \u00een m\u00e2n\u0103 cu un sentiment holistic re\u00eennoit despre noi \u00een\u0219ine \u0219i despre corpul nostru.<\/p>\n<p><strong><em>Efectul Esen\u021bei la Nivel Spiritual: <\/em><\/strong>Aceast\u0103 esen\u021b\u0103 ne ajut\u0103 s\u0103 g\u0103sim echilibrul \u0219i s\u0103 \u00eei centreze pe cei care simt c\u0103 sunt \u00een &#8222;locul nepotrivit&#8221; sau &#8222;corpul nepotrivit&#8221; \u00een via\u021ba lor. Ne va duce \u00een centrul propriei vie\u021bi spre dorin\u021bele sufletului. Esen\u021ba R\u0103cule\u021bului este o esen\u021ba care realizeaz\u0103 o &#8222;cur\u0103\u021bare totala&#8221; a sufletului \u0219i a corpului. Astfel, putem \u00eenl\u0103tura \u0219i cur\u0103\u021ba toxinele vechi din trecut \u0219i \u00een acest mod ne putem ocupa locul \u00een via\u021b\u0103.<\/p>\n<p><strong><em>Afirma\u021bia: <\/em><\/strong>M\u0103 reg\u0103sesc pe mine \u00eensumi \/ \u00eens\u0103mi \u0219i \u00eemi ocup pozi\u021bia central\u0103 \u00een via\u021ba mea.<\/p>\n","protected":false},"excerpt":{"rendered":"<p>(Polygonum bistorta) Pornind de la un rizom subteran R\u0103cule\u021bul apare prim\u0103vara, \u00eenflore\u0219te \u00een timpul verii, florile sale sunt roz deschis, nu au petale, au form\u0103 unui v\u00e2rf \u0219i sunt situate la cap\u0103tul tulpinii. Aceast\u0103 plant\u0103 este originar\u0103 din Europa \u0219i poate fi g\u0103sit\u0103 pe solurile umede, paji\u0219ti \u00eenalte, l\u00e2ng\u0103 ap\u0103 sau \u00een p\u0103duri mixte. Cu &hellip; <a href=\"https:\/\/esentevibrationale.com\/?product=bistort-raculet\" class=\"more-link\">Continu\u0103 lectura <span class=\"screen-reader-text\">28.) Bistort \/ R\u0103cule\u0163<\/span> <span class=\"meta-nav\">&rarr;<\/span><\/a><\/p>\n","protected":false},"featured_media":1638,"template":"","meta":[],"product_brand":[],"product_cat":[45],"product_tag":[],"class_list":{"0":"post-1636","1":"product","2":"type-product","3":"status-publish","4":"has-post-thumbnail","6":"product_cat-esente-de-flori-salbatice","7":"pa_size-15ml","8":"pa_size-30ml","10":"first","11":"instock","12":"shipping-taxable","13":"purchasable","14":"product-type-variable","15":"has-default-attributes"},"_links":{"self":[{"href":"https:\/\/esentevibrationale.com\/index.php?rest_route=\/wp\/v2\/product\/1636","targetHints":{"allow":["GET"]}}],"collection":[{"href":"https:\/\/esentevibrationale.com\/index.php?rest_route=\/wp\/v2\/product"}],"about":[{"href":"https:\/\/esentevibrationale.com\/index.php?rest_route=\/wp\/v2\/types\/product"}],"wp:featuredmedia":[{"embeddable":true,"href":"https:\/\/esentevibrationale.com\/index.php?rest_route=\/wp\/v2\/media\/1638"}],"wp:attachment":[{"href":"https:\/\/esentevibrationale.com\/index.php?rest_route=%2Fwp%2Fv2%2Fmedia&parent=1636"}],"wp:term":[{"taxonomy":"product_brand","embeddable":true,"href":"https:\/\/esentevibrationale.com\/index.php?rest_route=%2Fwp%2Fv2%2Fproduct_brand&post=1636"},{"taxonomy":"product_cat","embeddable":true,"href":"https:\/\/esentevibrationale.com\/index.php?rest_route=%2Fwp%2Fv2%2Fproduct_cat&post=1636"},{"taxonomy":"product_tag","embeddable":true,"href":"https:\/\/esentevibrationale.com\/index.php?rest_route=%2Fwp%2Fv2%2Fproduct_tag&post=1636"}],"curies":[{"name":"wp","href":"https:\/\/api.w.org\/{rel}","templated":true}]}}