{"id":1640,"date":"2018-11-14T14:44:47","date_gmt":"2018-11-14T13:44:47","guid":{"rendered":"https:\/\/phiessences.com\/Romania\/?post_type=product&#038;p=1640"},"modified":"2025-12-31T12:19:43","modified_gmt":"2025-12-31T10:19:43","slug":"courgette-dovlecel","status":"publish","type":"product","link":"https:\/\/esentevibrationale.com\/?product=courgette-dovlecel","title":{"rendered":"29.) Courgette \/ Dovlecel"},"content":{"rendered":"<p><strong>(Cucurbita pepo) <\/strong><\/p>\n<p><em>Specia Cucurbita pepo este una dintre cele mai vechi \u0219i mai cunoscute forme de dovleac \u0219i \u00ee\u0219i are originile \u00een America Central\u0103. Dovlecelul este o plant\u0103 anual\u0103 crescut\u0103 pentru fructul \u0219i semin\u021bele sale, chiar \u0219i florile sunt comestibile. Dovlecelul poate fi folosit \u00een mai multe scopuri. C\u00e2nd este \u00eenc\u0103 verde se poate folosi ca legum\u0103, odat\u0103 ce este copt se folose\u0219te \u00een uleiul de plante sau ca plant\u0103 decorativ\u0103.<\/em><\/p>\n<p><strong><em>Efectul Esen\u021bei: <\/em><\/strong>Esen\u021ba Dovlecelului ne ajut\u0103 s\u0103 l\u0103sam lucrurile s\u0103 se maturizeze \u0219i s\u0103 prospere \u0219i promoveaz\u0103 energetic a-2-a Chakr\u0103. Esen\u021ba este indicat\u0103 pentru a integra partea noastr\u0103 feminin\u0103 \u0219i s\u0103 transmit\u0103 armonie \u00een timpul sarcinii, totodat\u0103, esen\u021b\u0103 spore\u0219te comunicare dintre mam\u0103 \u0219i copil.<\/p>\n<p><strong><em>Efectul Esen\u021bei la Nivel Fizic: <\/em><\/strong>La nivelul corpului aceast\u0103 esen\u021b\u0103 are un efect pozitiv \u00een timpul menstrua\u021biei \u0219i ajut\u0103 pe perioada sarcinii. Pe de alt\u0103 parte, are o influen\u021b\u0103 de echilibrare \u0219i stimulatoare energetic\u0103 asupra sexualit\u0103\u021bii masculine \u0219i feminine.<\/p>\n<p><strong><em>Efectul Esen\u021bei la Nivel Emo\u021bional: <\/em><\/strong>Esen\u021ba Dovlecelului are vibra\u021bii de armonizare deosebite \u0219i transform\u0103 sentimentele de furie \u0219i frustrare p\u00e2n\u0103 ce dispar complet. Astfel, tensiunile diferite care ne invadeaz\u0103 ajung la un echilibru \u0219i apare o dorin\u021b\u0103 pozitiv\u0103 de exprimare.<\/p>\n<p><strong><em>Efectul Esen\u021bei la Nivel Mental: <\/em><\/strong>Cu esen\u021ba putem reg\u00e2ndi \u0219i integra abilit\u0103\u021bile native \u00eengropate anterior. De exemplu: creativitatea feminin\u0103, atunci c\u00e2nd a fost suprimat\u0103 de situa\u021biile adverse. Puterea noastr\u0103 mental\u0103 experimenteaz\u0103 o nou\u0103 cre\u0219tere \u0219i motiva\u021bie, prin urmare exist\u0103 o baz\u0103 bun\u0103 pentru procesele de maturizare, de exemplu: o idee nou\u0103 de afacere.<\/p>\n<p><strong><em>Efectul Esen\u021bei la Nivel Spiritual: <\/em><\/strong>Aceast\u0103 esen\u021b\u0103 floral\u0103 ne transmite r\u0103bdare s\u0103 l\u0103s\u0103m lucrurile s\u0103 se maturizeze, de exemplu: \u00een cazul sarcinii. \u00cenv\u0103\u021b\u0103m s\u0103 accept\u0103m timpul de a\u0219teptare \u0219i ne bucur\u0103m de ce va urma s\u0103 vin\u0103. \u00cen timpul sarcinii \u00eencurajeaz\u0103 comunicarea dintre mam\u0103 \u0219i copil, iar \u00een alte procese ne va permite s\u0103 fim conecta\u021bi cu Sinele nostru Superior.<\/p>\n<p><strong><em>Afirma\u021bia<\/em><\/strong><em>: <\/em>\u00cemi tr\u0103iesc maturizarea cu r\u0103bda- re \u0219i las evenimentele s\u0103 se \u00eent\u00e2mple.<\/p>\n","protected":false},"excerpt":{"rendered":"<p>(Cucurbita pepo) Specia Cucurbita pepo este una dintre cele mai vechi \u0219i mai cunoscute forme de dovleac \u0219i \u00ee\u0219i are originile \u00een America Central\u0103. Dovlecelul este o plant\u0103 anual\u0103 crescut\u0103 pentru fructul \u0219i semin\u021bele sale, chiar \u0219i florile sunt comestibile. Dovlecelul poate fi folosit \u00een mai multe scopuri. C\u00e2nd este \u00eenc\u0103 verde se poate folosi &hellip; <a href=\"https:\/\/esentevibrationale.com\/?product=courgette-dovlecel\" class=\"more-link\">Continu\u0103 lectura <span class=\"screen-reader-text\">29.) Courgette \/ Dovlecel<\/span> <span class=\"meta-nav\">&rarr;<\/span><\/a><\/p>\n","protected":false},"featured_media":13164,"template":"","meta":[],"product_brand":[],"product_cat":[45],"product_tag":[],"class_list":{"0":"post-1640","1":"product","2":"type-product","3":"status-publish","4":"has-post-thumbnail","6":"product_cat-esente-de-flori-salbatice","7":"pa_size-15ml","8":"pa_size-30ml","10":"first","11":"instock","12":"shipping-taxable","13":"purchasable","14":"product-type-variable","15":"has-default-attributes"},"_links":{"self":[{"href":"https:\/\/esentevibrationale.com\/index.php?rest_route=\/wp\/v2\/product\/1640","targetHints":{"allow":["GET"]}}],"collection":[{"href":"https:\/\/esentevibrationale.com\/index.php?rest_route=\/wp\/v2\/product"}],"about":[{"href":"https:\/\/esentevibrationale.com\/index.php?rest_route=\/wp\/v2\/types\/product"}],"wp:featuredmedia":[{"embeddable":true,"href":"https:\/\/esentevibrationale.com\/index.php?rest_route=\/wp\/v2\/media\/13164"}],"wp:attachment":[{"href":"https:\/\/esentevibrationale.com\/index.php?rest_route=%2Fwp%2Fv2%2Fmedia&parent=1640"}],"wp:term":[{"taxonomy":"product_brand","embeddable":true,"href":"https:\/\/esentevibrationale.com\/index.php?rest_route=%2Fwp%2Fv2%2Fproduct_brand&post=1640"},{"taxonomy":"product_cat","embeddable":true,"href":"https:\/\/esentevibrationale.com\/index.php?rest_route=%2Fwp%2Fv2%2Fproduct_cat&post=1640"},{"taxonomy":"product_tag","embeddable":true,"href":"https:\/\/esentevibrationale.com\/index.php?rest_route=%2Fwp%2Fv2%2Fproduct_tag&post=1640"}],"curies":[{"name":"wp","href":"https:\/\/api.w.org\/{rel}","templated":true}]}}