{"id":1644,"date":"2018-11-14T14:50:38","date_gmt":"2018-11-14T13:50:38","guid":{"rendered":"https:\/\/phiessences.com\/Romania\/?post_type=product&#038;p=1644"},"modified":"2025-12-31T12:22:10","modified_gmt":"2025-12-31T10:22:10","slug":"lotus-lotus","status":"publish","type":"product","link":"https:\/\/esentevibrationale.com\/?product=lotus-lotus","title":{"rendered":"30.) Lotus \/ Lotus"},"content":{"rendered":"<p><strong>(Nelumbo nucifera) <\/strong><\/p>\n<p><em>Lotusul este o floare care cre\u0219te \u00een ap\u0103. Se g\u0103se\u0219te \u00een lacurile mari din regiunea tropical\u0103 din Asia \u0219i c\u00e2teodat\u0103 \u00een regiunile subtropicale ale Asiei. Frunzele \u0219i florile sale sunt \u00eempr\u0103\u0219tiate pe suprafa\u021ba apei \u0219i pot ajunge p\u00e2n\u0103 1 m \u00een\u0103l\u021bime deasupra apei. Nuan\u021ba florilor variaz\u0103 de la alb, la roz pal, la violet. Lotusul a fost folosit de secole ca plant\u0103 t\u0103m\u0103duitoare \u00een regiunile Asiei.<\/em><\/p>\n<p><strong><em>Efectul Esen\u021bei: <\/em><\/strong>Esen\u021ba Lotusului transmite armonie tuturor Chakrelor. Poate fi considerat\u0103 floarea universal\u0103, at\u00e2ta timp c\u00e2t favorizeaz\u0103 claritatea \u0219i permeabilitatea fluidelor la diferite niveluri. Deschide \u00een special, Chakra Coroan\u0103 pentru a ne conecta cu Chakerele superioare.<\/p>\n<p><strong><em>Efectul Esen\u021bei la Nivel Fizic: <\/em><\/strong>Prin efectul clarificator al lotusului la fiecare nivel al fiin\u021bei noastre, aceast\u0103 esen\u021b\u0103 stimuleaz\u0103 diferite tipuri de procese de vindecare. Pe de o parte esen\u021ba Lotusului promoveaz\u0103 claritatea la nivel fizic \u0219i transmite pace \u0219i lini\u0219te naturii noastre.<\/p>\n<p><strong><em>Efectul Esen\u021bei la Nivel Emo\u021bional: <\/em><\/strong>Poten\u021bialul purificator al acestei esen\u021be poate fi folositor pentru a aduce lumin\u0103 experien\u021belor vechi care au r\u0103mas \u00een stare latent\u0103 pentru a le trata \u0219i a le oferi un punct final. Energia excep\u021bional\u0103 a Lotusului ne va ghida toate experien\u021bele promov\u00e2nd pacea, calmul, amploarea \u0219i echilibrul. Prin noua armonie interioar\u0103 putem \u00een\u021belege mai lini\u0219ti\u021bi emo\u021biilor \u0219i le putem face fa\u021b\u0103.<\/p>\n<p><strong><em>Efectul Esen\u021bei la Nivel Mental: <\/em><\/strong>Esen\u021ba ne aduce claritate mental\u0103, armonie, serenitate \u0219i concentrare. Astfel, vom putea s\u0103 dezvolt\u0103m o serie de calit\u0103\u021bi \u0219i claritate superioar\u0103 \u0219i \u00een consecin\u021b\u0103, ne lumineaz\u0103 \u0219i ne sunt ghidate toate celelalte aspecte ale personalit\u0103\u021bii.<\/p>\n<p><strong><em>Efectul Esen\u021bei la Nivel Spiritual: <\/em><\/strong>Esen\u021ba Lotusului accelereaz\u0103 dezvoltarea spiritual\u0103 \u0219i restaureaz\u0103 corpul imaterial la toate nivelele. Aceast\u0103 esen\u021b\u0103 u\u0219ureaz\u0103 calea spre descoperirea interioar\u0103 (prin psihoterapie, medita\u021bie, yoga, etc.). \u00cen paralel, stabile\u0219te comunicarea dintre Chakra Coroan\u0103 \u0219i Chakrele Superioare. Prin intermediul acesteia for\u021bele corpului, min\u021bii \u0219i ale sufletului, care adesea sunt \u00een conflict, vor fi \u00een armonie, \u00een timp ce intensific\u0103 perfec\u021biunea \u0219i g\u00e2ndirea perfec\u021bionist\u0103.<\/p>\n<p><strong><em>Afirma\u021bia: <\/em><\/strong>Tr\u0103iesc zi de zi \u00een medita\u021bie.<\/p>\n","protected":false},"excerpt":{"rendered":"<p>&nbsp;<\/p>\n<p>&nbsp;<\/p>\n","protected":false},"featured_media":1648,"template":"","meta":[],"product_brand":[],"product_cat":[45],"product_tag":[],"class_list":{"0":"post-1644","1":"product","2":"type-product","3":"status-publish","4":"has-post-thumbnail","6":"product_cat-esente-de-flori-salbatice","7":"pa_size-15ml","8":"pa_size-30ml","10":"first","11":"instock","12":"shipping-taxable","13":"purchasable","14":"product-type-variable","15":"has-default-attributes"},"_links":{"self":[{"href":"https:\/\/esentevibrationale.com\/index.php?rest_route=\/wp\/v2\/product\/1644","targetHints":{"allow":["GET"]}}],"collection":[{"href":"https:\/\/esentevibrationale.com\/index.php?rest_route=\/wp\/v2\/product"}],"about":[{"href":"https:\/\/esentevibrationale.com\/index.php?rest_route=\/wp\/v2\/types\/product"}],"wp:featuredmedia":[{"embeddable":true,"href":"https:\/\/esentevibrationale.com\/index.php?rest_route=\/wp\/v2\/media\/1648"}],"wp:attachment":[{"href":"https:\/\/esentevibrationale.com\/index.php?rest_route=%2Fwp%2Fv2%2Fmedia&parent=1644"}],"wp:term":[{"taxonomy":"product_brand","embeddable":true,"href":"https:\/\/esentevibrationale.com\/index.php?rest_route=%2Fwp%2Fv2%2Fproduct_brand&post=1644"},{"taxonomy":"product_cat","embeddable":true,"href":"https:\/\/esentevibrationale.com\/index.php?rest_route=%2Fwp%2Fv2%2Fproduct_cat&post=1644"},{"taxonomy":"product_tag","embeddable":true,"href":"https:\/\/esentevibrationale.com\/index.php?rest_route=%2Fwp%2Fv2%2Fproduct_tag&post=1644"}],"curies":[{"name":"wp","href":"https:\/\/api.w.org\/{rel}","templated":true}]}}