{"id":1649,"date":"2018-11-14T14:56:25","date_gmt":"2018-11-14T13:56:25","guid":{"rendered":"https:\/\/phiessences.com\/Romania\/?post_type=product&#038;p=1649"},"modified":"2025-12-31T12:23:42","modified_gmt":"2025-12-31T10:23:42","slug":"almond-tree-migdal","status":"publish","type":"product","link":"https:\/\/esentevibrationale.com\/?product=almond-tree-migdal","title":{"rendered":"31.) Almond Tree \/ Migdal"},"content":{"rendered":"<p><strong>(Prunus amygdalus) <\/strong><\/p>\n<p><em>Acest copac cre\u0219te de secole \u00een Asia, a fost introdus \u00een Europa prin Grecia din cele mai vechi timpuri \u0219i a fost cultivat \u00een Italia. Este un copac mic de aproximativ 3 &#8211; 7 m \u00een\u0103l\u021bime, \u00eenflore\u0219te din mijlocul p\u00e2n\u0103 la sf\u00e2r\u0219itul prim\u0103verii. Florile sale au culoarea roz sau alb. Migdalele \u0219i uleiul lor au fost utilizate \u00een medicina popular\u0103 pentru tratarea rinichilor, problemelor vezicii urinare \u0219i ale c\u0103ilor respiratorii.<\/em><\/p>\n<p><strong><em>Efectul Esen\u021bei: <\/em><\/strong>Esen\u021ba Migdalului ne sprijin\u0103 s\u0103 descoperim semnifica\u021bia fiec\u0103rei etape a vie\u021bii \u0219i \u00een acest fel, ne dezvolt\u0103m. Ne permite s\u0103 recunoa\u0219tem relativitatea lucrurilor \u0219i s\u0103 accept\u0103m natura efemer\u0103 a lucrurilor materiale.<\/p>\n<p><strong><em>Efectul Esen\u021bei la Nivel Fizic: <\/em><\/strong>Esen\u021ba Migdalului are o influen\u021b\u0103 pozitiv\u0103 asupra \u00eentregului corp prin vibra\u021biile sale tonice. Corpul &#8222;re\u00eentinere\u0219te&#8221; la nivel energetic \u0219i promoveaz\u0103 energetic compensarea deficien\u021belor \u0219i ajut\u0103 la evaluarea nutri\u021biei, stimuleaz\u0103 dorin\u021ba de a ajunge la o diet\u0103 s\u0103n\u0103toas\u0103 \u0219i completeaz\u0103 curele de post \u0219i de detoxificare. Esen\u021ba Migdalului poate fi recomandat\u0103 acelora care se tem de trecerea anilor. Esen\u021b\u0103 este un tonic at\u00e2t \u00een termeni fizici c\u00e2t \u0219i psihologici. La copiii cu probleme de cre\u0219tere, esen\u021ba ac\u021bioneaz\u0103 ca un stimulent al procesului de maturizare.<\/p>\n<p><strong><em>Efectul Esen\u021bei la Nivel Emo\u021bional: <\/em><\/strong>Una din caracteristicile acestei esen\u021be este c\u0103 ne d\u0103 o nou\u0103 orientare fluxului de energie (\u00een afar\u0103 de sim\u021burilor vederii, mirosului, auzului, pip\u0103itului \u0219i gustului) \u0219i astfel, vom fi distra\u0219i de la hiperactivitate \u0219i sensibilitatea excesiv\u0103 \u0219i ne apropie de pacea interioar\u0103. \u00cen timpul pubert\u0103\u021bii la adolescen\u021bi, \u00eent\u0103re\u0219te auto-controlul \u0219i atenueaz\u0103 nelini\u0219tea interioar\u0103.<\/p>\n<p><strong><em>Efectul Esen\u021bei la Nivel Mental: <\/em><\/strong>Aceast\u0103 esen\u021b\u0103 ne permite s\u0103 sc\u0103p\u0103m de g\u00e2ndurile \u0219i sentimentele recurente \u0219i s\u0103 ne l\u0103s\u0103m purta\u021bi de procesele vie\u021bii. G\u0103sim o ghidare mental\u0103 echilibrat\u0103, pe care o vom urma o dat\u0103 ce vom ajunge la o armonie interioar\u0103.<\/p>\n<p><strong><em>Efectul Esen\u021bei la Nivel Spiritual <\/em><\/strong>Esen\u021ba Migdalului poate fi un supliment de-al lungul oric\u0103rei perioade a vie\u021bilor noastre, \u00een special, \u00een perioadele dificile c\u00e2nd nu suntem capabili s\u0103 \u00een\u021belegem ce se \u00eent\u00e2mpl\u0103. Ne ajut\u0103 s\u0103 accept\u0103m lucrurile a\u0219a cum sunt \u0219i s\u0103 ne maturiz\u0103m \u00een via\u021b\u0103.<\/p>\n<p><strong><em>Afirma\u021bia: <\/em><\/strong>Sunt con\u0219tient\/\u0103 de \u00eensemn\u0103tatea etapelor vie\u021bii, le accept \u0219i m\u0103 las condus de fluxul vie\u021bii.<\/p>\n","protected":false},"excerpt":{"rendered":"<p>(Prunus amygdalus) Acest copac cre\u0219te de secole \u00een Asia, a fost introdus \u00een Europa prin Grecia din cele mai vechi timpuri \u0219i a fost cultivat \u00een Italia. Este un copac mic de aproximativ 3 &#8211; 7 m \u00een\u0103l\u021bime, \u00eenflore\u0219te din mijlocul p\u00e2n\u0103 la sf\u00e2r\u0219itul prim\u0103verii. Florile sale au culoarea roz sau alb. Migdalele \u0219i uleiul &hellip; <a href=\"https:\/\/esentevibrationale.com\/?product=almond-tree-migdal\" class=\"more-link\">Continu\u0103 lectura <span class=\"screen-reader-text\">31.) Almond Tree \/ Migdal<\/span> <span class=\"meta-nav\">&rarr;<\/span><\/a><\/p>\n","protected":false},"featured_media":13165,"template":"","meta":[],"product_brand":[],"product_cat":[45],"product_tag":[],"class_list":{"0":"post-1649","1":"product","2":"type-product","3":"status-publish","4":"has-post-thumbnail","6":"product_cat-esente-de-flori-salbatice","7":"pa_size-15ml","8":"pa_size-30ml","10":"first","11":"instock","12":"shipping-taxable","13":"purchasable","14":"product-type-variable","15":"has-default-attributes"},"_links":{"self":[{"href":"https:\/\/esentevibrationale.com\/index.php?rest_route=\/wp\/v2\/product\/1649","targetHints":{"allow":["GET"]}}],"collection":[{"href":"https:\/\/esentevibrationale.com\/index.php?rest_route=\/wp\/v2\/product"}],"about":[{"href":"https:\/\/esentevibrationale.com\/index.php?rest_route=\/wp\/v2\/types\/product"}],"wp:featuredmedia":[{"embeddable":true,"href":"https:\/\/esentevibrationale.com\/index.php?rest_route=\/wp\/v2\/media\/13165"}],"wp:attachment":[{"href":"https:\/\/esentevibrationale.com\/index.php?rest_route=%2Fwp%2Fv2%2Fmedia&parent=1649"}],"wp:term":[{"taxonomy":"product_brand","embeddable":true,"href":"https:\/\/esentevibrationale.com\/index.php?rest_route=%2Fwp%2Fv2%2Fproduct_brand&post=1649"},{"taxonomy":"product_cat","embeddable":true,"href":"https:\/\/esentevibrationale.com\/index.php?rest_route=%2Fwp%2Fv2%2Fproduct_cat&post=1649"},{"taxonomy":"product_tag","embeddable":true,"href":"https:\/\/esentevibrationale.com\/index.php?rest_route=%2Fwp%2Fv2%2Fproduct_tag&post=1649"}],"curies":[{"name":"wp","href":"https:\/\/api.w.org\/{rel}","templated":true}]}}