{"id":1654,"date":"2018-11-14T14:59:27","date_gmt":"2018-11-14T13:59:27","guid":{"rendered":"https:\/\/phiessences.com\/Romania\/?post_type=product&#038;p=1654"},"modified":"2025-12-31T12:24:40","modified_gmt":"2025-12-31T10:24:40","slug":"mais-porumb","status":"publish","type":"product","link":"https:\/\/esentevibrationale.com\/?product=mais-porumb","title":{"rendered":"32.) Mais \/ Porumb"},"content":{"rendered":"<p><strong>(Prunus amygdalus) <\/strong><\/p>\n<p><em>Porumbul este o graminee care ajunge p\u00e2n\u0103 la 3 m \u00een\u0103l\u021bime. Are frunzele de mari dimensiuni. Florile masculine sunt plasate \u00een punctul cel mai \u00eenalt al plantei \u0219i cele feminine sunt pe \u0219tiulete. Cocenii de porumb ies din punctul inferior de unire al frunzelor cu tulpina \u0219i sunt acoperi\u021bi cu fire protective de nuan\u021be deschise. C\u00e2nd ajung la maturitate aceste fire sunt maro, uscate \u0219i expun \u0219tiule\u021bii galbeni maturi. Numele s\u0103u \u00eenseamn\u0103 cumva &#8222;mama universului&#8221;.<\/em><\/p>\n<p><strong><em>Efectul Esen\u021bei: <\/em><\/strong>Aceast\u0103 esen\u021b\u0103 promoveaz\u0103 uniunea cu celelalte vie\u021buitoare \u0219i ne ajut\u0103 s\u0103 fim \u00een armonie cu ritmul naturii. Este extrem de folositoare pentru &#8222;or\u0103\u0219enii&#8221; care caut\u0103 contactul cu P\u0103m\u00e2ntul.<\/p>\n<p><strong><em>Efectul Esen\u021bei la Nivel Fizic: <\/em><\/strong>\u00cen special, esen\u021ba Porumbului poate fi folositoare persoanelor care \u0219i-au pierdut echilibrul interior datorit\u0103 faptului c\u0103 locuiesc \u00een mijlocul unei mul\u021bimi mari sau acolo unde este popula\u021bie mult\u0103 (ora\u0219e mari). \u00cen acest context, pot suferi de tensiuni, lipsa de concentrare, oboseal\u0103, co\u0219maruri \u0219i lipsa rela\u021biei cu mediul. Individul este stresat \u0219i unele episoade de tensiune pot ap\u0103rea pe l\u00e2ng\u0103 senza\u021bia c\u0103 \u00ee\u0219i pierde controlul. Esen\u021ba Porumbului promoveaz\u0103 energie interiorului nostru \u0219i permite s\u0103 ne p\u0103str\u0103m picioarele pe p\u0103m\u00e2nt.<\/p>\n<p><strong><em>Efectul Esen\u021bei la Nivel Emo\u021bional: <\/em><\/strong>Esen\u021ba Porumbului promoveaz\u0103 relaxare \u0219i calm \u0219i ne permite s\u0103 percepem rela\u021bia noastr\u0103 cu natura, de exemplu: \u00een timpul unei plimb\u0103ri. Cu esen\u021ba, vom descoperi armonia din interiorul nostru, pe care posibil nu am sim\u021bit-o de mult \u0219i de la care apar sentimente intense. Av\u00e2nd \u00een vedere m\u0103re\u021bia naturii, conflictele noastre emo\u021bionale vor p\u0103rea irelevante \u0219i exagerate.<\/p>\n<p><strong><em>Efectul Esen\u021bei la Nivel Mental: <\/em><\/strong>Cu esen\u021ba Porumbului vom elibera orice \u00eengrijorare din g\u00e2ndurile noastre, care ne \u00eenso\u021besc \u00een permanen\u021b\u0103. Persoanele care tr\u0103iesc \u00een ora\u0219e mari au tendin\u021ba s\u0103 se simt\u0103 presate, \u00een plan mental de multiple for\u021be. Esen\u021ba ne permite s\u0103 gener\u0103m un nou spa\u021biu mental \u0219i cu acesta s\u0103 ne organiz\u0103m via\u021ba \u00eentr-un mod diferit.<\/p>\n<p><strong><em>Efectul Esen\u021bei la Nivel Spiritual: <\/em><\/strong>Esen\u021ba Porumbului une\u0219te g\u00e2ndurile at\u00e2t \u00een plan vertical, c\u00e2t \u0219i orizontal, ca s\u0103 spunem a\u0219a, ne permite s\u0103 punem \u00een contact Raiul \u0219i P\u0103m\u00e2ntul. Acest lucru \u00eenseamn\u0103 c\u0103 putem avea experien\u021be superioare cu natura \u0219i apoi le integr\u0103m \u00een vie\u021bile noastre cotidiene. Esen\u021ba este indicat\u0103 pentru noii v\u00e2rstnici c\u0103rora le-a fugit terenul de sub picioare.<\/p>\n<p><strong><em>Afirma\u021bia: <\/em><\/strong>M\u0103 al\u0103tur P\u0103m\u00e2ntului \u0219i m\u0103 reg\u0103sesc pe mine \u00eensumi \/ \u00eens\u0103mi din nou.<\/p>\n","protected":false},"excerpt":{"rendered":"<p>(Prunus amygdalus) Porumbul este o graminee care ajunge p\u00e2n\u0103 la 3 m \u00een\u0103l\u021bime. Are frunzele de mari dimensiuni. Florile masculine sunt plasate \u00een punctul cel mai \u00eenalt al plantei \u0219i cele feminine sunt pe \u0219tiulete. Cocenii de porumb ies din punctul inferior de unire al frunzelor cu tulpina \u0219i sunt acoperi\u021bi cu fire protective de &hellip; <a href=\"https:\/\/esentevibrationale.com\/?product=mais-porumb\" class=\"more-link\">Continu\u0103 lectura <span class=\"screen-reader-text\">32.) Mais \/ Porumb<\/span> <span class=\"meta-nav\">&rarr;<\/span><\/a><\/p>\n","protected":false},"featured_media":1657,"template":"","meta":[],"product_brand":[],"product_cat":[45],"product_tag":[],"class_list":{"0":"post-1654","1":"product","2":"type-product","3":"status-publish","4":"has-post-thumbnail","6":"product_cat-esente-de-flori-salbatice","7":"pa_size-15ml","8":"pa_size-30ml","10":"first","11":"instock","12":"shipping-taxable","13":"purchasable","14":"product-type-variable","15":"has-default-attributes"},"_links":{"self":[{"href":"https:\/\/esentevibrationale.com\/index.php?rest_route=\/wp\/v2\/product\/1654","targetHints":{"allow":["GET"]}}],"collection":[{"href":"https:\/\/esentevibrationale.com\/index.php?rest_route=\/wp\/v2\/product"}],"about":[{"href":"https:\/\/esentevibrationale.com\/index.php?rest_route=\/wp\/v2\/types\/product"}],"wp:featuredmedia":[{"embeddable":true,"href":"https:\/\/esentevibrationale.com\/index.php?rest_route=\/wp\/v2\/media\/1657"}],"wp:attachment":[{"href":"https:\/\/esentevibrationale.com\/index.php?rest_route=%2Fwp%2Fv2%2Fmedia&parent=1654"}],"wp:term":[{"taxonomy":"product_brand","embeddable":true,"href":"https:\/\/esentevibrationale.com\/index.php?rest_route=%2Fwp%2Fv2%2Fproduct_brand&post=1654"},{"taxonomy":"product_cat","embeddable":true,"href":"https:\/\/esentevibrationale.com\/index.php?rest_route=%2Fwp%2Fv2%2Fproduct_cat&post=1654"},{"taxonomy":"product_tag","embeddable":true,"href":"https:\/\/esentevibrationale.com\/index.php?rest_route=%2Fwp%2Fv2%2Fproduct_tag&post=1654"}],"curies":[{"name":"wp","href":"https:\/\/api.w.org\/{rel}","templated":true}]}}