{"id":1658,"date":"2018-11-14T15:02:04","date_gmt":"2018-11-14T14:02:04","guid":{"rendered":"https:\/\/phiessences.com\/Romania\/?post_type=product&#038;p=1658"},"modified":"2025-12-31T12:25:43","modified_gmt":"2025-12-31T10:25:43","slug":"passion-flower-floarea-pasiunii","status":"publish","type":"product","link":"https:\/\/esentevibrationale.com\/?product=passion-flower-floarea-pasiunii","title":{"rendered":"33.) Passion Flower \/ Floarea Pasiunii"},"content":{"rendered":"<p><strong>(Passiflora bryonioides) <\/strong><\/p>\n<p><em>Floarea Pasiunii este originar\u0103 din America de Sud. \u00cen prezent acest alpinist peren este cultivat. Numele i-a fost dat de c\u0103tre preo\u021bi catolici, care au descoperit-o \u00een habitatul s\u0103u originar. Cre\u0219te \u00een solurile bine drenate, dar \u0219i pe cele calcaroase. Din luna mai p\u00e2n\u0103 sf\u00e2r\u0219itul lunii iulie face flori spectaculoase \u0219i complicate av\u00e2nd culorile: roz, alb, albastru sau violet. \u00cen 1867 a fost incorporat\u0103 \u00een cartea cu flori t\u0103m\u0103duitoare din America. Are fructele comestibile, r\u0103coritoare \u0219i revigorate.<\/em><\/p>\n<p><strong><em>Efectul Esen\u021bei: <\/em><\/strong>Esen\u021ba Florii Pasiunii ne ajut\u0103 s\u0103 accept\u0103m provoc\u0103rile situa\u021biilor dificile. Ne distan\u021b\u0103m de noi \u00een\u0219ine \u0219i astfel, vom putea vedea lucrurile dintr-o nou\u0103 perspectiv\u0103.<\/p>\n<p><strong><em>Efectul Esen\u021bei la Nivel Fizic: <\/em><\/strong>Din punct de vedere energetic, aceast\u0103 esen\u021b\u0103 ne ajut\u0103 s\u0103 dep\u0103\u0219im perioadele dureroase rezultate din boli, diagnostice nefavorabile sau dup\u0103 o interven\u021bie. Prin intermediul s\u0103u putem g\u0103si sprijin \u0219i siguran\u021b\u0103 interioar\u0103, \u00een plus, c\u0103p\u0103t\u0103m abilitatea de a vedea un eveniment ca pe o oportunitate de dezvoltare \u0219i s\u0103 ne guvern\u0103m soarta.<\/p>\n<p><strong><em>Efectul Esen\u021bei la Nivel Emo\u021bional: <\/em><\/strong>Esen\u021ba ne ajut\u0103 s\u0103 dep\u0103\u0219im fazele de depresie, cum ar fi: pierderea brusc\u0103 a locului de munc\u0103, pierderea partenerului, plecarea fiilor, etc., \u0219i s\u0103 credem c\u0103 fiecare schimbare este spre binele nostru. Cu ajutorul esen\u021bei ne distan\u021b\u0103m de noi \u0219i de cauzele durerii noastre. A\u0219a, tensiunea se \u00eenmoaie \u0219i vom fi mai deschi\u0219i s\u0103 primim energie pozitiv\u0103.<\/p>\n<p><strong><em>Efectul Esen\u021bei la Nivel Mental: <\/em><\/strong>Efectul s\u0103u intens \u0219i de armonie calmeaz\u0103 \u0219i aduce o nou\u0103 for\u021b\u0103 sufletului nostru. Astfel, \u00een situa\u021biile c\u00e2nd trebuie s\u0103 ne folosim toat\u0103 energia noastr\u0103 spiritual\u0103, de exemplu: procesele de refacere fizic\u0103 dup\u0103 o interven\u021bie se vor \u00eendep\u0103rta de la o baz\u0103 bine determinat\u0103. Vom fi capabili s\u0103 accept\u0103m situa\u021biile dificile, ca pe o provocare \u0219i s\u0103 le lu\u0103m \u00een considerare \u00eentr-o manier\u0103 pozitiv\u0103 \u00een mintea noastr\u0103.<\/p>\n<p><strong><em>Efectul Esen\u021bei la Nivel Spiritual: <\/em><\/strong>Esen\u021ba Florii Pasiunii ac\u021bioneaz\u0103 la nivel spiritual. Calmeaz\u0103 sufletul \u0219i stimuleaz\u0103 capacitatea noastr\u0103 de reac\u021bie la st\u0103rile noaste de con\u0219tiin\u021b\u0103 superioar\u0103. Din aceast\u0103 etap\u0103 superioar\u0103 putem observa situa\u021biile vie\u021bii dintr-un punct de vedere mai clar \u0219i spiritual \u0219i s\u0103 adopt\u0103m un comportament nou. \u00cen plus, esen\u021ba tinde s\u0103 atrag\u0103 acele persoane care au experien\u021be spirituale, dar nu le pot integra \u00een via\u021ba de zi cu zi.<\/p>\n<p><strong><em>Afirma\u021bia: <\/em><\/strong>\u00cemi las sufletul s\u0103 fie c\u0103l\u0103uzit.<\/p>\n","protected":false},"excerpt":{"rendered":"<p><strong>\u00a0<\/strong><\/p>\n<p>&nbsp;<\/p>\n","protected":false},"featured_media":13166,"template":"","meta":[],"product_brand":[],"product_cat":[45],"product_tag":[],"class_list":{"0":"post-1658","1":"product","2":"type-product","3":"status-publish","4":"has-post-thumbnail","6":"product_cat-esente-de-flori-salbatice","7":"pa_size-15ml","8":"pa_size-30ml","10":"first","11":"instock","12":"shipping-taxable","13":"purchasable","14":"product-type-variable","15":"has-default-attributes"},"_links":{"self":[{"href":"https:\/\/esentevibrationale.com\/index.php?rest_route=\/wp\/v2\/product\/1658","targetHints":{"allow":["GET"]}}],"collection":[{"href":"https:\/\/esentevibrationale.com\/index.php?rest_route=\/wp\/v2\/product"}],"about":[{"href":"https:\/\/esentevibrationale.com\/index.php?rest_route=\/wp\/v2\/types\/product"}],"wp:featuredmedia":[{"embeddable":true,"href":"https:\/\/esentevibrationale.com\/index.php?rest_route=\/wp\/v2\/media\/13166"}],"wp:attachment":[{"href":"https:\/\/esentevibrationale.com\/index.php?rest_route=%2Fwp%2Fv2%2Fmedia&parent=1658"}],"wp:term":[{"taxonomy":"product_brand","embeddable":true,"href":"https:\/\/esentevibrationale.com\/index.php?rest_route=%2Fwp%2Fv2%2Fproduct_brand&post=1658"},{"taxonomy":"product_cat","embeddable":true,"href":"https:\/\/esentevibrationale.com\/index.php?rest_route=%2Fwp%2Fv2%2Fproduct_cat&post=1658"},{"taxonomy":"product_tag","embeddable":true,"href":"https:\/\/esentevibrationale.com\/index.php?rest_route=%2Fwp%2Fv2%2Fproduct_tag&post=1658"}],"curies":[{"name":"wp","href":"https:\/\/api.w.org\/{rel}","templated":true}]}}