{"id":1668,"date":"2018-11-14T15:12:36","date_gmt":"2018-11-14T14:12:36","guid":{"rendered":"https:\/\/phiessences.com\/Romania\/?post_type=product&#038;p=1668"},"modified":"2025-12-31T12:29:40","modified_gmt":"2025-12-31T10:29:40","slug":"sage-salvie","status":"publish","type":"product","link":"https:\/\/esentevibrationale.com\/?product=sage-salvie","title":{"rendered":"36.) Sage \/ Salvie"},"content":{"rendered":"<p><strong>(Salvia officinalis) <\/strong><\/p>\n<p><em>Aceast\u0103 plant\u0103 stufoas\u0103 din bazinul Mediteraneean cre\u0219te \u00een soluri calcaroase. Ramurile sale pot ajunge de la 40 &#8211; 80 cm \u0219i la cap\u0103t are flori cu tonuri de albastru \u0219i violet, care \u00eenfloresc \u00eentre lunile mai \u0219i iunie. \u00cen multe legende din antichitate, Salvia este men\u021bionat\u0103 ca fiind o plant\u0103 t\u0103m\u0103duitoare cu o \u00eendelungat\u0103 tradi\u021bie. Are propriet\u0103\u021bi antiinflamatorii \u0219i promoveaz\u0103 concentrarea. Se administreaz\u0103 \u00een cazul bron\u0219itelor, al depresiei \u0219i c\u00e2nd se dore\u0219te s\u0103 se opreasc\u0103 al\u0103ptarea.<\/em><\/p>\n<p><strong><em>Efectul Esen\u021bei: <\/em><\/strong>Esen\u021ba Salviei are un efect purificator la nivel energetic \u0219i ne ajut\u0103 s\u0103 facem fa\u021b\u0103 cu bine diferen\u021belor de fus orar. De asemenea, sus\u021bine con\u0219tientizarea integr\u0103rii experien\u021belor de via\u021b\u0103.<\/p>\n<p><strong><em>Efectul Esen\u021bei la Nivel Fizic: <\/em><\/strong>Esen\u021ba Salviei stimuleaz\u0103 procesul digestiv la nivel energetic. Ca urmare al efectului s\u0103u de purificare eteric\u0103 esen\u021ba este benefic\u0103 pentru protec\u021bie \u00een timpul postului. Pe de alt\u0103 parte, esen\u021ba ne permite s\u0103 facem fa\u021b\u0103 mai bine schimb\u0103rilor de fus orar \u00een timpul c\u0103l\u0103toriilor. \u00centregul organism beneficiaz\u0103 de efectul de armonie al acestei flori.<\/p>\n<p><strong><em>Efectul Esen\u021bei la Nivel Emo\u021bional: <\/em><\/strong>Cu esen\u021ba vom sc\u0103pa de propriul egoism deghizat \u0219i de ideile materialiste. De asemenea, va neutraliza unele sentimente cum ar fi: gelozia, invidia, anumite a\u0219tept\u0103ri, etc., ele av\u00e2nd leg\u0103tur\u0103 cu cele men\u021bionate anterior.<\/p>\n<p><strong><em>Efectul Esen\u021bei la Nivel Mental: <\/em><\/strong>Cu o \u00eensemn\u0103tate superioar\u0103 a evenimentelor din via\u021ba noastr\u0103. Acest lucru poate duce la noi moduri de g\u00e2ndire, care ne \u00eendreapt\u0103 spre o nou\u0103 direc\u021bie \u00een via\u021b\u0103.<\/p>\n<p><strong><em>Efectul Esen\u021bei la Nivel Spiritual: <\/em><\/strong>Aceast\u0103 esen\u021b\u0103 favorizeaz\u0103 procesul de calibrare al personalit\u0103\u021bii \u0219i spiritualit\u0103\u021bii. Poate fi recomandat\u0103 c\u00e2nd persoana se apleac\u0103 prea mult spre spiritualitate sau c\u00e2nd exist\u0103 o tendin\u021ba de a fi materialist\u0103 \u0219i egoist\u0103. Vom \u00eenv\u0103\u021ba s\u0103 observ\u0103m procesul vie\u021bii de la un nivel superior \u0219i s\u0103 integr\u0103m experien\u021bele \u00een spa\u021biu \u0219i timp mai spontan.<\/p>\n<p><strong><em>Afirma\u021bia: <\/em><\/strong>Lumea interioar\u0103 cu cea exterioar\u0103 sunt \u00een armonie.<\/p>\n<p><strong><em>Caracteristic\u0103 Special\u0103: <\/em><\/strong>Salvia este una din ingredientele pe care le con\u021bine esen\u021ba pentru (jet lag), care este recomandat\u0103 s\u0103 amelioreze efectele generate de schimb\u0103rile de fus orar.<\/p>\n","protected":false},"excerpt":{"rendered":"<p>(Salvia officinalis) Aceast\u0103 plant\u0103 stufoas\u0103 din bazinul Mediteraneean cre\u0219te \u00een soluri calcaroase. Ramurile sale pot ajunge de la 40 &#8211; 80 cm \u0219i la cap\u0103t are flori cu tonuri de albastru \u0219i violet, care \u00eenfloresc \u00eentre lunile mai \u0219i iunie. \u00cen multe legende din antichitate, Salvia este men\u021bionat\u0103 ca fiind o plant\u0103 t\u0103m\u0103duitoare cu o &hellip; <a href=\"https:\/\/esentevibrationale.com\/?product=sage-salvie\" class=\"more-link\">Continu\u0103 lectura <span class=\"screen-reader-text\">36.) Sage \/ Salvie<\/span> <span class=\"meta-nav\">&rarr;<\/span><\/a><\/p>\n","protected":false},"featured_media":1671,"template":"","meta":[],"product_brand":[],"product_cat":[45],"product_tag":[],"class_list":{"0":"post-1668","1":"product","2":"type-product","3":"status-publish","4":"has-post-thumbnail","6":"product_cat-esente-de-flori-salbatice","7":"pa_size-15ml","8":"pa_size-30ml","10":"first","11":"instock","12":"shipping-taxable","13":"purchasable","14":"product-type-variable","15":"has-default-attributes"},"_links":{"self":[{"href":"https:\/\/esentevibrationale.com\/index.php?rest_route=\/wp\/v2\/product\/1668","targetHints":{"allow":["GET"]}}],"collection":[{"href":"https:\/\/esentevibrationale.com\/index.php?rest_route=\/wp\/v2\/product"}],"about":[{"href":"https:\/\/esentevibrationale.com\/index.php?rest_route=\/wp\/v2\/types\/product"}],"wp:featuredmedia":[{"embeddable":true,"href":"https:\/\/esentevibrationale.com\/index.php?rest_route=\/wp\/v2\/media\/1671"}],"wp:attachment":[{"href":"https:\/\/esentevibrationale.com\/index.php?rest_route=%2Fwp%2Fv2%2Fmedia&parent=1668"}],"wp:term":[{"taxonomy":"product_brand","embeddable":true,"href":"https:\/\/esentevibrationale.com\/index.php?rest_route=%2Fwp%2Fv2%2Fproduct_brand&post=1668"},{"taxonomy":"product_cat","embeddable":true,"href":"https:\/\/esentevibrationale.com\/index.php?rest_route=%2Fwp%2Fv2%2Fproduct_cat&post=1668"},{"taxonomy":"product_tag","embeddable":true,"href":"https:\/\/esentevibrationale.com\/index.php?rest_route=%2Fwp%2Fv2%2Fproduct_tag&post=1668"}],"curies":[{"name":"wp","href":"https:\/\/api.w.org\/{rel}","templated":true}]}}