{"id":1672,"date":"2018-11-14T15:33:57","date_gmt":"2018-11-14T14:33:57","guid":{"rendered":"https:\/\/phiessences.com\/Romania\/?post_type=product&#038;p=1672"},"modified":"2025-12-31T12:31:12","modified_gmt":"2025-12-31T10:31:12","slug":"fireweed-zburatoarea","status":"publish","type":"product","link":"https:\/\/esentevibrationale.com\/?product=fireweed-zburatoarea","title":{"rendered":"37.) Fireweed \/ Zbur\u0103toarea"},"content":{"rendered":"<p><strong>(Epilobium angustifolium) <\/strong><\/p>\n<p><em>Zbur\u0103toarea este o plant\u0103 pionier \u0219i poate fi g\u0103sit\u0103 \u00een medii \u00een care echilibrul interior al naturii a suferit modific\u0103ri, de exemplu: dup\u0103 un incendiu \u00een p\u0103dure sau dup\u0103 lucr\u0103- rile de cur\u0103\u021bare. Acest arbust de 1 &#8211; 2 m \u00een\u0103l\u021bime \u00eenflore\u0219te vara. Florile sale au nuan\u021be de roz intens \u0219i formeaz\u0103 pericarpe, care odat\u0103 maturizate, explodeaz\u0103 eliber\u00e2nd fire albe cu semin\u021be.<\/em><\/p>\n<p><strong><em>Efectul Esen\u021bei: <\/em><\/strong>Esen\u021ba de Zbur\u0103toare reface energia la toate nivelurile, acolo unde au existat unele leziuni. Aceasta este folositoare pentru a restabili energia dup\u0103 un \u0219oc sau o traum\u0103.<\/p>\n<p><strong><em>Efectul Esen\u021bei la Nivel Fizic: <\/em><\/strong>Aceast\u0103 esen\u021b\u0103 ne ajut\u0103 s\u0103 dep\u0103\u0219im situa\u021biile de \u0219oc, de exemplu: dup\u0103 un accident, (la fel ca \u0219i planta care cre\u0219te acolo unde p\u0103m\u00e2ntul a suferit un \u0219oc). Esen\u021ba \u00eencurajeaz\u0103 tr\u0103inicia la toate nivelurile \u0219i vom \u00eenv\u0103\u021ba s\u0103 ne folosim corpul cu grij\u0103. Blocajele din trecut vor disp\u0103rea \u0219i zonele afectate ale organismului se pot reface \u0219i se vor asimila \u00een ansamblu \u0219i prin urmare se vor elibera toate traumele legate de ele.<\/p>\n<p><strong><em>Efectul Esen\u021bei la Nivel Emo\u021bional: <\/em><\/strong>Persoanele care trebuie s\u0103 se rup\u0103 de trecutul plin de dificult\u0103\u021bi pot g\u0103si \u00een esen\u021ba Zbur\u0103toarei un ajutor incomparabil. R\u0103nile emo\u021bionale, de exemplu: dup\u0103 un abuz, o separare, tortur\u0103 sau r\u0103nile r\u0103zboiului vor g\u0103si \u00een aceast\u0103 esen\u021b\u0103 un complement energetic excep\u021bional.<\/p>\n<p><strong><em>Efectul Esen\u021bei la Nivel Mental: <\/em><\/strong>Esen\u021ba n<em>e <\/em>stimuleaz\u0103 capacitatea proprie de a disipa g\u00e2ndurile \u0219i amintirile negative \u00een special, acele g\u00e2nduri care au leg\u0103tur\u0103 cu o situa\u021bie grea tr\u0103it\u0103. Ne putem elibera de energia negativ\u0103 a g\u00e2ndului, tensiunilor, grijilor \u0219i r\u0103nilor care au o origine personal\u0103 sau planetar\u0103. Esen\u021ba restabile\u0219te fluxul natural de energie, l\u0103s\u00e2nd u\u0219a deschis\u0103 pentru dezvoltarea \u0219i reorientarea viitoare a puterii noastre mentale.<\/p>\n<p><strong><em>Efectul Esen\u021bei la Nivel Spiritual: <\/em><\/strong>Cu aceast\u0103 esen\u021b\u0103 \u00eenv\u0103\u021b\u0103m c\u0103 inclusiv dup\u0103 ce dep\u0103\u0219im cele mai grave experien\u021be, floarea noastr\u0103 interioar\u0103 se poate redeschide. Vom tr\u0103i procese de transformare, care vor uni str\u00e2ns corpul, mintea \u0219i sufletul.<\/p>\n<p><strong><em>Afirma\u021bia: <\/em><\/strong>R\u0103nile vechi se vindec\u0103 \u0219i \u00eemi planific viitorul.<\/p>\n","protected":false},"excerpt":{"rendered":"<p><strong>\u00a0<\/strong><\/p>\n<p>&nbsp;<\/p>\n","protected":false},"featured_media":13168,"template":"","meta":[],"product_brand":[],"product_cat":[45],"product_tag":[],"class_list":{"0":"post-1672","1":"product","2":"type-product","3":"status-publish","4":"has-post-thumbnail","6":"product_cat-esente-de-flori-salbatice","7":"pa_size-15ml","8":"pa_size-30ml","10":"first","11":"instock","12":"shipping-taxable","13":"purchasable","14":"product-type-variable","15":"has-default-attributes"},"_links":{"self":[{"href":"https:\/\/esentevibrationale.com\/index.php?rest_route=\/wp\/v2\/product\/1672","targetHints":{"allow":["GET"]}}],"collection":[{"href":"https:\/\/esentevibrationale.com\/index.php?rest_route=\/wp\/v2\/product"}],"about":[{"href":"https:\/\/esentevibrationale.com\/index.php?rest_route=\/wp\/v2\/types\/product"}],"wp:featuredmedia":[{"embeddable":true,"href":"https:\/\/esentevibrationale.com\/index.php?rest_route=\/wp\/v2\/media\/13168"}],"wp:attachment":[{"href":"https:\/\/esentevibrationale.com\/index.php?rest_route=%2Fwp%2Fv2%2Fmedia&parent=1672"}],"wp:term":[{"taxonomy":"product_brand","embeddable":true,"href":"https:\/\/esentevibrationale.com\/index.php?rest_route=%2Fwp%2Fv2%2Fproduct_brand&post=1672"},{"taxonomy":"product_cat","embeddable":true,"href":"https:\/\/esentevibrationale.com\/index.php?rest_route=%2Fwp%2Fv2%2Fproduct_cat&post=1672"},{"taxonomy":"product_tag","embeddable":true,"href":"https:\/\/esentevibrationale.com\/index.php?rest_route=%2Fwp%2Fv2%2Fproduct_tag&post=1672"}],"curies":[{"name":"wp","href":"https:\/\/api.w.org\/{rel}","templated":true}]}}