{"id":1676,"date":"2018-11-14T15:39:02","date_gmt":"2018-11-14T14:39:02","guid":{"rendered":"https:\/\/phiessences.com\/Romania\/?post_type=product&#038;p=1676"},"modified":"2025-12-31T12:35:15","modified_gmt":"2025-12-31T10:35:15","slug":"paradise-lily-crinul-paradis","status":"publish","type":"product","link":"https:\/\/esentevibrationale.com\/?product=paradise-lily-crinul-paradis","title":{"rendered":"38.) Paradise Lily \/ Crinul Paradis"},"content":{"rendered":"<p><strong>(Paradisea liliastrum) <\/strong><\/p>\n<p><em>Dintre cele aproape 90 de tipuri de crini, Crinul Alb este unul dintre cei mai frumo\u0219i. Caliciile sale de un alb pur, \u00een form\u0103 de clopot, eman\u0103 un parfum incomparabil. \u00centreaga plant\u0103 eman\u0103 o lumin\u0103 nobil\u0103 \u0219i pur\u0103. Nu e de mirare c\u0103 se nume\u0219te &#8222;crinul Fecioarei&#8221;, \u00een nuan\u021ba sa de alb pur a fost venerat ca simbol al purit\u0103\u021bii \u00een zona de est a bazinului Mediteraneean.<\/em><\/p>\n<p><strong><em>Efectul Esen\u021bei: <\/em><\/strong>Esen\u021ba Crinului Alb des- chide Chakra a-7-a \u0219i astfel, stabile\u0219te leg\u0103tura noastr\u0103 cu experien\u021ba imaginii generale. Este ideal\u0103 pentru medita\u021bie \u0219i sus\u021bine con\u0219tientizarea faptului c\u0103 facem parte din \u00eentreg.<\/p>\n<p><strong><em>Efectul Esen\u021bei la Nivel Fizic: <\/em><\/strong>Esen\u021ba Crinului are o energie intens\u0103 de cur\u0103\u021bare, de care beneficiaz\u0103 \u00eentregul organism. C\u00e2nd aplic\u0103m esen\u021ba, blocajele energiei vitale \u0219i impurit\u0103\u021bile corpului se pot estompa. Esen\u021ba Crinului Alb completeaz\u0103 curele de post sau schimb\u0103rile obiceiurilor alimentare, care ne elibereaz\u0103 de impurit\u0103\u021bi energetice, care reprezint\u0103 \u00eenc\u0103 o povar\u0103 pentru noi.<\/p>\n<p><strong><em>Efectul Esen\u021bei la Nivel Emo\u021bional: <\/em><\/strong>Cu aceast\u0103 esen\u021b\u0103 ne putem elibera de sentimentele negative cum ar fi discu\u021bii din trecut, sup\u0103r\u0103ri vechi, furie acumulat\u0103 \u0219i dezam\u0103giri. Esen\u021ba creeaz\u0103 un echilibru interior, care ne ajut\u0103 s\u0103 p\u0103str\u0103m rela\u021biile deschise \u0219i cordiale cu vecinii no\u0219tri. Toate sunt posibile dac\u0103 exist\u0103 \u00een\u021belegere, toleran\u021b\u0103 \u0219i pricepere.<\/p>\n<p><strong><em>Efectul Esen\u021bei la Nivel Mental: <\/em><\/strong>Albul pur al florii reprezint\u0103 claritatea g\u00e2ndurilor, pe care aceast\u0103 esen\u021b\u0103 o promoveaz\u0103. Ne eliber\u0103m de vechile obiceiuri \u0219i \u00eencepem o nou\u0103 pagin\u0103 (goal\u0103) \u00een cartea vie\u021bii. Cu esen\u021ba Crinului Alb putem dep\u0103na modele de g\u00e2ndire \u0219i ne putem educa sim\u021bul nostru de dreptate \u0219i sinceritate.<\/p>\n<p><strong><em>Efectul Esen\u021bei la Nivel Spiritual: <\/em><\/strong>Prin intermediul esen\u021bei Crinului Alb devenim con\u0219tien\u021bi de Hristosul din interiorul nostru. Ne deschide Chakra a-7-a c\u0103tre centri energetici superiori \u0219i lumina alb\u0103 ne va inunda. Esen\u021ba extinde unghiul nostru de vedere \u0219i poate promova vizibilitatea aurei noastre.<\/p>\n<p><strong><em>Afirma\u021bia: <\/em><\/strong>Dragostea lui Dumnezeu m\u0103 c\u0103l\u0103uze\u0219te \u0219i m\u0103 conduce.<\/p>\n","protected":false},"excerpt":{"rendered":"<p>(Paradisea liliastrum) Dintre cele aproape 90 de tipuri de crini, Crinul Alb este unul dintre cei mai frumo\u0219i. Caliciile sale de un alb pur, \u00een form\u0103 de clopot, eman\u0103 un parfum incomparabil. \u00centreaga plant\u0103 eman\u0103 o lumin\u0103 nobil\u0103 \u0219i pur\u0103. Nu e de mirare c\u0103 se nume\u0219te &#8222;crinul Fecioarei&#8221;, \u00een nuan\u021ba sa de alb pur &hellip; <a href=\"https:\/\/esentevibrationale.com\/?product=paradise-lily-crinul-paradis\" class=\"more-link\">Continu\u0103 lectura <span class=\"screen-reader-text\">38.) Paradise Lily \/ Crinul Paradis<\/span> <span class=\"meta-nav\">&rarr;<\/span><\/a><\/p>\n","protected":false},"featured_media":13169,"template":"","meta":[],"product_brand":[],"product_cat":[45],"product_tag":[],"class_list":{"0":"post-1676","1":"product","2":"type-product","3":"status-publish","4":"has-post-thumbnail","6":"product_cat-esente-de-flori-salbatice","7":"pa_size-15ml","8":"pa_size-30ml","10":"first","11":"instock","12":"shipping-taxable","13":"purchasable","14":"product-type-variable","15":"has-default-attributes"},"_links":{"self":[{"href":"https:\/\/esentevibrationale.com\/index.php?rest_route=\/wp\/v2\/product\/1676","targetHints":{"allow":["GET"]}}],"collection":[{"href":"https:\/\/esentevibrationale.com\/index.php?rest_route=\/wp\/v2\/product"}],"about":[{"href":"https:\/\/esentevibrationale.com\/index.php?rest_route=\/wp\/v2\/types\/product"}],"wp:featuredmedia":[{"embeddable":true,"href":"https:\/\/esentevibrationale.com\/index.php?rest_route=\/wp\/v2\/media\/13169"}],"wp:attachment":[{"href":"https:\/\/esentevibrationale.com\/index.php?rest_route=%2Fwp%2Fv2%2Fmedia&parent=1676"}],"wp:term":[{"taxonomy":"product_brand","embeddable":true,"href":"https:\/\/esentevibrationale.com\/index.php?rest_route=%2Fwp%2Fv2%2Fproduct_brand&post=1676"},{"taxonomy":"product_cat","embeddable":true,"href":"https:\/\/esentevibrationale.com\/index.php?rest_route=%2Fwp%2Fv2%2Fproduct_cat&post=1676"},{"taxonomy":"product_tag","embeddable":true,"href":"https:\/\/esentevibrationale.com\/index.php?rest_route=%2Fwp%2Fv2%2Fproduct_tag&post=1676"}],"curies":[{"name":"wp","href":"https:\/\/api.w.org\/{rel}","templated":true}]}}