{"id":1680,"date":"2018-11-14T15:42:47","date_gmt":"2018-11-14T14:42:47","guid":{"rendered":"https:\/\/phiessences.com\/Romania\/?post_type=product&#038;p=1680"},"modified":"2025-12-31T12:36:20","modified_gmt":"2025-12-31T10:36:20","slug":"meadoe-grlic-usturoi-de-lunca","status":"publish","type":"product","link":"https:\/\/esentevibrationale.com\/?product=meadoe-grlic-usturoi-de-lunca","title":{"rendered":"39.) Meadoe Grlic \/ Ustruroi de Lunc\u0103"},"content":{"rendered":"<p><strong>(Allium angulosum) <\/strong><\/p>\n<p><em>Usturoiul de Lunc\u0103 cre\u0219te at\u00e2t pe soluri pietroase, uscate c\u00e2t \u0219i pe paji\u0219tile umede situate de-a lungul cursurilor apelor. Are efect antibacterian, activeaz\u0103 tractul digestiv, promoveaz\u0103 circula\u021bia s\u00e2ngelui \u0219i procesele de catabolism ale organismului. \u00cen medicina naturist\u0103 se aplic\u0103 \u00een cazul tulbur\u0103rilor digestive \u0219i nervoase.<\/em><\/p>\n<p><strong><em>Efectul Esen\u021bei: <\/em><\/strong>Esen\u021ba Usturoiului de Lunc\u0103 are un efect de calmare \u0219i atenuare a tuturor formelor de anxietate. Elibereaz\u0103 energie \u00eentregului sistem a corpului, min\u021bii \u0219i spiritului.<\/p>\n<p><strong><em>Efectul Esen\u021bei la Nivel Fizic: <\/em><\/strong>Esen\u021ba Usturoiului de Lunc\u0103 \u00eencepe procesul de purificare care stimuleaz\u0103 voin\u021ba \u0219i metabolismul. Cu toate acestea, efectul s\u0103u principal este de eradicarea fricilor care pot fi cauza tulbur\u0103rilor fizice. Persoanele cu multe frici au tendin\u021ba de a fi bolnave, iar atunci c\u00e2nd nu se \u00eemboln\u0103vesc repede, nu par niciodat\u0103 s\u0103n\u0103toase, ele ac\u021bioneaz\u0103 \u00eentr- un mod fragil aproape imperceptibil. \u00cen func\u021bie de tipul fricii, pe care \u00eel au le sunt afectate diferite organe. \u00cen aceste situa\u021bii, esen\u021ba Usturoiului de Lunc\u0103 este folositoare prin efectul s\u0103u revitalizant \u0219i \u00eent\u0103ritor. Este singura esen\u021ba care are un efect decisiv \u00een cazul tuturor fricilor (sunt nenum\u0103rate esen\u021be pentru a trata fricile).<\/p>\n<p><strong><em>Efectul Esen\u021bei la Nivel Emo\u021bional: <\/em><\/strong>Lipsa \u00eencrederii \u00een sine, frica de viitor frica de a ac\u021biona, presiunea de a ob\u021bine rezultate, sunt doar c\u00e2teva emo\u021bii asupra c\u0103rora ac\u021bioneaz\u0103 esen\u021ba Usturoiului de Lunc\u0103. Cu ea vom fi con\u0219tien\u021bi de abilit\u0103\u021bile noastre interioare \u0219i vom fi capabili s\u0103 ne rec\u0103p\u0103t\u0103m \u00eencrederea \u00een ele. La final, natura proprie va fi mai lini\u0219tit\u0103 \u0219i relaxat\u0103 \u0219i vom \u0219ti cum s\u0103 ne dezvolt\u0103m cu mai mult\u0103 serenitate \u00een situa\u021biile de fric\u0103.<\/p>\n<p><strong><em>Efectul Esen\u021bei la Nivel Mental: <\/em><\/strong>G\u00e2ndurile de fric\u0103 urmeaz\u0103 adesea un obicei \u00eenv\u0103\u021bat, specific, asupra c\u0103ruia aceast\u0103 esen\u021ba ac\u021bioneaz\u0103 ajut\u00e2ndu-ne s\u0103 \u00eel privim cu mai mult\u0103 u\u0219urin\u021b\u0103 \u0219i \u00een final s\u0103 \u00eel elimin\u0103m. Odat\u0103 ce am eliminat frica, un poten\u021bial important de energie mental\u0103 se elibereaz\u0103, acesta fiind absorbit p\u00e2n\u0103 acum de fric\u0103 \u0219i de aceea nu am petrecut lucruri mai pl\u0103cute \u00een via\u021b\u0103.<\/p>\n<p><strong><em>Efectul Esen\u021bei la Nivel Spiritual: <\/em><\/strong>Cu esen\u021ba Usturoiului de Lunc\u0103, ne putem elibera de lan\u021burile energetice ale fricii. \u00cen plus, \u00een medita\u021bie \u0219i alte practici de extindere a con\u0219tiin\u021bei putem descoperi originea fricilor \u0219i s\u0103 lucr\u0103m ca s\u0103 le dep\u0103\u0219im. Prin intermediul acestei esen\u021be experien\u021bele pot fi v\u0103zute dintr-un sentiment sigur de protec\u021bie.<\/p>\n<p><strong><em>Afirma\u021bia<\/em><\/strong>: Nu sunt expus la toate pericolele.<\/p>\n","protected":false},"excerpt":{"rendered":"<p>(Allium angulosum) Usturoiul de Lunc\u0103 cre\u0219te at\u00e2t pe soluri pietroase, uscate c\u00e2t \u0219i pe paji\u0219tile umede situate de-a lungul cursurilor apelor. Are efect antibacterian, activeaz\u0103 tractul digestiv, promoveaz\u0103 circula\u021bia s\u00e2ngelui \u0219i procesele de catabolism ale organismului. \u00cen medicina naturist\u0103 se aplic\u0103 \u00een cazul tulbur\u0103rilor digestive \u0219i nervoase. Efectul Esen\u021bei: Esen\u021ba Usturoiului de Lunc\u0103 are un &hellip; <a href=\"https:\/\/esentevibrationale.com\/?product=meadoe-grlic-usturoi-de-lunca\" class=\"more-link\">Continu\u0103 lectura <span class=\"screen-reader-text\">39.) Meadoe Grlic \/ Ustruroi de Lunc\u0103<\/span> <span class=\"meta-nav\">&rarr;<\/span><\/a><\/p>\n","protected":false},"featured_media":13170,"template":"","meta":[],"product_brand":[],"product_cat":[45],"product_tag":[],"class_list":{"0":"post-1680","1":"product","2":"type-product","3":"status-publish","4":"has-post-thumbnail","6":"product_cat-esente-de-flori-salbatice","7":"pa_size-15ml","8":"pa_size-30ml","10":"first","11":"instock","12":"shipping-taxable","13":"purchasable","14":"product-type-variable","15":"has-default-attributes"},"_links":{"self":[{"href":"https:\/\/esentevibrationale.com\/index.php?rest_route=\/wp\/v2\/product\/1680","targetHints":{"allow":["GET"]}}],"collection":[{"href":"https:\/\/esentevibrationale.com\/index.php?rest_route=\/wp\/v2\/product"}],"about":[{"href":"https:\/\/esentevibrationale.com\/index.php?rest_route=\/wp\/v2\/types\/product"}],"wp:featuredmedia":[{"embeddable":true,"href":"https:\/\/esentevibrationale.com\/index.php?rest_route=\/wp\/v2\/media\/13170"}],"wp:attachment":[{"href":"https:\/\/esentevibrationale.com\/index.php?rest_route=%2Fwp%2Fv2%2Fmedia&parent=1680"}],"wp:term":[{"taxonomy":"product_brand","embeddable":true,"href":"https:\/\/esentevibrationale.com\/index.php?rest_route=%2Fwp%2Fv2%2Fproduct_brand&post=1680"},{"taxonomy":"product_cat","embeddable":true,"href":"https:\/\/esentevibrationale.com\/index.php?rest_route=%2Fwp%2Fv2%2Fproduct_cat&post=1680"},{"taxonomy":"product_tag","embeddable":true,"href":"https:\/\/esentevibrationale.com\/index.php?rest_route=%2Fwp%2Fv2%2Fproduct_tag&post=1680"}],"curies":[{"name":"wp","href":"https:\/\/api.w.org\/{rel}","templated":true}]}}