{"id":1684,"date":"2018-11-14T15:46:14","date_gmt":"2018-11-14T14:46:14","guid":{"rendered":"https:\/\/phiessences.com\/Romania\/?post_type=product&#038;p=1684"},"modified":"2025-12-31T12:39:37","modified_gmt":"2025-12-31T10:39:37","slug":"wild-carrot-morcov","status":"publish","type":"product","link":"https:\/\/esentevibrationale.com\/?product=wild-carrot-morcov","title":{"rendered":"40.) Wild Carrot \/ Morcov"},"content":{"rendered":"<p><strong>(Daucus carota)<\/strong><\/p>\n<p><em>Morcovul S\u0103lbatic cre\u0219te pe soluri semi- uscate, pietroase sau nisipoase. Poate ajunge de la 40 &#8211; 90 cm \u00een\u0103l\u021bime \u0219i florile sale albe umbelifere au o floare mov \u00een centru. \u00cenflore\u0219te \u00eentre lunile aprilie \u0219i noiembrie \u00een Europa, vestul Asiei \u0219i Africa de Nord. \u00cen medicina naturist\u0103, Morcovul S\u0103lbatic este folosit pentru tratarea rinichilor \u0219i tulbur\u0103rilor de stomac.<\/em><\/p>\n<p><strong><em>Efectul Esen\u021bei: <\/em><\/strong>Esen\u021ba Morcovului S\u0103lbatic promoveaz\u0103 percep\u021bia plastica intern\u0103 \u0219i extern\u0103. Aduce o \u00eent\u0103rire energetic\u0103 a vederii \u0219i o calmare mental\u0103 prin \u00eembun\u0103t\u0103\u021birea \u00een\u021belegerii holistice.<\/p>\n<p><strong><em>Efectul Esen\u021bei la Nivel Fizic: <\/em><\/strong>La nivelul corpului esen\u021b\u0103 poate trata orice tulburare legat\u0103 de ochi. Ne promoveaz\u0103 vederea la nivel energetic. \u00cen plus, esen\u021ba Morcovului S\u0103lbatic este un tonic care sus\u021bine energetic coloana vertebral\u0103.<\/p>\n<p><strong><em>Efectul Esen\u021bei la Nivel Emo\u021bional: <\/em><\/strong>Emo\u021biile ne\u00een\u021belese sau suprimate g\u0103sesc \u00een esen\u021ba Morcovului S\u0103lbatic o vibra\u021bie care \u00een primul r\u00e2nd ne face con\u0219tien\u021bi de ele \u0219i ulterior le risipe\u0219te. Vom \u00eenv\u0103\u021ba cum s\u0103 recunoa\u0219tem prin ochi mai bine sentimentele \u0219i s\u0103 le \u00een\u021belegem. Astfel, putem \u00eencepe procesul de &#8222;purificare&#8221; \u00een timpul c\u0103ruia ne vom elibera de surplusurile emo\u021bionale.<\/p>\n<p><strong><em>Efectul Esen\u021bei la Nivel Mental: <\/em><\/strong>Esen\u021ba are un efect calmant asupra min\u021bii, \u00een timp ce \u00eencetine\u0219te activitatea continua a min\u021bii \u00een cazul intelectualilor. Esen\u021ba ne ajut\u0103 la opri- rea fluxului g\u00e2ndurilor \u0219i atragerea puterii \u00een timpul pauzei mentale.<\/p>\n<p><strong><em>Efectul Esen\u021bei la Nivel Spiritual: <\/em><\/strong>Cu aceast\u0103 esen\u021b\u0103 vom ob\u021bine o \u00een\u021belegere \u0219i o cunoa\u0219tere mai profund\u0103 la nivel spiritual. Este o surs\u0103 de claritate spiritual\u0103, pentru persoanele care caut\u0103 ceva, care nu cred sau sunt afectate adesea de viziuni negative. Prin esen\u021b\u0103 experiment\u0103m claritate despre situa\u021bia noastr\u0103 \u0219i putem dizolva structurile negative. Esen\u021ba este un ideal compliment pentru reprezenta\u021biile \u0219i \u00een c\u0103l\u0103toriile ghidate, ne accelereaz\u0103 capacitatea noastr\u0103 de viziune interioare.<\/p>\n<p><strong><em>Afirma\u021bia: <\/em><\/strong>V\u0103d cu claritate \u0219i m\u0103 eliberez de g\u00e2ndurile distorsionate \u0219i negative.<\/p>\n<p>&nbsp;<\/p>\n","protected":false},"excerpt":{"rendered":"<p>&nbsp;<\/p>\n<p>&nbsp;<\/p>\n","protected":false},"featured_media":13171,"template":"","meta":[],"product_brand":[],"product_cat":[45],"product_tag":[],"class_list":{"0":"post-1684","1":"product","2":"type-product","3":"status-publish","4":"has-post-thumbnail","6":"product_cat-esente-de-flori-salbatice","7":"pa_size-15ml","8":"pa_size-30ml","10":"first","11":"instock","12":"shipping-taxable","13":"purchasable","14":"product-type-variable","15":"has-default-attributes"},"_links":{"self":[{"href":"https:\/\/esentevibrationale.com\/index.php?rest_route=\/wp\/v2\/product\/1684","targetHints":{"allow":["GET"]}}],"collection":[{"href":"https:\/\/esentevibrationale.com\/index.php?rest_route=\/wp\/v2\/product"}],"about":[{"href":"https:\/\/esentevibrationale.com\/index.php?rest_route=\/wp\/v2\/types\/product"}],"wp:featuredmedia":[{"embeddable":true,"href":"https:\/\/esentevibrationale.com\/index.php?rest_route=\/wp\/v2\/media\/13171"}],"wp:attachment":[{"href":"https:\/\/esentevibrationale.com\/index.php?rest_route=%2Fwp%2Fv2%2Fmedia&parent=1684"}],"wp:term":[{"taxonomy":"product_brand","embeddable":true,"href":"https:\/\/esentevibrationale.com\/index.php?rest_route=%2Fwp%2Fv2%2Fproduct_brand&post=1684"},{"taxonomy":"product_cat","embeddable":true,"href":"https:\/\/esentevibrationale.com\/index.php?rest_route=%2Fwp%2Fv2%2Fproduct_cat&post=1684"},{"taxonomy":"product_tag","embeddable":true,"href":"https:\/\/esentevibrationale.com\/index.php?rest_route=%2Fwp%2Fv2%2Fproduct_tag&post=1684"}],"curies":[{"name":"wp","href":"https:\/\/api.w.org\/{rel}","templated":true}]}}