{"id":1695,"date":"2018-11-16T12:22:53","date_gmt":"2018-11-16T11:22:53","guid":{"rendered":"https:\/\/phiessences.com\/Romania\/?post_type=product&#038;p=1695"},"modified":"2026-01-08T13:58:48","modified_gmt":"2026-01-08T11:58:48","slug":"eyebright-iarba-de-silur","status":"publish","type":"product","link":"https:\/\/esentevibrationale.com\/?product=eyebright-iarba-de-silur","title":{"rendered":"Eyebright \/ Iarb\u0103 de Silur"},"content":{"rendered":"<p><strong>(Euphrasia officinalis)<\/strong><\/p>\n<p>Ascute capacitatea noastr\u0103 de a vedea \u00een mod clar, at\u00e2t fizic, c\u00e2t \u015fi l\u0103untric. Aceast\u0103 esen\u0163\u0103 ne ajut\u0103 s\u0103 ac\u0163ion\u0103m ra\u0163ional \u00een timpul crizelor emo\u0163ionale \u015fi ne consoleaz\u01ce, \u00een acela\u015fi timp, \u00een vremurile de am\u0103r\u0103ciune.<\/p>\n","protected":false},"excerpt":{"rendered":"<p>(Euphrasia officinalis) Ascute capacitatea noastr\u0103 de a vedea \u00een mod clar, at\u00e2t fizic, c\u00e2t \u015fi l\u0103untric. Aceast\u0103 esen\u0163\u0103 ne ajut\u0103 s\u0103 ac\u0163ion\u0103m ra\u0163ional \u00een timpul crizelor emo\u0163ionale \u015fi ne consoleaz\u01ce, \u00een acela\u015fi timp, \u00een vremurile de am\u0103r\u0103ciune.<\/p>\n","protected":false},"featured_media":1698,"template":"","meta":[],"product_brand":[],"product_cat":[46],"product_tag":[],"class_list":{"0":"post-1695","1":"product","2":"type-product","3":"status-publish","4":"has-post-thumbnail","6":"product_cat-esente-de-alte-flori-salbatice","7":"pa_size-15ml","8":"pa_size-30ml","10":"first","11":"instock","12":"shipping-taxable","13":"purchasable","14":"product-type-variable","15":"has-default-attributes"},"_links":{"self":[{"href":"https:\/\/esentevibrationale.com\/index.php?rest_route=\/wp\/v2\/product\/1695","targetHints":{"allow":["GET"]}}],"collection":[{"href":"https:\/\/esentevibrationale.com\/index.php?rest_route=\/wp\/v2\/product"}],"about":[{"href":"https:\/\/esentevibrationale.com\/index.php?rest_route=\/wp\/v2\/types\/product"}],"wp:featuredmedia":[{"embeddable":true,"href":"https:\/\/esentevibrationale.com\/index.php?rest_route=\/wp\/v2\/media\/1698"}],"wp:attachment":[{"href":"https:\/\/esentevibrationale.com\/index.php?rest_route=%2Fwp%2Fv2%2Fmedia&parent=1695"}],"wp:term":[{"taxonomy":"product_brand","embeddable":true,"href":"https:\/\/esentevibrationale.com\/index.php?rest_route=%2Fwp%2Fv2%2Fproduct_brand&post=1695"},{"taxonomy":"product_cat","embeddable":true,"href":"https:\/\/esentevibrationale.com\/index.php?rest_route=%2Fwp%2Fv2%2Fproduct_cat&post=1695"},{"taxonomy":"product_tag","embeddable":true,"href":"https:\/\/esentevibrationale.com\/index.php?rest_route=%2Fwp%2Fv2%2Fproduct_tag&post=1695"}],"curies":[{"name":"wp","href":"https:\/\/api.w.org\/{rel}","templated":true}]}}