{"id":1700,"date":"2018-11-16T12:26:27","date_gmt":"2018-11-16T11:26:27","guid":{"rendered":"https:\/\/phiessences.com\/Romania\/?post_type=product&#038;p=1700"},"modified":"2026-01-08T14:08:21","modified_gmt":"2026-01-08T12:08:21","slug":"wild-garlic-leurda","status":"publish","type":"product","link":"https:\/\/esentevibrationale.com\/?product=wild-garlic-leurda","title":{"rendered":"Wild Garlic \/ Leurd\u0103"},"content":{"rendered":"<p><strong>(Allum ursinum) <\/strong><\/p>\n<p>Stimuleaz\u01ce capacitatea noastr\u0103 de a digera, ceea ce via\u0163\u0103 ne serve\u015fte pe ambele nivele fizic \u015fi emo\u0163ional. Ne permite s\u0103 eliber\u0103m blocajele \u015fi poverile emo\u0163ionale, astfel \u00eenc\u00e2t ne putem bucura de via\u0163\u0103 din nou. Ne ajut\u0103 s\u01ce r\u0103m\u00e2nem mai coeren\u0163i \u015fi calmi \u00een situa\u0163iile stresante.<\/p>\n","protected":false},"excerpt":{"rendered":"<p>(Allum ursinum) Stimuleaz\u01ce capacitatea noastr\u0103 de a digera, ceea ce via\u0163\u0103 ne serve\u015fte pe ambele nivele fizic \u015fi emo\u0163ional. Ne permite s\u0103 eliber\u0103m blocajele \u015fi poverile emo\u0163ionale, astfel \u00eenc\u00e2t ne putem bucura de via\u0163\u0103 din nou. Ne ajut\u0103 s\u01ce r\u0103m\u00e2nem mai coeren\u0163i \u015fi calmi \u00een situa\u0163iile stresante.<\/p>\n","protected":false},"featured_media":1703,"template":"","meta":[],"product_brand":[],"product_cat":[46],"product_tag":[],"class_list":{"0":"post-1700","1":"product","2":"type-product","3":"status-publish","4":"has-post-thumbnail","6":"product_cat-esente-de-alte-flori-salbatice","7":"pa_size-15ml","8":"pa_size-30ml","10":"first","11":"instock","12":"shipping-taxable","13":"purchasable","14":"product-type-variable","15":"has-default-attributes"},"_links":{"self":[{"href":"https:\/\/esentevibrationale.com\/index.php?rest_route=\/wp\/v2\/product\/1700","targetHints":{"allow":["GET"]}}],"collection":[{"href":"https:\/\/esentevibrationale.com\/index.php?rest_route=\/wp\/v2\/product"}],"about":[{"href":"https:\/\/esentevibrationale.com\/index.php?rest_route=\/wp\/v2\/types\/product"}],"wp:featuredmedia":[{"embeddable":true,"href":"https:\/\/esentevibrationale.com\/index.php?rest_route=\/wp\/v2\/media\/1703"}],"wp:attachment":[{"href":"https:\/\/esentevibrationale.com\/index.php?rest_route=%2Fwp%2Fv2%2Fmedia&parent=1700"}],"wp:term":[{"taxonomy":"product_brand","embeddable":true,"href":"https:\/\/esentevibrationale.com\/index.php?rest_route=%2Fwp%2Fv2%2Fproduct_brand&post=1700"},{"taxonomy":"product_cat","embeddable":true,"href":"https:\/\/esentevibrationale.com\/index.php?rest_route=%2Fwp%2Fv2%2Fproduct_cat&post=1700"},{"taxonomy":"product_tag","embeddable":true,"href":"https:\/\/esentevibrationale.com\/index.php?rest_route=%2Fwp%2Fv2%2Fproduct_tag&post=1700"}],"curies":[{"name":"wp","href":"https:\/\/api.w.org\/{rel}","templated":true}]}}