{"id":1708,"date":"2018-11-16T17:51:39","date_gmt":"2018-11-16T16:51:39","guid":{"rendered":"https:\/\/phiessences.com\/Romania\/?post_type=product&#038;p=1708"},"modified":"2026-01-08T14:02:42","modified_gmt":"2026-01-08T12:02:42","slug":"maidenhair-tree-arborele-pagodelor","status":"publish","type":"product","link":"https:\/\/esentevibrationale.com\/?product=maidenhair-tree-arborele-pagodelor","title":{"rendered":"Maidenhair Tree &#8211; Ginkgobaum \/ Arborele Pagodelor &#8211; Ginkgo Biloba"},"content":{"rendered":"<p><strong>(Ginkgo biloba)<\/strong><\/p>\n<p>Esen\u021ba ne permite s\u0103 rezist\u0103m \u00een medii dure fizic sau emo\u0163ional, prin consolidarea for\u0163elor noastre interioare. Ofer\u0103 speran\u0163a \u015fi puterea de a rezista \u00een fa\u0163a obstacolelor.<\/p>\n","protected":false},"excerpt":{"rendered":"<p>(Ginkgo biloba) Esen\u021ba ne permite s\u0103 rezist\u0103m \u00een medii dure fizic sau emo\u0163ional, prin consolidarea for\u0163elor noastre interioare. Ofer\u0103 speran\u0163a \u015fi puterea de a rezista \u00een fa\u0163a obstacolelor.<\/p>\n","protected":false},"featured_media":13179,"template":"","meta":[],"product_brand":[],"product_cat":[46],"product_tag":[],"class_list":{"0":"post-1708","1":"product","2":"type-product","3":"status-publish","4":"has-post-thumbnail","6":"product_cat-esente-de-alte-flori-salbatice","7":"pa_size-15ml","8":"pa_size-30ml","10":"first","11":"instock","12":"shipping-taxable","13":"purchasable","14":"product-type-variable","15":"has-default-attributes"},"_links":{"self":[{"href":"https:\/\/esentevibrationale.com\/index.php?rest_route=\/wp\/v2\/product\/1708","targetHints":{"allow":["GET"]}}],"collection":[{"href":"https:\/\/esentevibrationale.com\/index.php?rest_route=\/wp\/v2\/product"}],"about":[{"href":"https:\/\/esentevibrationale.com\/index.php?rest_route=\/wp\/v2\/types\/product"}],"wp:featuredmedia":[{"embeddable":true,"href":"https:\/\/esentevibrationale.com\/index.php?rest_route=\/wp\/v2\/media\/13179"}],"wp:attachment":[{"href":"https:\/\/esentevibrationale.com\/index.php?rest_route=%2Fwp%2Fv2%2Fmedia&parent=1708"}],"wp:term":[{"taxonomy":"product_brand","embeddable":true,"href":"https:\/\/esentevibrationale.com\/index.php?rest_route=%2Fwp%2Fv2%2Fproduct_brand&post=1708"},{"taxonomy":"product_cat","embeddable":true,"href":"https:\/\/esentevibrationale.com\/index.php?rest_route=%2Fwp%2Fv2%2Fproduct_cat&post=1708"},{"taxonomy":"product_tag","embeddable":true,"href":"https:\/\/esentevibrationale.com\/index.php?rest_route=%2Fwp%2Fv2%2Fproduct_tag&post=1708"}],"curies":[{"name":"wp","href":"https:\/\/api.w.org\/{rel}","templated":true}]}}