{"id":1712,"date":"2018-11-16T13:05:19","date_gmt":"2018-11-16T12:05:19","guid":{"rendered":"https:\/\/phiessences.com\/Romania\/?post_type=product&#038;p=1712"},"modified":"2026-01-08T13:56:37","modified_gmt":"2026-01-08T11:56:37","slug":"coltsfoot-brusturel","status":"publish","type":"product","link":"https:\/\/esentevibrationale.com\/?product=coltsfoot-brusturel","title":{"rendered":"Coltsfoot \/ Brusturel"},"content":{"rendered":"<p><strong>(Tussilago farfara) <\/strong><\/p>\n<p>Ne ajut\u0103 s\u0103 aducem la suprafa\u0163\u0103 emo\u0163iile reprimate, astfel \u00eenc\u00e2t le putem examina \u015fi ne eliber\u0103m de ele. Amelioreaz\u0103 stresul acumulat, astfel permi\u0163\u00e2ndu-ne s\u0103 determin\u0103m ceea ce este cu adev\u0103rat important.<\/p>\n","protected":false},"excerpt":{"rendered":"<p>(Tussilago farfara) Ne ajut\u0103 s\u0103 aducem la suprafa\u0163\u0103 emo\u0163iile reprimate, astfel \u00eenc\u00e2t le putem examina \u015fi ne eliber\u0103m de ele. Amelioreaz\u0103 stresul acumulat, astfel permi\u0163\u00e2ndu-ne s\u0103 determin\u0103m ceea ce este cu adev\u0103rat important.<\/p>\n","protected":false},"featured_media":1715,"template":"","meta":[],"product_brand":[],"product_cat":[46],"product_tag":[],"class_list":{"0":"post-1712","1":"product","2":"type-product","3":"status-publish","4":"has-post-thumbnail","6":"product_cat-esente-de-alte-flori-salbatice","7":"pa_size-15ml","8":"pa_size-30ml","10":"first","11":"instock","12":"shipping-taxable","13":"purchasable","14":"product-type-variable","15":"has-default-attributes"},"_links":{"self":[{"href":"https:\/\/esentevibrationale.com\/index.php?rest_route=\/wp\/v2\/product\/1712","targetHints":{"allow":["GET"]}}],"collection":[{"href":"https:\/\/esentevibrationale.com\/index.php?rest_route=\/wp\/v2\/product"}],"about":[{"href":"https:\/\/esentevibrationale.com\/index.php?rest_route=\/wp\/v2\/types\/product"}],"wp:featuredmedia":[{"embeddable":true,"href":"https:\/\/esentevibrationale.com\/index.php?rest_route=\/wp\/v2\/media\/1715"}],"wp:attachment":[{"href":"https:\/\/esentevibrationale.com\/index.php?rest_route=%2Fwp%2Fv2%2Fmedia&parent=1712"}],"wp:term":[{"taxonomy":"product_brand","embeddable":true,"href":"https:\/\/esentevibrationale.com\/index.php?rest_route=%2Fwp%2Fv2%2Fproduct_brand&post=1712"},{"taxonomy":"product_cat","embeddable":true,"href":"https:\/\/esentevibrationale.com\/index.php?rest_route=%2Fwp%2Fv2%2Fproduct_cat&post=1712"},{"taxonomy":"product_tag","embeddable":true,"href":"https:\/\/esentevibrationale.com\/index.php?rest_route=%2Fwp%2Fv2%2Fproduct_tag&post=1712"}],"curies":[{"name":"wp","href":"https:\/\/api.w.org\/{rel}","templated":true}]}}