{"id":1716,"date":"2018-11-16T13:10:12","date_gmt":"2018-11-16T12:10:12","guid":{"rendered":"https:\/\/phiessences.com\/Romania\/?post_type=product&#038;p=1716"},"modified":"2026-01-08T14:09:54","modified_gmt":"2026-01-08T12:09:54","slug":"periwinkle-brebenoc","status":"publish","type":"product","link":"https:\/\/esentevibrationale.com\/?product=periwinkle-brebenoc","title":{"rendered":"Periwinkle \/ Brebenoc"},"content":{"rendered":"<p><strong>(Vinca minor) <\/strong><\/p>\n<p>Are un efect calmant \u015fi de echilibrare. Esen\u0163a \u00eent\u0103re\u015fte sistemul nervos, astfel \u00eenc\u00e2t noi s\u0103 r\u0103m\u00e2nem calmi \u015fi centra\u0163i, chiar \u015fi \u00een situa\u0163iile foarte stresante. Promoveaz\u0103 \u02eenervii de o\u0163el\u02ee.<\/p>\n","protected":false},"excerpt":{"rendered":"<p>(Vinca minor) Are un efect calmant \u015fi de echilibrare. Esen\u0163a \u00eent\u0103re\u015fte sistemul nervos, astfel \u00eenc\u00e2t noi s\u0103 r\u0103m\u00e2nem calmi \u015fi centra\u0163i, chiar \u015fi \u00een situa\u0163iile foarte stresante. Promoveaz\u0103 \u02eenervii de o\u0163el\u02ee.<\/p>\n","protected":false},"featured_media":13181,"template":"","meta":[],"product_brand":[],"product_cat":[46],"product_tag":[],"class_list":{"0":"post-1716","1":"product","2":"type-product","3":"status-publish","4":"has-post-thumbnail","6":"product_cat-esente-de-alte-flori-salbatice","7":"pa_size-15ml","8":"pa_size-30ml","10":"first","11":"instock","12":"shipping-taxable","13":"purchasable","14":"product-type-variable","15":"has-default-attributes"},"_links":{"self":[{"href":"https:\/\/esentevibrationale.com\/index.php?rest_route=\/wp\/v2\/product\/1716","targetHints":{"allow":["GET"]}}],"collection":[{"href":"https:\/\/esentevibrationale.com\/index.php?rest_route=\/wp\/v2\/product"}],"about":[{"href":"https:\/\/esentevibrationale.com\/index.php?rest_route=\/wp\/v2\/types\/product"}],"wp:featuredmedia":[{"embeddable":true,"href":"https:\/\/esentevibrationale.com\/index.php?rest_route=\/wp\/v2\/media\/13181"}],"wp:attachment":[{"href":"https:\/\/esentevibrationale.com\/index.php?rest_route=%2Fwp%2Fv2%2Fmedia&parent=1716"}],"wp:term":[{"taxonomy":"product_brand","embeddable":true,"href":"https:\/\/esentevibrationale.com\/index.php?rest_route=%2Fwp%2Fv2%2Fproduct_brand&post=1716"},{"taxonomy":"product_cat","embeddable":true,"href":"https:\/\/esentevibrationale.com\/index.php?rest_route=%2Fwp%2Fv2%2Fproduct_cat&post=1716"},{"taxonomy":"product_tag","embeddable":true,"href":"https:\/\/esentevibrationale.com\/index.php?rest_route=%2Fwp%2Fv2%2Fproduct_tag&post=1716"}],"curies":[{"name":"wp","href":"https:\/\/api.w.org\/{rel}","templated":true}]}}