{"id":1720,"date":"2018-11-16T13:30:47","date_gmt":"2018-11-16T12:30:47","guid":{"rendered":"https:\/\/phiessences.com\/Romania\/?post_type=product&#038;p=1720"},"modified":"2026-01-08T14:01:11","modified_gmt":"2026-01-08T12:01:11","slug":"kanarische-kiefer-pin-din-insulele-canare","status":"publish","type":"product","link":"https:\/\/esentevibrationale.com\/?product=kanarische-kiefer-pin-din-insulele-canare","title":{"rendered":"Kanarische Kiefer \/ Pin din Insulele Canare"},"content":{"rendered":"<p><strong>(Pinus canariensis) <\/strong><\/p>\n<p>Ne ajut\u0103 s\u0103 ne eliber\u0103m de sentimentele profunde de ru\u015fine \u015fi de vinov\u0103\u0163ie. Ne protejeaz\u0103 de proiec\u0163iile g\u00e2ndirii negative ale altora \u015fi ne ajut\u0103 s\u0103 &#8222;respir\u0103m profund\u201d.<\/p>\n","protected":false},"excerpt":{"rendered":"<p>(Pinus canariensis) Ne ajut\u0103 s\u0103 ne eliber\u0103m de sentimentele profunde de ru\u015fine \u015fi de vinov\u0103\u0163ie. Ne protejeaz\u0103 de proiec\u0163iile g\u00e2ndirii negative ale altora \u015fi ne ajut\u0103 s\u0103 &#8222;respir\u0103m profund\u201d.<\/p>\n","protected":false},"featured_media":1721,"template":"","meta":[],"product_brand":[],"product_cat":[46],"product_tag":[],"class_list":{"0":"post-1720","1":"product","2":"type-product","3":"status-publish","4":"has-post-thumbnail","6":"product_cat-esente-de-alte-flori-salbatice","7":"pa_size-15ml","8":"pa_size-30ml","10":"first","11":"instock","12":"shipping-taxable","13":"purchasable","14":"product-type-variable","15":"has-default-attributes"},"_links":{"self":[{"href":"https:\/\/esentevibrationale.com\/index.php?rest_route=\/wp\/v2\/product\/1720","targetHints":{"allow":["GET"]}}],"collection":[{"href":"https:\/\/esentevibrationale.com\/index.php?rest_route=\/wp\/v2\/product"}],"about":[{"href":"https:\/\/esentevibrationale.com\/index.php?rest_route=\/wp\/v2\/types\/product"}],"wp:featuredmedia":[{"embeddable":true,"href":"https:\/\/esentevibrationale.com\/index.php?rest_route=\/wp\/v2\/media\/1721"}],"wp:attachment":[{"href":"https:\/\/esentevibrationale.com\/index.php?rest_route=%2Fwp%2Fv2%2Fmedia&parent=1720"}],"wp:term":[{"taxonomy":"product_brand","embeddable":true,"href":"https:\/\/esentevibrationale.com\/index.php?rest_route=%2Fwp%2Fv2%2Fproduct_brand&post=1720"},{"taxonomy":"product_cat","embeddable":true,"href":"https:\/\/esentevibrationale.com\/index.php?rest_route=%2Fwp%2Fv2%2Fproduct_cat&post=1720"},{"taxonomy":"product_tag","embeddable":true,"href":"https:\/\/esentevibrationale.com\/index.php?rest_route=%2Fwp%2Fv2%2Fproduct_tag&post=1720"}],"curies":[{"name":"wp","href":"https:\/\/api.w.org\/{rel}","templated":true}]}}