{"id":1724,"date":"2018-11-16T13:47:03","date_gmt":"2018-11-16T12:47:03","guid":{"rendered":"https:\/\/phiessences.com\/Romania\/?post_type=product&#038;p=1724"},"modified":"2026-01-08T14:38:08","modified_gmt":"2026-01-08T12:38:08","slug":"snapdragon-gura-leului","status":"publish","type":"product","link":"https:\/\/esentevibrationale.com\/?product=snapdragon-gura-leului","title":{"rendered":"Snapdragon \/ Gura-Leului"},"content":{"rendered":"<p><strong>\u00a0(Antirrhinum majus) <\/strong><\/p>\n<p>Promoveaz\u0103 abilitatea noastr\u0103 de a &#8222;grev\u0103 tonul potrivit&#8221;, atunci c\u00e2nd ne exprim\u0103m opinia noastr\u0103 prin armonizarea Chakrei a cincia (g\u00e2tului sau laringelui), astfel \u00eenc\u00e2t noi ne exprim\u0103m corespunz\u0103tor \u015fi chiar elegant.<\/p>\n","protected":false},"excerpt":{"rendered":"<p>\u00a0(Antirrhinum majus) Promoveaz\u0103 abilitatea noastr\u0103 de a &#8222;grev\u0103 tonul potrivit&#8221;, atunci c\u00e2nd ne exprim\u0103m opinia noastr\u0103 prin armonizarea Chakrei a cincia (g\u00e2tului sau laringelui), astfel \u00eenc\u00e2t noi ne exprim\u0103m corespunz\u0103tor \u015fi chiar elegant.<\/p>\n","protected":false},"featured_media":1727,"template":"","meta":[],"product_brand":[],"product_cat":[46],"product_tag":[],"class_list":{"0":"post-1724","1":"product","2":"type-product","3":"status-publish","4":"has-post-thumbnail","6":"product_cat-esente-de-alte-flori-salbatice","7":"pa_size-15ml","8":"pa_size-30ml","10":"first","11":"instock","12":"shipping-taxable","13":"purchasable","14":"product-type-variable","15":"has-default-attributes"},"_links":{"self":[{"href":"https:\/\/esentevibrationale.com\/index.php?rest_route=\/wp\/v2\/product\/1724","targetHints":{"allow":["GET"]}}],"collection":[{"href":"https:\/\/esentevibrationale.com\/index.php?rest_route=\/wp\/v2\/product"}],"about":[{"href":"https:\/\/esentevibrationale.com\/index.php?rest_route=\/wp\/v2\/types\/product"}],"wp:featuredmedia":[{"embeddable":true,"href":"https:\/\/esentevibrationale.com\/index.php?rest_route=\/wp\/v2\/media\/1727"}],"wp:attachment":[{"href":"https:\/\/esentevibrationale.com\/index.php?rest_route=%2Fwp%2Fv2%2Fmedia&parent=1724"}],"wp:term":[{"taxonomy":"product_brand","embeddable":true,"href":"https:\/\/esentevibrationale.com\/index.php?rest_route=%2Fwp%2Fv2%2Fproduct_brand&post=1724"},{"taxonomy":"product_cat","embeddable":true,"href":"https:\/\/esentevibrationale.com\/index.php?rest_route=%2Fwp%2Fv2%2Fproduct_cat&post=1724"},{"taxonomy":"product_tag","embeddable":true,"href":"https:\/\/esentevibrationale.com\/index.php?rest_route=%2Fwp%2Fv2%2Fproduct_tag&post=1724"}],"curies":[{"name":"wp","href":"https:\/\/api.w.org\/{rel}","templated":true}]}}