{"id":1730,"date":"2018-11-16T14:54:35","date_gmt":"2018-11-16T13:54:35","guid":{"rendered":"https:\/\/phiessences.com\/Romania\/?post_type=product&#038;p=1730"},"modified":"2026-01-08T13:58:08","modified_gmt":"2026-01-08T11:58:08","slug":"evening-primrose-ciubotica-cucului","status":"publish","type":"product","link":"https:\/\/esentevibrationale.com\/?product=evening-primrose-ciubotica-cucului","title":{"rendered":"Evening Primrose \/ Ciubo\u0163ica Cucului"},"content":{"rendered":"<p><strong>(Oenothera biennis) <\/strong><\/p>\n<p>Aduce\u00a0 lumin\u0103 \u00een \u00eentunericul temerilor noastre cele mai profunde. Calmeaz\u0103 \u015fi alin\u0103 emo\u0163iile noastre, astfel \u00eenc\u00e2t s\u0103 putem rec\u00e2\u015ftiga sentimentul de securitate, s\u0103 sim\u0163im c\u0103 suntem \u00een siguran\u0163\u0103 \u015fi proteja\u0163i.<\/p>\n","protected":false},"excerpt":{"rendered":"<p>(Oenothera biennis) Aduce\u00a0 lumin\u0103 \u00een \u00eentunericul temerilor noastre cele mai profunde. Calmeaz\u0103 \u015fi alin\u0103 emo\u0163iile noastre, astfel \u00eenc\u00e2t s\u0103 putem rec\u00e2\u015ftiga sentimentul de securitate, s\u0103 sim\u0163im c\u0103 suntem \u00een siguran\u0163\u0103 \u015fi proteja\u0163i.<\/p>\n","protected":false},"featured_media":1733,"template":"","meta":[],"product_brand":[],"product_cat":[46],"product_tag":[],"class_list":{"0":"post-1730","1":"product","2":"type-product","3":"status-publish","4":"has-post-thumbnail","6":"product_cat-esente-de-alte-flori-salbatice","7":"pa_size-15ml","8":"pa_size-30ml","10":"first","11":"instock","12":"shipping-taxable","13":"purchasable","14":"product-type-variable","15":"has-default-attributes"},"_links":{"self":[{"href":"https:\/\/esentevibrationale.com\/index.php?rest_route=\/wp\/v2\/product\/1730","targetHints":{"allow":["GET"]}}],"collection":[{"href":"https:\/\/esentevibrationale.com\/index.php?rest_route=\/wp\/v2\/product"}],"about":[{"href":"https:\/\/esentevibrationale.com\/index.php?rest_route=\/wp\/v2\/types\/product"}],"wp:featuredmedia":[{"embeddable":true,"href":"https:\/\/esentevibrationale.com\/index.php?rest_route=\/wp\/v2\/media\/1733"}],"wp:attachment":[{"href":"https:\/\/esentevibrationale.com\/index.php?rest_route=%2Fwp%2Fv2%2Fmedia&parent=1730"}],"wp:term":[{"taxonomy":"product_brand","embeddable":true,"href":"https:\/\/esentevibrationale.com\/index.php?rest_route=%2Fwp%2Fv2%2Fproduct_brand&post=1730"},{"taxonomy":"product_cat","embeddable":true,"href":"https:\/\/esentevibrationale.com\/index.php?rest_route=%2Fwp%2Fv2%2Fproduct_cat&post=1730"},{"taxonomy":"product_tag","embeddable":true,"href":"https:\/\/esentevibrationale.com\/index.php?rest_route=%2Fwp%2Fv2%2Fproduct_tag&post=1730"}],"curies":[{"name":"wp","href":"https:\/\/api.w.org\/{rel}","templated":true}]}}