{"id":1734,"date":"2018-11-16T14:59:45","date_gmt":"2018-11-16T13:59:45","guid":{"rendered":"https:\/\/phiessences.com\/Romania\/?post_type=product&#038;p=1734"},"modified":"2026-01-08T14:09:10","modified_gmt":"2026-01-08T12:09:10","slug":"pepper-ardei","status":"publish","type":"product","link":"https:\/\/esentevibrationale.com\/?product=pepper-ardei","title":{"rendered":"Pepper \/ Ardei"},"content":{"rendered":"<p><strong>(Capsicum annuum)<\/strong><\/p>\n<p>Ascute toate sim\u0163urile \u015fi percep\u0163iile senzoriale. Aceast\u0103 esen\u0163\u0103 \u00eent\u0103re\u015fte nivelul nostru de energie.<\/p>\n","protected":false},"excerpt":{"rendered":"<p>(Capsicum annuum) Ascute toate sim\u0163urile \u015fi percep\u0163iile senzoriale. Aceast\u0103 esen\u0163\u0103 \u00eent\u0103re\u015fte nivelul nostru de energie.<\/p>\n","protected":false},"featured_media":1737,"template":"","meta":[],"product_brand":[],"product_cat":[46],"product_tag":[],"class_list":{"0":"post-1734","1":"product","2":"type-product","3":"status-publish","4":"has-post-thumbnail","6":"product_cat-esente-de-alte-flori-salbatice","7":"pa_size-15ml","8":"pa_size-30ml","10":"first","11":"instock","12":"shipping-taxable","13":"purchasable","14":"product-type-variable","15":"has-default-attributes"},"_links":{"self":[{"href":"https:\/\/esentevibrationale.com\/index.php?rest_route=\/wp\/v2\/product\/1734","targetHints":{"allow":["GET"]}}],"collection":[{"href":"https:\/\/esentevibrationale.com\/index.php?rest_route=\/wp\/v2\/product"}],"about":[{"href":"https:\/\/esentevibrationale.com\/index.php?rest_route=\/wp\/v2\/types\/product"}],"wp:featuredmedia":[{"embeddable":true,"href":"https:\/\/esentevibrationale.com\/index.php?rest_route=\/wp\/v2\/media\/1737"}],"wp:attachment":[{"href":"https:\/\/esentevibrationale.com\/index.php?rest_route=%2Fwp%2Fv2%2Fmedia&parent=1734"}],"wp:term":[{"taxonomy":"product_brand","embeddable":true,"href":"https:\/\/esentevibrationale.com\/index.php?rest_route=%2Fwp%2Fv2%2Fproduct_brand&post=1734"},{"taxonomy":"product_cat","embeddable":true,"href":"https:\/\/esentevibrationale.com\/index.php?rest_route=%2Fwp%2Fv2%2Fproduct_cat&post=1734"},{"taxonomy":"product_tag","embeddable":true,"href":"https:\/\/esentevibrationale.com\/index.php?rest_route=%2Fwp%2Fv2%2Fproduct_tag&post=1734"}],"curies":[{"name":"wp","href":"https:\/\/api.w.org\/{rel}","templated":true}]}}