{"id":1738,"date":"2018-11-16T15:07:41","date_gmt":"2018-11-16T14:07:41","guid":{"rendered":"https:\/\/phiessences.com\/Romania\/?post_type=product&#038;p=1738"},"modified":"2026-01-08T14:10:55","modified_gmt":"2026-01-08T12:10:55","slug":"petunia-petunia","status":"publish","type":"product","link":"https:\/\/esentevibrationale.com\/?product=petunia-petunia","title":{"rendered":"Petunia \/ Petunie"},"content":{"rendered":"<p><strong>(Petunia Hybr) <\/strong><\/p>\n<p>Ne ajut\u0103 s\u0103 utiliz\u0103m energia mental\u0103 cu precizie. Aceast\u0103 esen\u0163\u0103 stimuleaz\u0103 abilitatea noastr\u0103 de a ne concentra pe g\u00e2ndurile noastre \u015fi pentru a atinge claritatea \u015fi acuitate.<\/p>\n","protected":false},"excerpt":{"rendered":"<p>(Petunia Hybr) Ne ajut\u0103 s\u0103 utiliz\u0103m energia mental\u0103 cu precizie. Aceast\u0103 esen\u0163\u0103 stimuleaz\u0103 abilitatea noastr\u0103 de a ne concentra pe g\u00e2ndurile noastre \u015fi pentru a atinge claritatea \u015fi acuitate.<\/p>\n","protected":false},"featured_media":13182,"template":"","meta":[],"product_brand":[],"product_cat":[46],"product_tag":[],"class_list":{"0":"post-1738","1":"product","2":"type-product","3":"status-publish","4":"has-post-thumbnail","6":"product_cat-esente-de-alte-flori-salbatice","7":"pa_size-15ml","8":"pa_size-30ml","10":"first","11":"instock","12":"shipping-taxable","13":"purchasable","14":"product-type-variable","15":"has-default-attributes"},"_links":{"self":[{"href":"https:\/\/esentevibrationale.com\/index.php?rest_route=\/wp\/v2\/product\/1738","targetHints":{"allow":["GET"]}}],"collection":[{"href":"https:\/\/esentevibrationale.com\/index.php?rest_route=\/wp\/v2\/product"}],"about":[{"href":"https:\/\/esentevibrationale.com\/index.php?rest_route=\/wp\/v2\/types\/product"}],"wp:featuredmedia":[{"embeddable":true,"href":"https:\/\/esentevibrationale.com\/index.php?rest_route=\/wp\/v2\/media\/13182"}],"wp:attachment":[{"href":"https:\/\/esentevibrationale.com\/index.php?rest_route=%2Fwp%2Fv2%2Fmedia&parent=1738"}],"wp:term":[{"taxonomy":"product_brand","embeddable":true,"href":"https:\/\/esentevibrationale.com\/index.php?rest_route=%2Fwp%2Fv2%2Fproduct_brand&post=1738"},{"taxonomy":"product_cat","embeddable":true,"href":"https:\/\/esentevibrationale.com\/index.php?rest_route=%2Fwp%2Fv2%2Fproduct_cat&post=1738"},{"taxonomy":"product_tag","embeddable":true,"href":"https:\/\/esentevibrationale.com\/index.php?rest_route=%2Fwp%2Fv2%2Fproduct_tag&post=1738"}],"curies":[{"name":"wp","href":"https:\/\/api.w.org\/{rel}","templated":true}]}}