{"id":1747,"date":"2018-11-16T15:22:27","date_gmt":"2018-11-16T14:22:27","guid":{"rendered":"https:\/\/phiessences.com\/Romania\/?post_type=product&#038;p=1747"},"modified":"2026-01-08T14:07:36","modified_gmt":"2026-01-08T12:07:36","slug":"penny-royal-busuiocul-cerbilor","status":"publish","type":"product","link":"https:\/\/esentevibrationale.com\/?product=penny-royal-busuiocul-cerbilor","title":{"rendered":"Penny-Royal \/ Busuiocul Cerbilor"},"content":{"rendered":"<p><strong>(Mentha pulegium) <\/strong><\/p>\n<p>Ne protejeaz\u0103 \u00eempotriva perturba\u021biilor externe la nivel mental. Ne reface cu o noua energie dup\u0103 un \u015foc, astfel \u00eenc\u00e2t s\u0103 putem \u00eencepe din nou.<\/p>\n","protected":false},"excerpt":{"rendered":"<p>(Mentha pulegium) Ne protejeaz\u0103 \u00eempotriva perturba\u021biilor externe la nivel mental. Ne reface cu o noua energie dup\u0103 un \u015foc, astfel \u00eenc\u00e2t s\u0103 putem \u00eencepe din nou.<\/p>\n","protected":false},"featured_media":13185,"template":"","meta":[],"product_brand":[],"product_cat":[46],"product_tag":[],"class_list":{"0":"post-1747","1":"product","2":"type-product","3":"status-publish","4":"has-post-thumbnail","6":"product_cat-esente-de-alte-flori-salbatice","7":"pa_size-15ml","8":"pa_size-30ml","10":"first","11":"instock","12":"shipping-taxable","13":"purchasable","14":"product-type-variable","15":"has-default-attributes"},"_links":{"self":[{"href":"https:\/\/esentevibrationale.com\/index.php?rest_route=\/wp\/v2\/product\/1747","targetHints":{"allow":["GET"]}}],"collection":[{"href":"https:\/\/esentevibrationale.com\/index.php?rest_route=\/wp\/v2\/product"}],"about":[{"href":"https:\/\/esentevibrationale.com\/index.php?rest_route=\/wp\/v2\/types\/product"}],"wp:featuredmedia":[{"embeddable":true,"href":"https:\/\/esentevibrationale.com\/index.php?rest_route=\/wp\/v2\/media\/13185"}],"wp:attachment":[{"href":"https:\/\/esentevibrationale.com\/index.php?rest_route=%2Fwp%2Fv2%2Fmedia&parent=1747"}],"wp:term":[{"taxonomy":"product_brand","embeddable":true,"href":"https:\/\/esentevibrationale.com\/index.php?rest_route=%2Fwp%2Fv2%2Fproduct_brand&post=1747"},{"taxonomy":"product_cat","embeddable":true,"href":"https:\/\/esentevibrationale.com\/index.php?rest_route=%2Fwp%2Fv2%2Fproduct_cat&post=1747"},{"taxonomy":"product_tag","embeddable":true,"href":"https:\/\/esentevibrationale.com\/index.php?rest_route=%2Fwp%2Fv2%2Fproduct_tag&post=1747"}],"curies":[{"name":"wp","href":"https:\/\/api.w.org\/{rel}","templated":true}]}}