{"id":1751,"date":"2018-11-16T15:27:29","date_gmt":"2018-11-16T14:27:29","guid":{"rendered":"https:\/\/phiessences.com\/Romania\/?post_type=product&#038;p=1751"},"modified":"2026-01-08T13:57:20","modified_gmt":"2026-01-08T11:57:20","slug":"cone-flower-echinaceea","status":"publish","type":"product","link":"https:\/\/esentevibrationale.com\/?product=cone-flower-echinaceea","title":{"rendered":"Cone Flower \/ Echinaceea"},"content":{"rendered":"<p><strong>(Echinacea purpurea) <\/strong><\/p>\n<p>Are un efect de eliberare \u015fi detoxifiere asupra corpului emo\u0163ional, stimularea mijloacele sale de ap\u0103rare \u015fi dizolvarea r\u0103nilor emo\u0163ionale reprimate, care au fost purtate prea mult. Astfel elibera\u0163i vom ajunge \u00eenapoi \u00een fluxul vie\u0163ii. Aceast\u0103 esen\u0163\u0103 neteze\u015fte calea pentru restabilirea s\u0103n\u0103t\u0103\u0163ii emo\u0163ionale.<\/p>\n","protected":false},"excerpt":{"rendered":"<p>(Echinacea purpurea) Are un efect de eliberare \u015fi detoxifiere asupra corpului emo\u0163ional, stimularea mijloacele sale de ap\u0103rare \u015fi dizolvarea r\u0103nilor emo\u0163ionale reprimate, care au fost purtate prea mult. Astfel elibera\u0163i vom ajunge \u00eenapoi \u00een fluxul vie\u0163ii. Aceast\u0103 esen\u0163\u0103 neteze\u015fte calea pentru restabilirea s\u0103n\u0103t\u0103\u0163ii emo\u0163ionale.<\/p>\n","protected":false},"featured_media":1754,"template":"","meta":[],"product_brand":[],"product_cat":[46],"product_tag":[],"class_list":{"0":"post-1751","1":"product","2":"type-product","3":"status-publish","4":"has-post-thumbnail","6":"product_cat-esente-de-alte-flori-salbatice","7":"pa_size-15ml","8":"pa_size-30ml","10":"first","11":"instock","12":"shipping-taxable","13":"purchasable","14":"product-type-variable","15":"has-default-attributes"},"_links":{"self":[{"href":"https:\/\/esentevibrationale.com\/index.php?rest_route=\/wp\/v2\/product\/1751","targetHints":{"allow":["GET"]}}],"collection":[{"href":"https:\/\/esentevibrationale.com\/index.php?rest_route=\/wp\/v2\/product"}],"about":[{"href":"https:\/\/esentevibrationale.com\/index.php?rest_route=\/wp\/v2\/types\/product"}],"wp:featuredmedia":[{"embeddable":true,"href":"https:\/\/esentevibrationale.com\/index.php?rest_route=\/wp\/v2\/media\/1754"}],"wp:attachment":[{"href":"https:\/\/esentevibrationale.com\/index.php?rest_route=%2Fwp%2Fv2%2Fmedia&parent=1751"}],"wp:term":[{"taxonomy":"product_brand","embeddable":true,"href":"https:\/\/esentevibrationale.com\/index.php?rest_route=%2Fwp%2Fv2%2Fproduct_brand&post=1751"},{"taxonomy":"product_cat","embeddable":true,"href":"https:\/\/esentevibrationale.com\/index.php?rest_route=%2Fwp%2Fv2%2Fproduct_cat&post=1751"},{"taxonomy":"product_tag","embeddable":true,"href":"https:\/\/esentevibrationale.com\/index.php?rest_route=%2Fwp%2Fv2%2Fproduct_tag&post=1751"}],"curies":[{"name":"wp","href":"https:\/\/api.w.org\/{rel}","templated":true}]}}