{"id":1755,"date":"2018-11-16T16:24:18","date_gmt":"2018-11-16T15:24:18","guid":{"rendered":"https:\/\/phiessences.com\/Romania\/?post_type=product&#038;p=1755"},"modified":"2026-01-08T14:48:19","modified_gmt":"2026-01-08T12:48:19","slug":"sorrel-macris","status":"publish","type":"product","link":"https:\/\/esentevibrationale.com\/?product=sorrel-macris","title":{"rendered":"Sorrel \/ M\u0103cri\u015f"},"content":{"rendered":"<p><strong>(Rumex acetos) <\/strong><\/p>\n<p>Aceast\u0103 plant\u0103 este o artist\u0103 de supravie\u0163uire printre plante, deoarece cre\u015fte chiar \u015fi \u00een medii extrem de poluate. De asemenea, aceast\u0103 esen\u0163\u0103 \u00eent\u0103re\u015fte capabilit\u0103\u0163i noastre de for\u0163a \u015fi rezisten\u0163a.<\/p>\n","protected":false},"excerpt":{"rendered":"<p>(Rumex acetos) Aceast\u0103 plant\u0103 este o artist\u0103 de supravie\u0163uire printre plante, deoarece cre\u015fte chiar \u015fi \u00een medii extrem de poluate. De asemenea, aceast\u0103 esen\u0163\u0103 \u00eent\u0103re\u015fte capabilit\u0103\u0163i noastre de for\u0163a \u015fi rezisten\u0163a.<\/p>\n","protected":false},"featured_media":13186,"template":"","meta":[],"product_brand":[],"product_cat":[46],"product_tag":[],"class_list":{"0":"post-1755","1":"product","2":"type-product","3":"status-publish","4":"has-post-thumbnail","6":"product_cat-esente-de-alte-flori-salbatice","7":"pa_size-15ml","8":"pa_size-30ml","10":"first","11":"instock","12":"shipping-taxable","13":"purchasable","14":"product-type-variable","15":"has-default-attributes"},"_links":{"self":[{"href":"https:\/\/esentevibrationale.com\/index.php?rest_route=\/wp\/v2\/product\/1755","targetHints":{"allow":["GET"]}}],"collection":[{"href":"https:\/\/esentevibrationale.com\/index.php?rest_route=\/wp\/v2\/product"}],"about":[{"href":"https:\/\/esentevibrationale.com\/index.php?rest_route=\/wp\/v2\/types\/product"}],"wp:featuredmedia":[{"embeddable":true,"href":"https:\/\/esentevibrationale.com\/index.php?rest_route=\/wp\/v2\/media\/13186"}],"wp:attachment":[{"href":"https:\/\/esentevibrationale.com\/index.php?rest_route=%2Fwp%2Fv2%2Fmedia&parent=1755"}],"wp:term":[{"taxonomy":"product_brand","embeddable":true,"href":"https:\/\/esentevibrationale.com\/index.php?rest_route=%2Fwp%2Fv2%2Fproduct_brand&post=1755"},{"taxonomy":"product_cat","embeddable":true,"href":"https:\/\/esentevibrationale.com\/index.php?rest_route=%2Fwp%2Fv2%2Fproduct_cat&post=1755"},{"taxonomy":"product_tag","embeddable":true,"href":"https:\/\/esentevibrationale.com\/index.php?rest_route=%2Fwp%2Fv2%2Fproduct_tag&post=1755"}],"curies":[{"name":"wp","href":"https:\/\/api.w.org\/{rel}","templated":true}]}}