{"id":1759,"date":"2018-11-16T16:28:18","date_gmt":"2018-11-16T15:28:18","guid":{"rendered":"https:\/\/phiessences.com\/Romania\/?post_type=product&#038;p=1759"},"modified":"2026-01-08T14:13:36","modified_gmt":"2026-01-08T12:13:36","slug":"primrose-ciubotica-cucului","status":"publish","type":"product","link":"https:\/\/esentevibrationale.com\/?product=primrose-ciubotica-cucului","title":{"rendered":"Primrose \/ Ciubo\u0163ica-Cucului"},"content":{"rendered":"<p><strong>(Primula veris) <\/strong><\/p>\n<p>Atenueaz\u0103 blocajele energetice la punctele cheie astfel \u00eenc\u00e2t, puterile noastre creative \u00eencep s\u0103 curga lin din nou.<\/p>\n","protected":false},"excerpt":{"rendered":"<p>(Primula veris) Atenueaz\u0103 blocajele energetice la punctele cheie astfel \u00eenc\u00e2t, puterile noastre creative \u00eencep s\u0103 curga lin din nou.<\/p>\n","protected":false},"featured_media":1762,"template":"","meta":[],"product_brand":[],"product_cat":[46],"product_tag":[],"class_list":{"0":"post-1759","1":"product","2":"type-product","3":"status-publish","4":"has-post-thumbnail","6":"product_cat-esente-de-alte-flori-salbatice","7":"pa_size-15ml","8":"pa_size-30ml","10":"first","11":"instock","12":"shipping-taxable","13":"purchasable","14":"product-type-variable","15":"has-default-attributes"},"_links":{"self":[{"href":"https:\/\/esentevibrationale.com\/index.php?rest_route=\/wp\/v2\/product\/1759","targetHints":{"allow":["GET"]}}],"collection":[{"href":"https:\/\/esentevibrationale.com\/index.php?rest_route=\/wp\/v2\/product"}],"about":[{"href":"https:\/\/esentevibrationale.com\/index.php?rest_route=\/wp\/v2\/types\/product"}],"wp:featuredmedia":[{"embeddable":true,"href":"https:\/\/esentevibrationale.com\/index.php?rest_route=\/wp\/v2\/media\/1762"}],"wp:attachment":[{"href":"https:\/\/esentevibrationale.com\/index.php?rest_route=%2Fwp%2Fv2%2Fmedia&parent=1759"}],"wp:term":[{"taxonomy":"product_brand","embeddable":true,"href":"https:\/\/esentevibrationale.com\/index.php?rest_route=%2Fwp%2Fv2%2Fproduct_brand&post=1759"},{"taxonomy":"product_cat","embeddable":true,"href":"https:\/\/esentevibrationale.com\/index.php?rest_route=%2Fwp%2Fv2%2Fproduct_cat&post=1759"},{"taxonomy":"product_tag","embeddable":true,"href":"https:\/\/esentevibrationale.com\/index.php?rest_route=%2Fwp%2Fv2%2Fproduct_tag&post=1759"}],"curies":[{"name":"wp","href":"https:\/\/api.w.org\/{rel}","templated":true}]}}