{"id":1763,"date":"2018-11-16T16:35:31","date_gmt":"2018-11-16T15:35:31","guid":{"rendered":"https:\/\/phiessences.com\/Romania\/?post_type=product&#038;p=1763"},"modified":"2026-01-08T14:50:19","modified_gmt":"2026-01-08T12:50:19","slug":"turksa-cap-lily-crinul-de-padure","status":"publish","type":"product","link":"https:\/\/esentevibrationale.com\/?product=turksa-cap-lily-crinul-de-padure","title":{"rendered":"Turk\u2019s\u0103 Cap Lily \/ Crinul de P\u0103dure"},"content":{"rendered":"<p><strong>(Lilium martagon<\/strong>)<\/p>\n<p>Elibereaz\u01ce blocajele emo\u0163ionale, care s-au format \u00een copil\u0103rie, atunci c\u00e2nd nu ne-am putut ap\u0103ra \u00eempotriva abuzului sau intimid\u0103rii. Aceast\u0103 esen\u0163\u0103 ne elibereaz\u01ce de incertitudinea despre abilit\u0103\u0163ile noastre proprii \u015fi reface \u00eencrederea de sine.<\/p>\n","protected":false},"excerpt":{"rendered":"<p>(Lilium martagon) Elibereaz\u01ce blocajele emo\u0163ionale, care s-au format \u00een copil\u0103rie, atunci c\u00e2nd nu ne-am putut ap\u0103ra \u00eempotriva abuzului sau intimid\u0103rii. Aceast\u0103 esen\u0163\u0103 ne elibereaz\u01ce de incertitudinea despre abilit\u0103\u0163ile noastre proprii \u015fi reface \u00eencrederea de sine.<\/p>\n","protected":false},"featured_media":1766,"template":"","meta":[],"product_brand":[],"product_cat":[46],"product_tag":[],"class_list":{"0":"post-1763","1":"product","2":"type-product","3":"status-publish","4":"has-post-thumbnail","6":"product_cat-esente-de-alte-flori-salbatice","7":"pa_size-15ml","8":"pa_size-30ml","10":"first","11":"instock","12":"shipping-taxable","13":"purchasable","14":"product-type-variable","15":"has-default-attributes"},"_links":{"self":[{"href":"https:\/\/esentevibrationale.com\/index.php?rest_route=\/wp\/v2\/product\/1763","targetHints":{"allow":["GET"]}}],"collection":[{"href":"https:\/\/esentevibrationale.com\/index.php?rest_route=\/wp\/v2\/product"}],"about":[{"href":"https:\/\/esentevibrationale.com\/index.php?rest_route=\/wp\/v2\/types\/product"}],"wp:featuredmedia":[{"embeddable":true,"href":"https:\/\/esentevibrationale.com\/index.php?rest_route=\/wp\/v2\/media\/1766"}],"wp:attachment":[{"href":"https:\/\/esentevibrationale.com\/index.php?rest_route=%2Fwp%2Fv2%2Fmedia&parent=1763"}],"wp:term":[{"taxonomy":"product_brand","embeddable":true,"href":"https:\/\/esentevibrationale.com\/index.php?rest_route=%2Fwp%2Fv2%2Fproduct_brand&post=1763"},{"taxonomy":"product_cat","embeddable":true,"href":"https:\/\/esentevibrationale.com\/index.php?rest_route=%2Fwp%2Fv2%2Fproduct_cat&post=1763"},{"taxonomy":"product_tag","embeddable":true,"href":"https:\/\/esentevibrationale.com\/index.php?rest_route=%2Fwp%2Fv2%2Fproduct_tag&post=1763"}],"curies":[{"name":"wp","href":"https:\/\/api.w.org\/{rel}","templated":true}]}}