{"id":1767,"date":"2018-11-16T17:03:04","date_gmt":"2018-11-16T16:03:04","guid":{"rendered":"https:\/\/phiessences.com\/Romania\/?post_type=product&#038;p=1767"},"modified":"2026-01-08T13:59:29","modified_gmt":"2026-01-08T11:59:29","slug":"hawthorn-paducel","status":"publish","type":"product","link":"https:\/\/esentevibrationale.com\/?product=hawthorn-paducel","title":{"rendered":"Hawthorn \/ P\u0103ducel"},"content":{"rendered":"<p><strong>(Crataegus oxyacantha)<\/strong><\/p>\n<p>Rezolv\u0103 sentimentele profunde de triste\u0163e sau durere, aduce senin\u0103tatea permi\u0163\u00e2nd inspira\u0163ie noastre interioare s\u0103 curg\u0103 din nou. Ne ajut\u0103 s\u0103 d\u01ce drumul trecutului.<\/p>\n","protected":false},"excerpt":{"rendered":"<p>(Crataegus oxyacantha) Rezolv\u0103 sentimentele profunde de triste\u0163e sau durere, aduce senin\u0103tatea permi\u0163\u00e2nd inspira\u0163ie noastre interioare s\u0103 curg\u0103 din nou. Ne ajut\u0103 s\u0103 d\u01ce drumul trecutului.<\/p>\n","protected":false},"featured_media":1768,"template":"","meta":[],"product_brand":[],"product_cat":[46],"product_tag":[],"class_list":{"0":"post-1767","1":"product","2":"type-product","3":"status-publish","4":"has-post-thumbnail","6":"product_cat-esente-de-alte-flori-salbatice","7":"pa_size-15ml","8":"pa_size-30ml","10":"first","11":"instock","12":"shipping-taxable","13":"purchasable","14":"product-type-variable","15":"has-default-attributes"},"_links":{"self":[{"href":"https:\/\/esentevibrationale.com\/index.php?rest_route=\/wp\/v2\/product\/1767","targetHints":{"allow":["GET"]}}],"collection":[{"href":"https:\/\/esentevibrationale.com\/index.php?rest_route=\/wp\/v2\/product"}],"about":[{"href":"https:\/\/esentevibrationale.com\/index.php?rest_route=\/wp\/v2\/types\/product"}],"wp:featuredmedia":[{"embeddable":true,"href":"https:\/\/esentevibrationale.com\/index.php?rest_route=\/wp\/v2\/media\/1768"}],"wp:attachment":[{"href":"https:\/\/esentevibrationale.com\/index.php?rest_route=%2Fwp%2Fv2%2Fmedia&parent=1767"}],"wp:term":[{"taxonomy":"product_brand","embeddable":true,"href":"https:\/\/esentevibrationale.com\/index.php?rest_route=%2Fwp%2Fv2%2Fproduct_brand&post=1767"},{"taxonomy":"product_cat","embeddable":true,"href":"https:\/\/esentevibrationale.com\/index.php?rest_route=%2Fwp%2Fv2%2Fproduct_cat&post=1767"},{"taxonomy":"product_tag","embeddable":true,"href":"https:\/\/esentevibrationale.com\/index.php?rest_route=%2Fwp%2Fv2%2Fproduct_tag&post=1767"}],"curies":[{"name":"wp","href":"https:\/\/api.w.org\/{rel}","templated":true}]}}