{"id":1774,"date":"2018-11-16T17:21:09","date_gmt":"2018-11-16T16:21:09","guid":{"rendered":"https:\/\/phiessences.com\/Romania\/?post_type=product&#038;p=1774"},"modified":"2022-10-27T11:21:36","modified_gmt":"2022-10-27T08:21:36","slug":"additional-wildflower-essences-set-setul-cu-esente-de-flori-salbatice-aditionale","status":"publish","type":"product","link":"https:\/\/esentevibrationale.com\/?product=additional-wildflower-essences-set-setul-cu-esente-de-flori-salbatice-aditionale","title":{"rendered":"Additional Wildflower Essences Set \/ Setul cu Esen\u0163e de Flori S\u0103lbatice Adi\u0163ionale"},"content":{"rendered":"<p>Esen\u0163ele 41-60 stocate \u00een sticle de 15 ml.<\/p>\n","protected":false},"excerpt":{"rendered":"<p>Greutate: 1,15 kg pe bucat\u0103<\/p>\n<p>&nbsp;<\/p>\n","protected":false},"featured_media":13178,"template":"","meta":[],"product_brand":[],"product_cat":[46],"product_tag":[],"class_list":{"0":"post-1774","1":"product","2":"type-product","3":"status-publish","4":"has-post-thumbnail","6":"product_cat-esente-de-alte-flori-salbatice","7":"pa_size-15ml","8":"pa_size-30ml","10":"first","11":"instock","12":"shipping-taxable","13":"purchasable","14":"product-type-simple"},"_links":{"self":[{"href":"https:\/\/esentevibrationale.com\/index.php?rest_route=\/wp\/v2\/product\/1774","targetHints":{"allow":["GET"]}}],"collection":[{"href":"https:\/\/esentevibrationale.com\/index.php?rest_route=\/wp\/v2\/product"}],"about":[{"href":"https:\/\/esentevibrationale.com\/index.php?rest_route=\/wp\/v2\/types\/product"}],"wp:featuredmedia":[{"embeddable":true,"href":"https:\/\/esentevibrationale.com\/index.php?rest_route=\/wp\/v2\/media\/13178"}],"wp:attachment":[{"href":"https:\/\/esentevibrationale.com\/index.php?rest_route=%2Fwp%2Fv2%2Fmedia&parent=1774"}],"wp:term":[{"taxonomy":"product_brand","embeddable":true,"href":"https:\/\/esentevibrationale.com\/index.php?rest_route=%2Fwp%2Fv2%2Fproduct_brand&post=1774"},{"taxonomy":"product_cat","embeddable":true,"href":"https:\/\/esentevibrationale.com\/index.php?rest_route=%2Fwp%2Fv2%2Fproduct_cat&post=1774"},{"taxonomy":"product_tag","embeddable":true,"href":"https:\/\/esentevibrationale.com\/index.php?rest_route=%2Fwp%2Fv2%2Fproduct_tag&post=1774"}],"curies":[{"name":"wp","href":"https:\/\/api.w.org\/{rel}","templated":true}]}}