{"id":1781,"date":"2018-11-16T18:29:18","date_gmt":"2018-11-16T17:29:18","guid":{"rendered":"https:\/\/phiessences.com\/Romania\/?post_type=product&#038;p=1781"},"modified":"2026-01-02T17:04:28","modified_gmt":"2026-01-02T15:04:28","slug":"butterwort-foaie-grasa","status":"publish","type":"product","link":"https:\/\/esentevibrationale.com\/?product=butterwort-foaie-grasa","title":{"rendered":"Butterwort  \/ Foaie Gras\u0103"},"content":{"rendered":"<p><strong>(Grassette des Alpes) <\/strong><\/p>\n<p>Ne cur\u0103\u0163\u0103 la toate nivelurile energetice, astfel elimin\u0103 acele otr\u01cevurile emo\u0163ionale, care rezult\u0103 din modele de g\u00e2ndire negativ\u0103 sau critic\u0103 excesiv\u0103 \u015fi \u00eendoial\u0103 de sine. C\u00e2nd suntem \u00eempov\u0103ra\u0163i de g\u00e2ndurile negative, aceast\u0103 esen\u0163\u0103 ne ajut\u0103 s\u0103 extragem energia lor d\u0103un\u0103toare, at\u00e2t din organism, c\u00e2t \u015fi din aur\u0103.<\/p>\n","protected":false},"excerpt":{"rendered":"<p>(Grassette des Alpes) Ne cur\u0103\u0163\u0103 la toate nivelurile energetice, astfel elimin\u0103 acele otr\u01cevurile emo\u0163ionale, care rezult\u0103 din modele de g\u00e2ndire negativ\u0103 sau critic\u0103 excesiv\u0103 \u015fi \u00eendoial\u0103 de sine. C\u00e2nd suntem \u00eempov\u0103ra\u0163i de g\u00e2ndurile negative, aceast\u0103 esen\u0163\u0103 ne ajut\u0103 s\u0103 extragem energia lor d\u0103un\u0103toare, at\u00e2t din organism, c\u00e2t \u015fi din aur\u0103.<\/p>\n","protected":false},"featured_media":1785,"template":"","meta":[],"product_brand":[],"product_cat":[47],"product_tag":[],"class_list":{"0":"post-1781","1":"product","2":"type-product","3":"status-publish","4":"has-post-thumbnail","6":"product_cat-esente-de-flori-carnivore","7":"pa_size-15ml","8":"pa_size-30ml","10":"first","11":"instock","12":"shipping-taxable","13":"purchasable","14":"product-type-variable","15":"has-default-attributes"},"_links":{"self":[{"href":"https:\/\/esentevibrationale.com\/index.php?rest_route=\/wp\/v2\/product\/1781","targetHints":{"allow":["GET"]}}],"collection":[{"href":"https:\/\/esentevibrationale.com\/index.php?rest_route=\/wp\/v2\/product"}],"about":[{"href":"https:\/\/esentevibrationale.com\/index.php?rest_route=\/wp\/v2\/types\/product"}],"wp:featuredmedia":[{"embeddable":true,"href":"https:\/\/esentevibrationale.com\/index.php?rest_route=\/wp\/v2\/media\/1785"}],"wp:attachment":[{"href":"https:\/\/esentevibrationale.com\/index.php?rest_route=%2Fwp%2Fv2%2Fmedia&parent=1781"}],"wp:term":[{"taxonomy":"product_brand","embeddable":true,"href":"https:\/\/esentevibrationale.com\/index.php?rest_route=%2Fwp%2Fv2%2Fproduct_brand&post=1781"},{"taxonomy":"product_cat","embeddable":true,"href":"https:\/\/esentevibrationale.com\/index.php?rest_route=%2Fwp%2Fv2%2Fproduct_cat&post=1781"},{"taxonomy":"product_tag","embeddable":true,"href":"https:\/\/esentevibrationale.com\/index.php?rest_route=%2Fwp%2Fv2%2Fproduct_tag&post=1781"}],"curies":[{"name":"wp","href":"https:\/\/api.w.org\/{rel}","templated":true}]}}