{"id":1790,"date":"2018-11-16T19:10:49","date_gmt":"2018-11-16T18:10:49","guid":{"rendered":"https:\/\/phiessences.com\/Romania\/?post_type=product&#038;p=1790"},"modified":"2026-01-02T17:05:58","modified_gmt":"2026-01-02T15:05:58","slug":"venus-fly-trap-capcana-de-muste-venus","status":"publish","type":"product","link":"https:\/\/esentevibrationale.com\/?product=venus-fly-trap-capcana-de-muste-venus","title":{"rendered":"Venus Fly Trap \/ Capcana de Mu\u015fte Venus"},"content":{"rendered":"<p><strong>(Attrape mouche de venus) <\/strong><\/p>\n<p>Atunci c\u00e2nd ne sim\u021bim bloca\u021bi \u00eentr-o situa\u021bie \u0219i nu putem vedea nicio cale de ie\u0219ire, aceast\u0103 esen\u021b\u0103 ne ajut\u0103 s\u0103 dezvolt\u0103m o perspectiv\u0103 mai larg\u0103, astfel \u00eenc\u00e2t s\u0103 putem recunoa\u0219te relativitatea circumstan\u021belor noastre. Ne ajut\u0103 s\u0103 rezolv\u0103m acele probleme, care par a fi de nerezolvat.<\/p>\n","protected":false},"excerpt":{"rendered":"<p>(Attrape mouche de venus) Atunci c\u00e2nd ne sim\u021bim bloca\u021bi \u00eentr-o situa\u021bie \u0219i nu putem vedea nicio cale de ie\u0219ire, aceast\u0103 esen\u021b\u0103 ne ajut\u0103 s\u0103 dezvolt\u0103m o perspectiv\u0103 mai larg\u0103, astfel \u00eenc\u00e2t s\u0103 putem recunoa\u0219te relativitatea circumstan\u021belor noastre. Ne ajut\u0103 s\u0103 rezolv\u0103m acele probleme, care par a fi de nerezolvat.<\/p>\n","protected":false},"featured_media":1793,"template":"","meta":[],"product_brand":[],"product_cat":[47],"product_tag":[],"class_list":{"0":"post-1790","1":"product","2":"type-product","3":"status-publish","4":"has-post-thumbnail","6":"product_cat-esente-de-flori-carnivore","7":"pa_size-15ml","8":"pa_size-30ml","10":"first","11":"instock","12":"shipping-taxable","13":"purchasable","14":"product-type-variable","15":"has-default-attributes"},"_links":{"self":[{"href":"https:\/\/esentevibrationale.com\/index.php?rest_route=\/wp\/v2\/product\/1790","targetHints":{"allow":["GET"]}}],"collection":[{"href":"https:\/\/esentevibrationale.com\/index.php?rest_route=\/wp\/v2\/product"}],"about":[{"href":"https:\/\/esentevibrationale.com\/index.php?rest_route=\/wp\/v2\/types\/product"}],"wp:featuredmedia":[{"embeddable":true,"href":"https:\/\/esentevibrationale.com\/index.php?rest_route=\/wp\/v2\/media\/1793"}],"wp:attachment":[{"href":"https:\/\/esentevibrationale.com\/index.php?rest_route=%2Fwp%2Fv2%2Fmedia&parent=1790"}],"wp:term":[{"taxonomy":"product_brand","embeddable":true,"href":"https:\/\/esentevibrationale.com\/index.php?rest_route=%2Fwp%2Fv2%2Fproduct_brand&post=1790"},{"taxonomy":"product_cat","embeddable":true,"href":"https:\/\/esentevibrationale.com\/index.php?rest_route=%2Fwp%2Fv2%2Fproduct_cat&post=1790"},{"taxonomy":"product_tag","embeddable":true,"href":"https:\/\/esentevibrationale.com\/index.php?rest_route=%2Fwp%2Fv2%2Fproduct_tag&post=1790"}],"curies":[{"name":"wp","href":"https:\/\/api.w.org\/{rel}","templated":true}]}}