{"id":1794,"date":"2018-11-19T09:08:16","date_gmt":"2018-11-19T08:08:16","guid":{"rendered":"https:\/\/phiessences.com\/Romania\/?post_type=product&#038;p=1794"},"modified":"2025-12-31T12:43:27","modified_gmt":"2025-12-31T10:43:27","slug":"40-wildflower-cards-40-de-carduri-cu-flori-salbatice","status":"publish","type":"product","link":"https:\/\/esentevibrationale.com\/?product=40-wildflower-cards-40-de-carduri-cu-flori-salbatice","title":{"rendered":"40 Wildflower Cards \/ 40 de Carduri cu Flori S\u0103lbatice"},"content":{"rendered":"<p>Setul con\u021bine 40 de carduri ilustrate cu Florile S\u0103lbatice<\/p>\n<p>Cardurile sunt f\u0103r\u0103 descrierea Esen\u021belor Florilor S\u0103lbatice<\/p>\n<p>9 cm x 13 cm<\/p>\n","protected":false},"excerpt":{"rendered":"<p>Setul con\u021bine 40 de carduri ilustrate cu Florile S\u0103lbatice Cardurile sunt f\u0103r\u0103 descrierea Esen\u021belor Florilor S\u0103lbatice 9 cm x 13 cm<\/p>\n","protected":false},"featured_media":1795,"template":"","meta":[],"product_brand":[],"product_cat":[68,45],"product_tag":[],"class_list":{"0":"post-1794","1":"product","2":"type-product","3":"status-publish","4":"has-post-thumbnail","6":"product_cat-carti-postere-seturi-cu-carduri","7":"product_cat-esente-de-flori-salbatice","9":"first","10":"instock","11":"shipping-taxable","12":"purchasable","13":"product-type-simple"},"_links":{"self":[{"href":"https:\/\/esentevibrationale.com\/index.php?rest_route=\/wp\/v2\/product\/1794","targetHints":{"allow":["GET"]}}],"collection":[{"href":"https:\/\/esentevibrationale.com\/index.php?rest_route=\/wp\/v2\/product"}],"about":[{"href":"https:\/\/esentevibrationale.com\/index.php?rest_route=\/wp\/v2\/types\/product"}],"wp:featuredmedia":[{"embeddable":true,"href":"https:\/\/esentevibrationale.com\/index.php?rest_route=\/wp\/v2\/media\/1795"}],"wp:attachment":[{"href":"https:\/\/esentevibrationale.com\/index.php?rest_route=%2Fwp%2Fv2%2Fmedia&parent=1794"}],"wp:term":[{"taxonomy":"product_brand","embeddable":true,"href":"https:\/\/esentevibrationale.com\/index.php?rest_route=%2Fwp%2Fv2%2Fproduct_brand&post=1794"},{"taxonomy":"product_cat","embeddable":true,"href":"https:\/\/esentevibrationale.com\/index.php?rest_route=%2Fwp%2Fv2%2Fproduct_cat&post=1794"},{"taxonomy":"product_tag","embeddable":true,"href":"https:\/\/esentevibrationale.com\/index.php?rest_route=%2Fwp%2Fv2%2Fproduct_tag&post=1794"}],"curies":[{"name":"wp","href":"https:\/\/api.w.org\/{rel}","templated":true}]}}