{"id":1797,"date":"2018-11-19T09:15:01","date_gmt":"2018-11-19T08:15:01","guid":{"rendered":"https:\/\/phiessences.com\/Romania\/?post_type=product&#038;p=1797"},"modified":"2022-10-27T11:04:18","modified_gmt":"2022-10-27T08:04:18","slug":"wildflower-essences-full-set-esente-de-flori-slbatice-setul-complet","status":"publish","type":"product","link":"https:\/\/esentevibrationale.com\/?product=wildflower-essences-full-set-esente-de-flori-slbatice-setul-complet","title":{"rendered":"Wildflower Essences &#8211; Full Set \/ Esen\u0163e de Flori S\u0103lbatice &#8211; Setul Complet"},"content":{"rendered":"<p>Toate Esen\u0163ele de Flori S\u0103lbatice 1-40<\/p>\n<p>Stocate \u00een sticle de 15 ml<\/p>\n<p>&nbsp;<\/p>\n","protected":false},"excerpt":{"rendered":"<p>Greutate: 2,5 kg pe bucat\u0103<\/p>\n","protected":false},"featured_media":13152,"template":"","meta":[],"product_brand":[],"product_cat":[45],"product_tag":[],"class_list":{"0":"post-1797","1":"product","2":"type-product","3":"status-publish","4":"has-post-thumbnail","6":"product_cat-esente-de-flori-salbatice","8":"first","9":"instock","10":"shipping-taxable","11":"purchasable","12":"product-type-simple"},"_links":{"self":[{"href":"https:\/\/esentevibrationale.com\/index.php?rest_route=\/wp\/v2\/product\/1797","targetHints":{"allow":["GET"]}}],"collection":[{"href":"https:\/\/esentevibrationale.com\/index.php?rest_route=\/wp\/v2\/product"}],"about":[{"href":"https:\/\/esentevibrationale.com\/index.php?rest_route=\/wp\/v2\/types\/product"}],"wp:featuredmedia":[{"embeddable":true,"href":"https:\/\/esentevibrationale.com\/index.php?rest_route=\/wp\/v2\/media\/13152"}],"wp:attachment":[{"href":"https:\/\/esentevibrationale.com\/index.php?rest_route=%2Fwp%2Fv2%2Fmedia&parent=1797"}],"wp:term":[{"taxonomy":"product_brand","embeddable":true,"href":"https:\/\/esentevibrationale.com\/index.php?rest_route=%2Fwp%2Fv2%2Fproduct_brand&post=1797"},{"taxonomy":"product_cat","embeddable":true,"href":"https:\/\/esentevibrationale.com\/index.php?rest_route=%2Fwp%2Fv2%2Fproduct_cat&post=1797"},{"taxonomy":"product_tag","embeddable":true,"href":"https:\/\/esentevibrationale.com\/index.php?rest_route=%2Fwp%2Fv2%2Fproduct_tag&post=1797"}],"curies":[{"name":"wp","href":"https:\/\/api.w.org\/{rel}","templated":true}]}}