{"id":1800,"date":"2018-11-19T09:39:38","date_gmt":"2018-11-19T08:39:38","guid":{"rendered":"https:\/\/phiessences.com\/Romania\/?post_type=product&#038;p=1800"},"modified":"2026-01-02T15:44:02","modified_gmt":"2026-01-02T13:44:02","slug":"bear-urs","status":"publish","type":"product","link":"https:\/\/esentevibrationale.com\/?product=bear-urs","title":{"rendered":"Bear \/ Urs"},"content":{"rendered":"<p><strong>(Ursus arctos) <\/strong><\/p>\n<p>Aceast\u0103 esen\u0163\u0103 ofer\u0103 putere \u015fi bun\u0103tate pentru cei care se tem sau sunt indeci\u015fi. Ne ajut\u0103 s\u0103 lu\u0103m leg\u0103tura cu puterea noastr\u0103 interioar\u0103 adev\u0103rat\u0103 \u015fi s\u0103 comunic\u0103m acest lucru altor persoane u\u015for, dar ferm. Ne sim\u0163im proteja\u0163i \u015fi buni la suflet, atunci c\u00e2nd utiliz\u0103m aceast\u0103 esen\u0163\u0103.<\/p>\n","protected":false},"excerpt":{"rendered":"<p>(Ursus arctos) Aceast\u0103 esen\u0163\u0103 ofer\u0103 putere \u015fi bun\u0103tate pentru cei care se tem sau sunt indeci\u015fi. Ne ajut\u0103 s\u0103 lu\u0103m leg\u0103tura cu puterea noastr\u0103 interioar\u0103 adev\u0103rat\u0103 \u015fi s\u0103 comunic\u0103m acest lucru altor persoane u\u015for, dar ferm. Ne sim\u0163im proteja\u0163i \u015fi buni la suflet, atunci c\u00e2nd utiliz\u0103m aceast\u0103 esen\u0163\u0103.<\/p>\n","protected":false},"featured_media":1803,"template":"","meta":[],"product_brand":[],"product_cat":[48],"product_tag":[],"class_list":{"0":"post-1800","1":"product","2":"type-product","3":"status-publish","4":"has-post-thumbnail","6":"product_cat-esente-de-animale-europene","7":"pa_size-15ml","8":"pa_size-30ml","10":"first","11":"instock","12":"shipping-taxable","13":"purchasable","14":"product-type-variable","15":"has-default-attributes"},"_links":{"self":[{"href":"https:\/\/esentevibrationale.com\/index.php?rest_route=\/wp\/v2\/product\/1800","targetHints":{"allow":["GET"]}}],"collection":[{"href":"https:\/\/esentevibrationale.com\/index.php?rest_route=\/wp\/v2\/product"}],"about":[{"href":"https:\/\/esentevibrationale.com\/index.php?rest_route=\/wp\/v2\/types\/product"}],"wp:featuredmedia":[{"embeddable":true,"href":"https:\/\/esentevibrationale.com\/index.php?rest_route=\/wp\/v2\/media\/1803"}],"wp:attachment":[{"href":"https:\/\/esentevibrationale.com\/index.php?rest_route=%2Fwp%2Fv2%2Fmedia&parent=1800"}],"wp:term":[{"taxonomy":"product_brand","embeddable":true,"href":"https:\/\/esentevibrationale.com\/index.php?rest_route=%2Fwp%2Fv2%2Fproduct_brand&post=1800"},{"taxonomy":"product_cat","embeddable":true,"href":"https:\/\/esentevibrationale.com\/index.php?rest_route=%2Fwp%2Fv2%2Fproduct_cat&post=1800"},{"taxonomy":"product_tag","embeddable":true,"href":"https:\/\/esentevibrationale.com\/index.php?rest_route=%2Fwp%2Fv2%2Fproduct_tag&post=1800"}],"curies":[{"name":"wp","href":"https:\/\/api.w.org\/{rel}","templated":true}]}}