{"id":1804,"date":"2018-11-19T09:43:11","date_gmt":"2018-11-19T08:43:11","guid":{"rendered":"https:\/\/phiessences.com\/Romania\/?post_type=product&#038;p=1804"},"modified":"2026-01-02T15:54:18","modified_gmt":"2026-01-02T13:54:18","slug":"fire-slamander-slamandra","status":"publish","type":"product","link":"https:\/\/esentevibrationale.com\/?product=fire-slamander-slamandra","title":{"rendered":"Fire Slamander \/ Salamandra de Foc"},"content":{"rendered":"<p><strong>\u00a0(Salamandra maculosa) <\/strong><\/p>\n<p>Aceast\u0103 esen\u0163\u0103 ne ajut\u0103 s\u0103 ne amintim de evenimentele trecute \u00eentr-un mod mai iubitor \u015fi \u00een condi\u0163ii de siguran\u0163\u0103, astfel permi\u0163\u00e2ndu-ne s\u0103 le integr\u0103m \u00een via\u0163a noastr\u0103. Am \u00eenv\u0103\u0163at s\u0103 trat\u0103m acest mo\u015ftenire cu aten\u0163ie, pentru a \u00een\u0163elege mai bine \u015fi s\u0103 \u00eenv\u0103\u0163\u0103m de la aceasta.<\/p>\n","protected":false},"excerpt":{"rendered":"<p>\u00a0(Salamandra maculosa) Aceast\u0103 esen\u0163\u0103 ne ajut\u0103 s\u0103 ne amintim de evenimentele trecute \u00eentr-un mod mai iubitor \u015fi \u00een condi\u0163ii de siguran\u0163\u0103, astfel permi\u0163\u00e2ndu-ne s\u0103 le integr\u0103m \u00een via\u0163a noastr\u0103. Am \u00eenv\u0103\u0163at s\u0103 trat\u0103m acest mo\u015ftenire cu aten\u0163ie, pentru a \u00een\u0163elege mai bine \u015fi s\u0103 \u00eenv\u0103\u0163\u0103m de la aceasta.<\/p>\n","protected":false},"featured_media":1807,"template":"","meta":[],"product_brand":[],"product_cat":[48],"product_tag":[],"class_list":{"0":"post-1804","1":"product","2":"type-product","3":"status-publish","4":"has-post-thumbnail","6":"product_cat-esente-de-animale-europene","7":"pa_size-15ml","8":"pa_size-30ml","10":"first","11":"instock","12":"shipping-taxable","13":"purchasable","14":"product-type-variable","15":"has-default-attributes"},"_links":{"self":[{"href":"https:\/\/esentevibrationale.com\/index.php?rest_route=\/wp\/v2\/product\/1804","targetHints":{"allow":["GET"]}}],"collection":[{"href":"https:\/\/esentevibrationale.com\/index.php?rest_route=\/wp\/v2\/product"}],"about":[{"href":"https:\/\/esentevibrationale.com\/index.php?rest_route=\/wp\/v2\/types\/product"}],"wp:featuredmedia":[{"embeddable":true,"href":"https:\/\/esentevibrationale.com\/index.php?rest_route=\/wp\/v2\/media\/1807"}],"wp:attachment":[{"href":"https:\/\/esentevibrationale.com\/index.php?rest_route=%2Fwp%2Fv2%2Fmedia&parent=1804"}],"wp:term":[{"taxonomy":"product_brand","embeddable":true,"href":"https:\/\/esentevibrationale.com\/index.php?rest_route=%2Fwp%2Fv2%2Fproduct_brand&post=1804"},{"taxonomy":"product_cat","embeddable":true,"href":"https:\/\/esentevibrationale.com\/index.php?rest_route=%2Fwp%2Fv2%2Fproduct_cat&post=1804"},{"taxonomy":"product_tag","embeddable":true,"href":"https:\/\/esentevibrationale.com\/index.php?rest_route=%2Fwp%2Fv2%2Fproduct_tag&post=1804"}],"curies":[{"name":"wp","href":"https:\/\/api.w.org\/{rel}","templated":true}]}}