{"id":1808,"date":"2018-11-19T09:47:46","date_gmt":"2018-11-19T08:47:46","guid":{"rendered":"https:\/\/phiessences.com\/Romania\/?post_type=product&#038;p=1808"},"modified":"2026-01-02T15:56:31","modified_gmt":"2026-01-02T13:56:31","slug":"frog-broasca","status":"publish","type":"product","link":"https:\/\/esentevibrationale.com\/?product=frog-broasca","title":{"rendered":"Frog \/ Broasca"},"content":{"rendered":"<p><strong>(Rana eculenta) <\/strong><\/p>\n<p><strong><em>\u00a0<\/em><\/strong>Esen\u021ba aduce la suprafa\u021b\u0103 emo\u0163iile profund sim\u0163ite \u00eentr-o manier\u0103 sigur\u0103 \u015fi controlat\u0103 astfel \u00eenc\u00e2t s\u0103 putem exprima ceea ce sim\u0163im, s\u0103 eliber\u0103m ceea ce a fost reprimat \u015fi ne permite s\u0103 avans\u0103m. Ne ajut\u0103 s\u0103 recunoa\u015ftem sentimentele noastre adev\u0103rate.<\/p>\n","protected":false},"excerpt":{"rendered":"<p>(Rana eculenta) \u00a0Esen\u021ba aduce la suprafa\u021b\u0103 emo\u0163iile profund sim\u0163ite \u00eentr-o manier\u0103 sigur\u0103 \u015fi controlat\u0103 astfel \u00eenc\u00e2t s\u0103 putem exprima ceea ce sim\u0163im, s\u0103 eliber\u0103m ceea ce a fost reprimat \u015fi ne permite s\u0103 avans\u0103m. Ne ajut\u0103 s\u0103 recunoa\u015ftem sentimentele noastre adev\u0103rate.<\/p>\n","protected":false},"featured_media":1811,"template":"","meta":[],"product_brand":[],"product_cat":[48],"product_tag":[],"class_list":{"0":"post-1808","1":"product","2":"type-product","3":"status-publish","4":"has-post-thumbnail","6":"product_cat-esente-de-animale-europene","7":"pa_size-15ml","8":"pa_size-30ml","10":"first","11":"instock","12":"shipping-taxable","13":"purchasable","14":"product-type-variable","15":"has-default-attributes"},"_links":{"self":[{"href":"https:\/\/esentevibrationale.com\/index.php?rest_route=\/wp\/v2\/product\/1808","targetHints":{"allow":["GET"]}}],"collection":[{"href":"https:\/\/esentevibrationale.com\/index.php?rest_route=\/wp\/v2\/product"}],"about":[{"href":"https:\/\/esentevibrationale.com\/index.php?rest_route=\/wp\/v2\/types\/product"}],"wp:featuredmedia":[{"embeddable":true,"href":"https:\/\/esentevibrationale.com\/index.php?rest_route=\/wp\/v2\/media\/1811"}],"wp:attachment":[{"href":"https:\/\/esentevibrationale.com\/index.php?rest_route=%2Fwp%2Fv2%2Fmedia&parent=1808"}],"wp:term":[{"taxonomy":"product_brand","embeddable":true,"href":"https:\/\/esentevibrationale.com\/index.php?rest_route=%2Fwp%2Fv2%2Fproduct_brand&post=1808"},{"taxonomy":"product_cat","embeddable":true,"href":"https:\/\/esentevibrationale.com\/index.php?rest_route=%2Fwp%2Fv2%2Fproduct_cat&post=1808"},{"taxonomy":"product_tag","embeddable":true,"href":"https:\/\/esentevibrationale.com\/index.php?rest_route=%2Fwp%2Fv2%2Fproduct_tag&post=1808"}],"curies":[{"name":"wp","href":"https:\/\/api.w.org\/{rel}","templated":true}]}}