{"id":1812,"date":"2018-11-19T09:51:55","date_gmt":"2018-11-19T08:51:55","guid":{"rendered":"https:\/\/phiessences.com\/Romania\/?post_type=product&#038;p=1812"},"modified":"2026-01-02T15:57:56","modified_gmt":"2026-01-02T13:57:56","slug":"hare-iepurele-de-camp","status":"publish","type":"product","link":"https:\/\/esentevibrationale.com\/?product=hare-iepurele-de-camp","title":{"rendered":"Hare \/ Iepurele de C\u00e2mp"},"content":{"rendered":"<p><strong>(Lepus europaeus)<\/strong><\/p>\n<p>Cre\u015fte abilit\u0103\u0163ile noastre de percep\u0163ie, \u00een special ascultarea. Ne pune mai mult \u00een contact cu mediul nostru, astfel \u00eenc\u00e2t ne putem concentra mai bine asupra a ceea ce este cu adev\u0103rat important. Potrivit\u0103 pentru cei care au rupt leg\u0103tura cu natura sau care reactioneaza prea puternic la \u015ftirile negative. \u00cei ajut\u0103 s\u0103 se reconecteze cu sim\u0163urile lor, le comunic\u0103 ce este esen\u0163ial \u00een via\u0163\u0103. \u00cen general, aceast\u0103 esen\u0163\u0103 ne face s\u0103 ne simtim mai vii, \u00eembun\u0103t\u0103\u0163e\u015fte capacitatea noastr\u0103 de a comunica cu al\u0163ii \u015fi aduce calitate vie\u0163ii noastre.<\/p>\n","protected":false},"excerpt":{"rendered":"<p><strong>\u00a0<\/strong><\/p>\n<p>&nbsp;<\/p>\n","protected":false},"featured_media":1815,"template":"","meta":[],"product_brand":[],"product_cat":[48],"product_tag":[],"class_list":{"0":"post-1812","1":"product","2":"type-product","3":"status-publish","4":"has-post-thumbnail","6":"product_cat-esente-de-animale-europene","7":"pa_size-15ml","8":"pa_size-30ml","10":"first","11":"instock","12":"shipping-taxable","13":"purchasable","14":"product-type-variable","15":"has-default-attributes"},"_links":{"self":[{"href":"https:\/\/esentevibrationale.com\/index.php?rest_route=\/wp\/v2\/product\/1812","targetHints":{"allow":["GET"]}}],"collection":[{"href":"https:\/\/esentevibrationale.com\/index.php?rest_route=\/wp\/v2\/product"}],"about":[{"href":"https:\/\/esentevibrationale.com\/index.php?rest_route=\/wp\/v2\/types\/product"}],"wp:featuredmedia":[{"embeddable":true,"href":"https:\/\/esentevibrationale.com\/index.php?rest_route=\/wp\/v2\/media\/1815"}],"wp:attachment":[{"href":"https:\/\/esentevibrationale.com\/index.php?rest_route=%2Fwp%2Fv2%2Fmedia&parent=1812"}],"wp:term":[{"taxonomy":"product_brand","embeddable":true,"href":"https:\/\/esentevibrationale.com\/index.php?rest_route=%2Fwp%2Fv2%2Fproduct_brand&post=1812"},{"taxonomy":"product_cat","embeddable":true,"href":"https:\/\/esentevibrationale.com\/index.php?rest_route=%2Fwp%2Fv2%2Fproduct_cat&post=1812"},{"taxonomy":"product_tag","embeddable":true,"href":"https:\/\/esentevibrationale.com\/index.php?rest_route=%2Fwp%2Fv2%2Fproduct_tag&post=1812"}],"curies":[{"name":"wp","href":"https:\/\/api.w.org\/{rel}","templated":true}]}}