{"id":1820,"date":"2018-11-19T10:03:39","date_gmt":"2018-11-19T09:03:39","guid":{"rendered":"https:\/\/phiessences.com\/Romania\/?post_type=product&#038;p=1820"},"modified":"2026-01-02T15:59:27","modified_gmt":"2026-01-02T13:59:27","slug":"hawk-moth-molia-colibri","status":"publish","type":"product","link":"https:\/\/esentevibrationale.com\/?product=hawk-moth-molia-colibri","title":{"rendered":"Hawk Moth \/ Molia Colibri"},"content":{"rendered":"<p><strong>(Macroglossum stellatarum)<\/strong><\/p>\n<p>Aceast\u0103 esen\u0163\u0103 ne ajut\u0103 s\u0103 facem alegerile corecte \u015fi s\u0103 g\u0103sim calea corect\u0103. Ne re\u00eemprosp\u0103teaz\u0103 \u015fi ne ajut\u0103 s\u0103 ne eliber\u0103m pe noi \u00een\u015fine de situa\u0163iile dificile. Se rup modele emo\u0163ionale rigide.<\/p>\n","protected":false},"excerpt":{"rendered":"<p>(Macroglossum stellatarum) Aceast\u0103 esen\u0163\u0103 ne ajut\u0103 s\u0103 facem alegerile corecte \u015fi s\u0103 g\u0103sim calea corect\u0103. Ne re\u00eemprosp\u0103teaz\u0103 \u015fi ne ajut\u0103 s\u0103 ne eliber\u0103m pe noi \u00een\u015fine de situa\u0163iile dificile. Se rup modele emo\u0163ionale rigide.<\/p>\n","protected":false},"featured_media":1823,"template":"","meta":[],"product_brand":[],"product_cat":[48],"product_tag":[],"class_list":{"0":"post-1820","1":"product","2":"type-product","3":"status-publish","4":"has-post-thumbnail","6":"product_cat-esente-de-animale-europene","7":"pa_size-15ml","8":"pa_size-30ml","10":"first","11":"instock","12":"shipping-taxable","13":"purchasable","14":"product-type-variable","15":"has-default-attributes"},"_links":{"self":[{"href":"https:\/\/esentevibrationale.com\/index.php?rest_route=\/wp\/v2\/product\/1820","targetHints":{"allow":["GET"]}}],"collection":[{"href":"https:\/\/esentevibrationale.com\/index.php?rest_route=\/wp\/v2\/product"}],"about":[{"href":"https:\/\/esentevibrationale.com\/index.php?rest_route=\/wp\/v2\/types\/product"}],"wp:featuredmedia":[{"embeddable":true,"href":"https:\/\/esentevibrationale.com\/index.php?rest_route=\/wp\/v2\/media\/1823"}],"wp:attachment":[{"href":"https:\/\/esentevibrationale.com\/index.php?rest_route=%2Fwp%2Fv2%2Fmedia&parent=1820"}],"wp:term":[{"taxonomy":"product_brand","embeddable":true,"href":"https:\/\/esentevibrationale.com\/index.php?rest_route=%2Fwp%2Fv2%2Fproduct_brand&post=1820"},{"taxonomy":"product_cat","embeddable":true,"href":"https:\/\/esentevibrationale.com\/index.php?rest_route=%2Fwp%2Fv2%2Fproduct_cat&post=1820"},{"taxonomy":"product_tag","embeddable":true,"href":"https:\/\/esentevibrationale.com\/index.php?rest_route=%2Fwp%2Fv2%2Fproduct_tag&post=1820"}],"curies":[{"name":"wp","href":"https:\/\/api.w.org\/{rel}","templated":true}]}}