{"id":1824,"date":"2018-11-19T10:06:49","date_gmt":"2018-11-19T09:06:49","guid":{"rendered":"https:\/\/phiessences.com\/Romania\/?post_type=product&#038;p=1824"},"modified":"2026-01-02T16:02:21","modified_gmt":"2026-01-02T14:02:21","slug":"peacock-paun","status":"publish","type":"product","link":"https:\/\/esentevibrationale.com\/?product=peacock-paun","title":{"rendered":"Peacock \/ P\u0103un"},"content":{"rendered":"<p><strong>(Argusianus argus) <\/strong><\/p>\n<p>Destinat\u0103 pentru cei care nu se pot accepta pe ei \u00een\u0219i\u0219i a\u0219a cum sunt, aceast\u0103 esen\u021b\u0103 stimuleaz\u0103 frumuse\u021bea noastr\u0103 interioar\u0103 s\u0103 str\u0103luceasc\u0103 \u0219i aduce cu ea sentimentele de sinceritate, demnitate \u0219i respectul de sine. Restabile\u0219te pofta noastr\u0103 de via\u021b\u0103, a\u0219a cum ar trebui s\u0103 tr\u0103im, ne ajut\u0103 s\u0103 recunoa\u0219tem faptul c\u0103 merit\u0103m.<\/p>\n","protected":false},"excerpt":{"rendered":"<p>(Argusianus argus) Destinat\u0103 pentru cei care nu se pot accepta pe ei \u00een\u0219i\u0219i a\u0219a cum sunt, aceast\u0103 esen\u021b\u0103 stimuleaz\u0103 frumuse\u021bea noastr\u0103 interioar\u0103 s\u0103 str\u0103luceasc\u0103 \u0219i aduce cu ea sentimentele de sinceritate, demnitate \u0219i respectul de sine. Restabile\u0219te pofta noastr\u0103 de via\u021b\u0103, a\u0219a cum ar trebui s\u0103 tr\u0103im, ne ajut\u0103 s\u0103 recunoa\u0219tem faptul c\u0103 merit\u0103m.<\/p>\n","protected":false},"featured_media":1827,"template":"","meta":[],"product_brand":[],"product_cat":[48],"product_tag":[],"class_list":{"0":"post-1824","1":"product","2":"type-product","3":"status-publish","4":"has-post-thumbnail","6":"product_cat-esente-de-animale-europene","7":"pa_size-15ml","8":"pa_size-30ml","10":"first","11":"instock","12":"shipping-taxable","13":"purchasable","14":"product-type-variable","15":"has-default-attributes"},"_links":{"self":[{"href":"https:\/\/esentevibrationale.com\/index.php?rest_route=\/wp\/v2\/product\/1824","targetHints":{"allow":["GET"]}}],"collection":[{"href":"https:\/\/esentevibrationale.com\/index.php?rest_route=\/wp\/v2\/product"}],"about":[{"href":"https:\/\/esentevibrationale.com\/index.php?rest_route=\/wp\/v2\/types\/product"}],"wp:featuredmedia":[{"embeddable":true,"href":"https:\/\/esentevibrationale.com\/index.php?rest_route=\/wp\/v2\/media\/1827"}],"wp:attachment":[{"href":"https:\/\/esentevibrationale.com\/index.php?rest_route=%2Fwp%2Fv2%2Fmedia&parent=1824"}],"wp:term":[{"taxonomy":"product_brand","embeddable":true,"href":"https:\/\/esentevibrationale.com\/index.php?rest_route=%2Fwp%2Fv2%2Fproduct_brand&post=1824"},{"taxonomy":"product_cat","embeddable":true,"href":"https:\/\/esentevibrationale.com\/index.php?rest_route=%2Fwp%2Fv2%2Fproduct_cat&post=1824"},{"taxonomy":"product_tag","embeddable":true,"href":"https:\/\/esentevibrationale.com\/index.php?rest_route=%2Fwp%2Fv2%2Fproduct_tag&post=1824"}],"curies":[{"name":"wp","href":"https:\/\/api.w.org\/{rel}","templated":true}]}}