{"id":1828,"date":"2018-11-19T10:11:38","date_gmt":"2018-11-19T09:11:38","guid":{"rendered":"https:\/\/phiessences.com\/Romania\/?post_type=product&#038;p=1828"},"modified":"2026-01-02T16:00:11","modified_gmt":"2026-01-02T14:00:11","slug":"horse-cal","status":"publish","type":"product","link":"https:\/\/esentevibrationale.com\/?product=horse-cal","title":{"rendered":"Horse \/ Cal"},"content":{"rendered":"<p><strong>(Ecvidee) <\/strong><\/p>\n<p>Transmite sentimente de libertate, de expansiune, \u00eencurajeaz\u0103 flexibilitatea \u015fi abilit\u0103\u0163ile noastre. Esen\u0163a \u00eei poate ajuta pe toti aceea care se simt limita\u0163i sau \u00eenghesui\u0163i, at\u00e2t fizic \u015fi mental. Ne ajut\u0103 s\u0103 ne reconect\u0103m cu dragostea noastr\u0103 de &#8222;Aer liber&#8221; \u015fi cu frumuse\u0163ea naturii.<\/p>\n","protected":false},"excerpt":{"rendered":"<p>(Ecvidee) Transmite sentimente de libertate, de expansiune, \u00eencurajeaz\u0103 flexibilitatea \u015fi abilit\u0103\u0163ile noastre. Esen\u0163a \u00eei poate ajuta pe toti aceea care se simt limita\u0163i sau \u00eenghesui\u0163i, at\u00e2t fizic \u015fi mental. Ne ajut\u0103 s\u0103 ne reconect\u0103m cu dragostea noastr\u0103 de &#8222;Aer liber&#8221; \u015fi cu frumuse\u0163ea naturii.<\/p>\n","protected":false},"featured_media":1832,"template":"","meta":[],"product_brand":[],"product_cat":[48],"product_tag":[],"class_list":{"0":"post-1828","1":"product","2":"type-product","3":"status-publish","4":"has-post-thumbnail","6":"product_cat-esente-de-animale-europene","7":"pa_size-15ml","8":"pa_size-30ml","10":"first","11":"instock","12":"shipping-taxable","13":"purchasable","14":"product-type-variable","15":"has-default-attributes"},"_links":{"self":[{"href":"https:\/\/esentevibrationale.com\/index.php?rest_route=\/wp\/v2\/product\/1828","targetHints":{"allow":["GET"]}}],"collection":[{"href":"https:\/\/esentevibrationale.com\/index.php?rest_route=\/wp\/v2\/product"}],"about":[{"href":"https:\/\/esentevibrationale.com\/index.php?rest_route=\/wp\/v2\/types\/product"}],"wp:featuredmedia":[{"embeddable":true,"href":"https:\/\/esentevibrationale.com\/index.php?rest_route=\/wp\/v2\/media\/1832"}],"wp:attachment":[{"href":"https:\/\/esentevibrationale.com\/index.php?rest_route=%2Fwp%2Fv2%2Fmedia&parent=1828"}],"wp:term":[{"taxonomy":"product_brand","embeddable":true,"href":"https:\/\/esentevibrationale.com\/index.php?rest_route=%2Fwp%2Fv2%2Fproduct_brand&post=1828"},{"taxonomy":"product_cat","embeddable":true,"href":"https:\/\/esentevibrationale.com\/index.php?rest_route=%2Fwp%2Fv2%2Fproduct_cat&post=1828"},{"taxonomy":"product_tag","embeddable":true,"href":"https:\/\/esentevibrationale.com\/index.php?rest_route=%2Fwp%2Fv2%2Fproduct_tag&post=1828"}],"curies":[{"name":"wp","href":"https:\/\/api.w.org\/{rel}","templated":true}]}}