{"id":1833,"date":"2018-11-19T10:14:26","date_gmt":"2018-11-19T09:14:26","guid":{"rendered":"https:\/\/phiessences.com\/Romania\/?post_type=product&#038;p=1833"},"modified":"2026-01-02T15:46:57","modified_gmt":"2026-01-02T13:46:57","slug":"deer-caprioara","status":"publish","type":"product","link":"https:\/\/esentevibrationale.com\/?product=deer-caprioara","title":{"rendered":"Deer \/ C\u0103prioara"},"content":{"rendered":"<p><strong>(Careolus capreolus) <\/strong><\/p>\n<p>Ne aduce modestie \u015fi smerenie, atunci c\u00e2nd suntem prea \u00eenf\u0103\u015fura\u0163i \u00een problemele noastre. Ne ajut\u0103 s\u0103 d\u0103m drumul trecutului \u015fi cre\u015fte \u00eencrederea noastr\u0103, \u00een ceea ce ne va aduce viitorul.<\/p>\n","protected":false},"excerpt":{"rendered":"<p>(Careolus capreolus) Ne aduce modestie \u015fi smerenie, atunci c\u00e2nd suntem prea \u00eenf\u0103\u015fura\u0163i \u00een problemele noastre. Ne ajut\u0103 s\u0103 d\u0103m drumul trecutului \u015fi cre\u015fte \u00eencrederea noastr\u0103, \u00een ceea ce ne va aduce viitorul.<\/p>\n","protected":false},"featured_media":1834,"template":"","meta":[],"product_brand":[],"product_cat":[48],"product_tag":[],"class_list":{"0":"post-1833","1":"product","2":"type-product","3":"status-publish","4":"has-post-thumbnail","6":"product_cat-esente-de-animale-europene","7":"pa_size-15ml","8":"pa_size-30ml","10":"first","11":"instock","12":"shipping-taxable","13":"purchasable","14":"product-type-variable","15":"has-default-attributes"},"_links":{"self":[{"href":"https:\/\/esentevibrationale.com\/index.php?rest_route=\/wp\/v2\/product\/1833","targetHints":{"allow":["GET"]}}],"collection":[{"href":"https:\/\/esentevibrationale.com\/index.php?rest_route=\/wp\/v2\/product"}],"about":[{"href":"https:\/\/esentevibrationale.com\/index.php?rest_route=\/wp\/v2\/types\/product"}],"wp:featuredmedia":[{"embeddable":true,"href":"https:\/\/esentevibrationale.com\/index.php?rest_route=\/wp\/v2\/media\/1834"}],"wp:attachment":[{"href":"https:\/\/esentevibrationale.com\/index.php?rest_route=%2Fwp%2Fv2%2Fmedia&parent=1833"}],"wp:term":[{"taxonomy":"product_brand","embeddable":true,"href":"https:\/\/esentevibrationale.com\/index.php?rest_route=%2Fwp%2Fv2%2Fproduct_brand&post=1833"},{"taxonomy":"product_cat","embeddable":true,"href":"https:\/\/esentevibrationale.com\/index.php?rest_route=%2Fwp%2Fv2%2Fproduct_cat&post=1833"},{"taxonomy":"product_tag","embeddable":true,"href":"https:\/\/esentevibrationale.com\/index.php?rest_route=%2Fwp%2Fv2%2Fproduct_tag&post=1833"}],"curies":[{"name":"wp","href":"https:\/\/api.w.org\/{rel}","templated":true}]}}