{"id":1835,"date":"2018-11-19T10:25:54","date_gmt":"2018-11-19T09:25:54","guid":{"rendered":"https:\/\/phiessences.com\/Romania\/?post_type=product&#038;p=1835"},"modified":"2026-01-02T15:46:08","modified_gmt":"2026-01-02T13:46:08","slug":"cow-vaca","status":"publish","type":"product","link":"https:\/\/esentevibrationale.com\/?product=cow-vaca","title":{"rendered":"Cow \/ Vaca"},"content":{"rendered":"<p><strong>\u00a0(Bos primigenius f. taurus)<\/strong><\/p>\n<p>Aceast\u0103 esen\u021b\u0103 creeaz\u0103 o leg\u0103tur\u0103 \u00eentre fiin\u021bele umane \u0219i regnul animal, \u00een timp ce consolideaz\u0103 sentimentele de cooperare pa\u0219nic\u0103 \u0219i \u00eencrederea de sine. Potrivit\u0103 pentru cei care lucreaz\u0103 cu animale \u0219i \u00cen special pentru cineva care mai lipsi\u021bi de griji \u0219i s\u0103 avem \u00eencredere c\u0103 lucrurile vor fi bine, chiar dac\u0103 nu se \u00eengrijoreaz\u0103 excesiv. Relaxeaz\u0103 tensiunile interioare, permi\u021b\u00e2ndu-ne s\u0103 fim vedem \u00eenc\u0103 care este scopul<\/p>\n","protected":false},"excerpt":{"rendered":"<p>\u00a0(Bos primigenius f. taurus) Aceast\u0103 esen\u021b\u0103 creeaz\u0103 o leg\u0103tur\u0103 \u00eentre fiin\u021bele umane \u0219i regnul animal, \u00een timp ce consolideaz\u0103 sentimentele de cooperare pa\u0219nic\u0103 \u0219i \u00eencrederea de sine. Potrivit\u0103 pentru cei care lucreaz\u0103 cu animale \u0219i \u00cen special pentru cineva care mai lipsi\u021bi de griji \u0219i s\u0103 avem \u00eencredere c\u0103 lucrurile vor fi bine, chiar dac\u0103 &hellip; <a href=\"https:\/\/esentevibrationale.com\/?product=cow-vaca\" class=\"more-link\">Continu\u0103 lectura <span class=\"screen-reader-text\">Cow \/ Vaca<\/span> <span class=\"meta-nav\">&rarr;<\/span><\/a><\/p>\n","protected":false},"featured_media":1838,"template":"","meta":[],"product_brand":[],"product_cat":[48],"product_tag":[],"class_list":{"0":"post-1835","1":"product","2":"type-product","3":"status-publish","4":"has-post-thumbnail","6":"product_cat-esente-de-animale-europene","7":"pa_size-15ml","8":"pa_size-30ml","10":"first","11":"instock","12":"shipping-taxable","13":"purchasable","14":"product-type-variable","15":"has-default-attributes"},"_links":{"self":[{"href":"https:\/\/esentevibrationale.com\/index.php?rest_route=\/wp\/v2\/product\/1835","targetHints":{"allow":["GET"]}}],"collection":[{"href":"https:\/\/esentevibrationale.com\/index.php?rest_route=\/wp\/v2\/product"}],"about":[{"href":"https:\/\/esentevibrationale.com\/index.php?rest_route=\/wp\/v2\/types\/product"}],"wp:featuredmedia":[{"embeddable":true,"href":"https:\/\/esentevibrationale.com\/index.php?rest_route=\/wp\/v2\/media\/1838"}],"wp:attachment":[{"href":"https:\/\/esentevibrationale.com\/index.php?rest_route=%2Fwp%2Fv2%2Fmedia&parent=1835"}],"wp:term":[{"taxonomy":"product_brand","embeddable":true,"href":"https:\/\/esentevibrationale.com\/index.php?rest_route=%2Fwp%2Fv2%2Fproduct_brand&post=1835"},{"taxonomy":"product_cat","embeddable":true,"href":"https:\/\/esentevibrationale.com\/index.php?rest_route=%2Fwp%2Fv2%2Fproduct_cat&post=1835"},{"taxonomy":"product_tag","embeddable":true,"href":"https:\/\/esentevibrationale.com\/index.php?rest_route=%2Fwp%2Fv2%2Fproduct_tag&post=1835"}],"curies":[{"name":"wp","href":"https:\/\/api.w.org\/{rel}","templated":true}]}}