{"id":1839,"date":"2018-11-19T10:30:26","date_gmt":"2018-11-19T09:30:26","guid":{"rendered":"https:\/\/phiessences.com\/Romania\/?post_type=product&#038;p=1839"},"modified":"2026-01-02T16:09:39","modified_gmt":"2026-01-02T14:09:39","slug":"sheep-oaia","status":"publish","type":"product","link":"https:\/\/esentevibrationale.com\/?product=sheep-oaia","title":{"rendered":"Sheep \/ Oaia"},"content":{"rendered":"<p><strong>(Ovis ammon f. aries)<\/strong><\/p>\n<p>Aceast\u01ce esen\u0163\u0103 \u00eei ajut\u0103 pe oamenii care au nevoie s\u0103 dezvolte mai mult\u0103 flexibilitate, compasiune \u015fi capacitatea de a lua \u00een considerare, at\u00e2t nevoile altora, c\u00e2t \u015fi dorin\u0163ele lor. Ajut\u0103 s\u0103 l\u0103rgeasc\u0103 perspectiva, atunci c\u00e2nd am devenit prea ata\u015fa\u0163i de o solu\u0163ie, pentru o situa\u0163ie sau un proiect.<\/p>\n","protected":false},"excerpt":{"rendered":"<p>(Ovis ammon f. aries) Aceast\u01ce esen\u0163\u0103 \u00eei ajut\u0103 pe oamenii care au nevoie s\u0103 dezvolte mai mult\u0103 flexibilitate, compasiune \u015fi capacitatea de a lua \u00een considerare, at\u00e2t nevoile altora, c\u00e2t \u015fi dorin\u0163ele lor. Ajut\u0103 s\u0103 l\u0103rgeasc\u0103 perspectiva, atunci c\u00e2nd am devenit prea ata\u015fa\u0163i de o solu\u0163ie, pentru o situa\u0163ie sau un proiect.<\/p>\n","protected":false},"featured_media":1842,"template":"","meta":[],"product_brand":[],"product_cat":[48],"product_tag":[],"class_list":{"0":"post-1839","1":"product","2":"type-product","3":"status-publish","4":"has-post-thumbnail","6":"product_cat-esente-de-animale-europene","7":"pa_size-15ml","8":"pa_size-30ml","10":"first","11":"instock","12":"shipping-taxable","13":"purchasable","14":"product-type-variable","15":"has-default-attributes"},"_links":{"self":[{"href":"https:\/\/esentevibrationale.com\/index.php?rest_route=\/wp\/v2\/product\/1839","targetHints":{"allow":["GET"]}}],"collection":[{"href":"https:\/\/esentevibrationale.com\/index.php?rest_route=\/wp\/v2\/product"}],"about":[{"href":"https:\/\/esentevibrationale.com\/index.php?rest_route=\/wp\/v2\/types\/product"}],"wp:featuredmedia":[{"embeddable":true,"href":"https:\/\/esentevibrationale.com\/index.php?rest_route=\/wp\/v2\/media\/1842"}],"wp:attachment":[{"href":"https:\/\/esentevibrationale.com\/index.php?rest_route=%2Fwp%2Fv2%2Fmedia&parent=1839"}],"wp:term":[{"taxonomy":"product_brand","embeddable":true,"href":"https:\/\/esentevibrationale.com\/index.php?rest_route=%2Fwp%2Fv2%2Fproduct_brand&post=1839"},{"taxonomy":"product_cat","embeddable":true,"href":"https:\/\/esentevibrationale.com\/index.php?rest_route=%2Fwp%2Fv2%2Fproduct_cat&post=1839"},{"taxonomy":"product_tag","embeddable":true,"href":"https:\/\/esentevibrationale.com\/index.php?rest_route=%2Fwp%2Fv2%2Fproduct_tag&post=1839"}],"curies":[{"name":"wp","href":"https:\/\/api.w.org\/{rel}","templated":true}]}}