{"id":1843,"date":"2018-11-19T10:36:46","date_gmt":"2018-11-19T09:36:46","guid":{"rendered":"https:\/\/phiessences.com\/Romania\/?post_type=product&#038;p=1843"},"modified":"2026-01-02T15:45:25","modified_gmt":"2026-01-02T13:45:25","slug":"1843","status":"publish","type":"product","link":"https:\/\/esentevibrationale.com\/?product=1843","title":{"rendered":"Butterfly \/ Fluture"},"content":{"rendered":"<p><strong>(Nymphalis urticae)<\/strong><\/p>\n<p>Ne ajut\u0103 s\u0103 accept\u01cem cine suntem \u015fi s\u0103 ne eliber\u0103m de limitele auto-impuse \u00een vremurile de criz\u0103. Aceast\u0103 esen\u0163\u0103 elibereaz\u01ce sufletul nostru, astfel ne transform\u0103m pe noi \u00een\u015fine \u015fi recunoa\u015ftem poten\u0163ialul nostru adev\u0103rat.<\/p>\n","protected":false},"excerpt":{"rendered":"<p>&nbsp;<\/p>\n<p>&nbsp;<\/p>\n","protected":false},"featured_media":1844,"template":"","meta":[],"product_brand":[],"product_cat":[48],"product_tag":[],"class_list":{"0":"post-1843","1":"product","2":"type-product","3":"status-publish","4":"has-post-thumbnail","6":"product_cat-esente-de-animale-europene","7":"pa_size-15ml","8":"pa_size-30ml","10":"first","11":"instock","12":"shipping-taxable","13":"purchasable","14":"product-type-variable","15":"has-default-attributes"},"_links":{"self":[{"href":"https:\/\/esentevibrationale.com\/index.php?rest_route=\/wp\/v2\/product\/1843","targetHints":{"allow":["GET"]}}],"collection":[{"href":"https:\/\/esentevibrationale.com\/index.php?rest_route=\/wp\/v2\/product"}],"about":[{"href":"https:\/\/esentevibrationale.com\/index.php?rest_route=\/wp\/v2\/types\/product"}],"wp:featuredmedia":[{"embeddable":true,"href":"https:\/\/esentevibrationale.com\/index.php?rest_route=\/wp\/v2\/media\/1844"}],"wp:attachment":[{"href":"https:\/\/esentevibrationale.com\/index.php?rest_route=%2Fwp%2Fv2%2Fmedia&parent=1843"}],"wp:term":[{"taxonomy":"product_brand","embeddable":true,"href":"https:\/\/esentevibrationale.com\/index.php?rest_route=%2Fwp%2Fv2%2Fproduct_brand&post=1843"},{"taxonomy":"product_cat","embeddable":true,"href":"https:\/\/esentevibrationale.com\/index.php?rest_route=%2Fwp%2Fv2%2Fproduct_cat&post=1843"},{"taxonomy":"product_tag","embeddable":true,"href":"https:\/\/esentevibrationale.com\/index.php?rest_route=%2Fwp%2Fv2%2Fproduct_tag&post=1843"}],"curies":[{"name":"wp","href":"https:\/\/api.w.org\/{rel}","templated":true}]}}