{"id":1847,"date":"2018-11-19T10:43:23","date_gmt":"2018-11-19T09:43:23","guid":{"rendered":"https:\/\/phiessences.com\/Romania\/?post_type=product&#038;p=1847"},"modified":"2026-01-02T16:12:26","modified_gmt":"2026-01-02T14:12:26","slug":"swan-lebada","status":"publish","type":"product","link":"https:\/\/esentevibrationale.com\/?product=swan-lebada","title":{"rendered":"Swan \/ Leb\u0103da"},"content":{"rendered":"<p><strong>(Cygnus olor) <\/strong><\/p>\n<p>Reface adev\u01cerata noastr\u0103 frumuse\u0163e interioar\u0103, armonizeaz\u01ce emo\u0163iile noastre \u015fi ne elibereaz\u01ce de fric\u0103. Poate ajut\u0103 persoanele smerite, cu angoase, cu anxietate, profund nelini\u015fte, sau cui \u00eei este fric\u0103 de via\u0163\u0103. Aceast\u0103 esen\u0163\u0103 \u015fi vibra\u0163iile sale relaxante \u015fi pl\u0103cute promoveaz\u0103 acordul \u0219i armonia \u00eentre oameni, at\u00e2t \u00een rela\u0163iile intime c\u00e2t \u015fi \u00een grupurile sociale.<\/p>\n","protected":false},"excerpt":{"rendered":"<p>(Cygnus olor) Reface adev\u01cerata noastr\u0103 frumuse\u0163e interioar\u0103, armonizeaz\u01ce emo\u0163iile noastre \u015fi ne elibereaz\u01ce de fric\u0103. Poate ajut\u0103 persoanele smerite, cu angoase, cu anxietate, profund nelini\u015fte, sau cui \u00eei este fric\u0103 de via\u0163\u0103. Aceast\u0103 esen\u0163\u0103 \u015fi vibra\u0163iile sale relaxante \u015fi pl\u0103cute promoveaz\u0103 acordul \u0219i armonia \u00eentre oameni, at\u00e2t \u00een rela\u0163iile intime c\u00e2t \u015fi \u00een grupurile sociale.<\/p>\n","protected":false},"featured_media":1850,"template":"","meta":[],"product_brand":[],"product_cat":[48],"product_tag":[],"class_list":{"0":"post-1847","1":"product","2":"type-product","3":"status-publish","4":"has-post-thumbnail","6":"product_cat-esente-de-animale-europene","7":"pa_size-15ml","8":"pa_size-30ml","10":"first","11":"instock","12":"shipping-taxable","13":"purchasable","14":"product-type-variable","15":"has-default-attributes"},"_links":{"self":[{"href":"https:\/\/esentevibrationale.com\/index.php?rest_route=\/wp\/v2\/product\/1847","targetHints":{"allow":["GET"]}}],"collection":[{"href":"https:\/\/esentevibrationale.com\/index.php?rest_route=\/wp\/v2\/product"}],"about":[{"href":"https:\/\/esentevibrationale.com\/index.php?rest_route=\/wp\/v2\/types\/product"}],"wp:featuredmedia":[{"embeddable":true,"href":"https:\/\/esentevibrationale.com\/index.php?rest_route=\/wp\/v2\/media\/1850"}],"wp:attachment":[{"href":"https:\/\/esentevibrationale.com\/index.php?rest_route=%2Fwp%2Fv2%2Fmedia&parent=1847"}],"wp:term":[{"taxonomy":"product_brand","embeddable":true,"href":"https:\/\/esentevibrationale.com\/index.php?rest_route=%2Fwp%2Fv2%2Fproduct_brand&post=1847"},{"taxonomy":"product_cat","embeddable":true,"href":"https:\/\/esentevibrationale.com\/index.php?rest_route=%2Fwp%2Fv2%2Fproduct_cat&post=1847"},{"taxonomy":"product_tag","embeddable":true,"href":"https:\/\/esentevibrationale.com\/index.php?rest_route=%2Fwp%2Fv2%2Fproduct_tag&post=1847"}],"curies":[{"name":"wp","href":"https:\/\/api.w.org\/{rel}","templated":true}]}}