{"id":1851,"date":"2018-11-19T10:50:20","date_gmt":"2018-11-19T09:50:20","guid":{"rendered":"https:\/\/phiessences.com\/Romania\/?post_type=product&#038;p=1851"},"modified":"2026-01-02T16:07:39","modified_gmt":"2026-01-02T14:07:39","slug":"seal-foca","status":"publish","type":"product","link":"https:\/\/esentevibrationale.com\/?product=seal-foca","title":{"rendered":"Seal \/ Foca"},"content":{"rendered":"<p><strong>(Photo vitulina) <\/strong><\/p>\n<p>Ne ajut\u0103 s\u0103 alunec\u0103m prin via\u0163\u0103 ca o foc\u0103 prin ap\u0103; scade rezisten\u0163a noastr\u0103 la schimbare \u015fi ne ajut\u0103 s\u0103 ne redescoperim partea noastr\u0103 juc\u0103u\u015f\u0103. Potrivit\u0103 pentru cei care nu \u015fi-au dezvoltat poten\u0163ialul lor deplin \u015fi care se simt bloca\u0163i de obstacole. Ne elibereaz\u0103 de triste\u0163e \u015fi fric\u0103, \u00eentruc\u00e2t se restabile\u015fte o poft\u0103 juc\u0103u\u015f\u0103 de via\u0163\u0103, \u00een ciuda tuturor problemelor grave, pe care trebuie s\u0103 le \u00eenfrunt\u0103m.<\/p>\n","protected":false},"excerpt":{"rendered":"<p>(Photo vitulina) Ne ajut\u0103 s\u0103 alunec\u0103m prin via\u0163\u0103 ca o foc\u0103 prin ap\u0103; scade rezisten\u0163a noastr\u0103 la schimbare \u015fi ne ajut\u0103 s\u0103 ne redescoperim partea noastr\u0103 juc\u0103u\u015f\u0103. Potrivit\u0103 pentru cei care nu \u015fi-au dezvoltat poten\u0163ialul lor deplin \u015fi care se simt bloca\u0163i de obstacole. Ne elibereaz\u0103 de triste\u0163e \u015fi fric\u0103, \u00eentruc\u00e2t se restabile\u015fte o poft\u0103 &hellip; <a href=\"https:\/\/esentevibrationale.com\/?product=seal-foca\" class=\"more-link\">Continu\u0103 lectura <span class=\"screen-reader-text\">Seal \/ Foca<\/span> <span class=\"meta-nav\">&rarr;<\/span><\/a><\/p>\n","protected":false},"featured_media":1854,"template":"","meta":[],"product_brand":[],"product_cat":[48],"product_tag":[],"class_list":{"0":"post-1851","1":"product","2":"type-product","3":"status-publish","4":"has-post-thumbnail","6":"product_cat-esente-de-animale-europene","7":"pa_size-15ml","8":"pa_size-30ml","10":"first","11":"instock","12":"shipping-taxable","13":"purchasable","14":"product-type-variable","15":"has-default-attributes"},"_links":{"self":[{"href":"https:\/\/esentevibrationale.com\/index.php?rest_route=\/wp\/v2\/product\/1851","targetHints":{"allow":["GET"]}}],"collection":[{"href":"https:\/\/esentevibrationale.com\/index.php?rest_route=\/wp\/v2\/product"}],"about":[{"href":"https:\/\/esentevibrationale.com\/index.php?rest_route=\/wp\/v2\/types\/product"}],"wp:featuredmedia":[{"embeddable":true,"href":"https:\/\/esentevibrationale.com\/index.php?rest_route=\/wp\/v2\/media\/1854"}],"wp:attachment":[{"href":"https:\/\/esentevibrationale.com\/index.php?rest_route=%2Fwp%2Fv2%2Fmedia&parent=1851"}],"wp:term":[{"taxonomy":"product_brand","embeddable":true,"href":"https:\/\/esentevibrationale.com\/index.php?rest_route=%2Fwp%2Fv2%2Fproduct_brand&post=1851"},{"taxonomy":"product_cat","embeddable":true,"href":"https:\/\/esentevibrationale.com\/index.php?rest_route=%2Fwp%2Fv2%2Fproduct_cat&post=1851"},{"taxonomy":"product_tag","embeddable":true,"href":"https:\/\/esentevibrationale.com\/index.php?rest_route=%2Fwp%2Fv2%2Fproduct_tag&post=1851"}],"curies":[{"name":"wp","href":"https:\/\/api.w.org\/{rel}","templated":true}]}}