{"id":1855,"date":"2018-11-19T10:54:50","date_gmt":"2018-11-19T09:54:50","guid":{"rendered":"https:\/\/phiessences.com\/Romania\/?post_type=product&#038;p=1855"},"modified":"2026-01-02T16:10:25","modified_gmt":"2026-01-02T14:10:25","slug":"spider-paianjen","status":"publish","type":"product","link":"https:\/\/esentevibrationale.com\/?product=spider-paianjen","title":{"rendered":"Spider \/ P\u0103ianjen"},"content":{"rendered":"<p><strong>(Araneus diadematus) <\/strong><\/p>\n<p>Ne permite s\u0103 vedem propriile noastre dorin\u0163e \u015fi nevoi personale \u015fi cele ale oamenilor din jurul nostru mai bine. De asemenea, ne ajut\u0103 s\u0103 ne eliber\u0103m de ideile preconcepute, astfel \u00eenc\u00e2t putem coopera cu al\u0163ii, \u00eentr-o atmosfer\u0103 de \u00eencredere \u015fi respect reciproc. Aceasta ne permite s\u0103 judec\u0103m mai precis c\u00e2t de aproape putem ajunge la al\u0163ii, \u00een familia noastr\u0103, la locul de munc\u0103, sau \u00eentr-un grup social, f\u0103r\u0103 s\u0103 \u00eei sufoc\u0103m. Aceast\u0103 capacitate \u00eent\u0103re\u015fte unitatea de grup, deoarece permitem ca rela\u0163iile s\u0103 se dezvolte \u00een mod natural, f\u0103r\u0103 obliga\u0163ii nejustificate sau a\u015ftept\u0103ri.<\/p>\n","protected":false},"excerpt":{"rendered":"<p>(Araneus diadematus) Ne permite s\u0103 vedem propriile noastre dorin\u0163e \u015fi nevoi personale \u015fi cele ale oamenilor din jurul nostru mai bine. De asemenea, ne ajut\u0103 s\u0103 ne eliber\u0103m de ideile preconcepute, astfel \u00eenc\u00e2t putem coopera cu al\u0163ii, \u00eentr-o atmosfer\u0103 de \u00eencredere \u015fi respect reciproc. Aceasta ne permite s\u0103 judec\u0103m mai precis c\u00e2t de aproape putem &hellip; <a href=\"https:\/\/esentevibrationale.com\/?product=spider-paianjen\" class=\"more-link\">Continu\u0103 lectura <span class=\"screen-reader-text\">Spider \/ P\u0103ianjen<\/span> <span class=\"meta-nav\">&rarr;<\/span><\/a><\/p>\n","protected":false},"featured_media":1858,"template":"","meta":[],"product_brand":[],"product_cat":[48],"product_tag":[],"class_list":{"0":"post-1855","1":"product","2":"type-product","3":"status-publish","4":"has-post-thumbnail","6":"product_cat-esente-de-animale-europene","7":"pa_size-15ml","8":"pa_size-30ml","10":"first","11":"instock","12":"shipping-taxable","13":"purchasable","14":"product-type-variable","15":"has-default-attributes"},"_links":{"self":[{"href":"https:\/\/esentevibrationale.com\/index.php?rest_route=\/wp\/v2\/product\/1855","targetHints":{"allow":["GET"]}}],"collection":[{"href":"https:\/\/esentevibrationale.com\/index.php?rest_route=\/wp\/v2\/product"}],"about":[{"href":"https:\/\/esentevibrationale.com\/index.php?rest_route=\/wp\/v2\/types\/product"}],"wp:featuredmedia":[{"embeddable":true,"href":"https:\/\/esentevibrationale.com\/index.php?rest_route=\/wp\/v2\/media\/1858"}],"wp:attachment":[{"href":"https:\/\/esentevibrationale.com\/index.php?rest_route=%2Fwp%2Fv2%2Fmedia&parent=1855"}],"wp:term":[{"taxonomy":"product_brand","embeddable":true,"href":"https:\/\/esentevibrationale.com\/index.php?rest_route=%2Fwp%2Fv2%2Fproduct_brand&post=1855"},{"taxonomy":"product_cat","embeddable":true,"href":"https:\/\/esentevibrationale.com\/index.php?rest_route=%2Fwp%2Fv2%2Fproduct_cat&post=1855"},{"taxonomy":"product_tag","embeddable":true,"href":"https:\/\/esentevibrationale.com\/index.php?rest_route=%2Fwp%2Fv2%2Fproduct_tag&post=1855"}],"curies":[{"name":"wp","href":"https:\/\/api.w.org\/{rel}","templated":true}]}}